{"id":6887,"date":"2023-07-13T02:15:52","date_gmt":"2023-07-12T23:15:52","guid":{"rendered":"https:\/\/frf20.com\/?page_id=6887"},"modified":"2023-09-12T21:04:10","modified_gmt":"2023-09-12T18:04:10","slug":"software-and-business-automation","status":"publish","type":"page","link":"https:\/\/frf20.com\/de\/homepage\/services\/software-und-geschaftsautomatisierung\/","title":{"rendered":"WhatsApp und Software-Automatisierung"},"content":{"rendered":"<div data-elementor-type=\"wp-page\" data-elementor-id=\"6887\" class=\"elementor elementor-6887\" data-elementor-post-type=\"page\">\n\t\t\t\t\t\t<section data-particle_enable=\"false\" data-particle-mobile-disabled=\"false\" class=\"elementor-section elementor-top-section elementor-element elementor-element-1f76c2e elementor-section-full_width elementor-section-height-min-height elementor-section-stretched elementor-section-height-default elementor-section-items-middle\" data-id=\"1f76c2e\" data-element_type=\"section\" data-settings=\"{&quot;stretch_section&quot;:&quot;section-stretched&quot;,&quot;background_background&quot;:&quot;gradient&quot;}\">\n\t\t\t\t\t\t<div class=\"elementor-container elementor-column-gap-no\">\n\t\t\t\t\t<div class=\"elementor-column elementor-col-100 elementor-top-column elementor-element elementor-element-8cf1ede\" data-id=\"8cf1ede\" data-element_type=\"column\">\n\t\t\t<div class=\"elementor-widget-wrap elementor-element-populated\">\n\t\t\t\t\t\t\t<\/div>\n\t\t<\/div>\n\t\t\t\t\t<\/div>\n\t\t<\/section>\n\t\t\t\t<section data-particle_enable=\"false\" data-particle-mobile-disabled=\"false\" class=\"elementor-section elementor-top-section elementor-element elementor-element-d5e58fc elementor-section-boxed elementor-section-height-default elementor-section-height-default\" data-id=\"d5e58fc\" data-element_type=\"section\">\n\t\t\t\t\t\t<div class=\"elementor-container elementor-column-gap-default\">\n\t\t\t\t\t<div class=\"elementor-column elementor-col-100 elementor-top-column elementor-element elementor-element-b409b22\" data-id=\"b409b22\" data-element_type=\"column\">\n\t\t\t<div class=\"elementor-widget-wrap elementor-element-populated\">\n\t\t\t\t\t\t<div class=\"elementor-element elementor-element-eca3da9 elementor-widget elementor-widget-video\" data-id=\"eca3da9\" data-element_type=\"widget\" data-settings=\"{&quot;youtube_url&quot;:&quot;https:\\\/\\\/www.youtube.com\\\/watch?v=d2gz-fiqTlo&quot;,&quot;start&quot;:1,&quot;loop&quot;:&quot;yes&quot;,&quot;lazy_load&quot;:&quot;yes&quot;,&quot;video_type&quot;:&quot;youtube&quot;,&quot;controls&quot;:&quot;yes&quot;}\" data-widget_type=\"video.default\">\n\t\t\t\t<div class=\"elementor-widget-container\">\n\t\t\t\t\t<style>.elementor-element-eca3da9{display:none !important}<\/style>\t\t\t\t<\/div>\n\t\t\t\t<\/div>\n\t\t\t\t<div class=\"elementor-element elementor-element-d99a8a2 elementor-widget elementor-widget-video\" data-id=\"d99a8a2\" data-element_type=\"widget\" data-settings=\"{&quot;youtube_url&quot;:&quot;https:\\\/\\\/youtu.be\\\/OmK3c8izE3s&quot;,&quot;start&quot;:1,&quot;loop&quot;:&quot;yes&quot;,&quot;lazy_load&quot;:&quot;yes&quot;,&quot;video_type&quot;:&quot;youtube&quot;,&quot;controls&quot;:&quot;yes&quot;}\" data-no-translation=\"\" data-widget_type=\"video.default\">\n\t\t\t\t<div class=\"elementor-widget-container\">\n\t\t\t\t\t\t\t<div class=\"elementor-wrapper elementor-open-inline\">\n\t\t\t<div class=\"elementor-video\"><\/div>\t\t<\/div>\n\t\t\t\t\t\t<\/div>\n\t\t\t\t<\/div>\n\t\t\t\t<div class=\"elementor-element elementor-element-9ccf803 elementor-widget elementor-widget-video\" data-id=\"9ccf803\" data-element_type=\"widget\" data-settings=\"{&quot;youtube_url&quot;:&quot;https:\\\/\\\/youtu.be\\\/244uM6fCYas&quot;,&quot;start&quot;:1,&quot;loop&quot;:&quot;yes&quot;,&quot;lazy_load&quot;:&quot;yes&quot;,&quot;video_type&quot;:&quot;youtube&quot;,&quot;controls&quot;:&quot;yes&quot;}\" data-no-translation=\"\" data-widget_type=\"video.default\">\n\t\t\t\t<div class=\"elementor-widget-container\">\n\t\t\t\t\t<style>.elementor-element-9ccf803{display:none !important}<\/style>\t\t\t\t<\/div>\n\t\t\t\t<\/div>\n\t\t\t\t<div class=\"elementor-element elementor-element-a07cd00 elementor-widget elementor-widget-video\" data-id=\"a07cd00\" data-element_type=\"widget\" data-settings=\"{&quot;youtube_url&quot;:&quot;https:\\\/\\\/youtu.be\\\/6IW1KlzAtsI&quot;,&quot;start&quot;:1,&quot;loop&quot;:&quot;yes&quot;,&quot;lazy_load&quot;:&quot;yes&quot;,&quot;video_type&quot;:&quot;youtube&quot;,&quot;controls&quot;:&quot;yes&quot;}\" data-no-translation=\"\" data-widget_type=\"video.default\">\n\t\t\t\t<div class=\"elementor-widget-container\">\n\t\t\t\t\t<style>.elementor-element-a07cd00{display:none !important}<\/style>\t\t\t\t<\/div>\n\t\t\t\t<\/div>\n\t\t\t\t<div class=\"elementor-element elementor-element-7051d25 elementor-widget elementor-widget-video\" data-id=\"7051d25\" data-element_type=\"widget\" data-settings=\"{&quot;youtube_url&quot;:&quot;https:\\\/\\\/youtu.be\\\/vcxydHBYKYI&quot;,&quot;start&quot;:1,&quot;loop&quot;:&quot;yes&quot;,&quot;lazy_load&quot;:&quot;yes&quot;,&quot;video_type&quot;:&quot;youtube&quot;,&quot;controls&quot;:&quot;yes&quot;}\" data-no-translation=\"\" data-widget_type=\"video.default\">\n\t\t\t\t<div class=\"elementor-widget-container\">\n\t\t\t\t\t<style>.elementor-element-7051d25{display:none !important}<\/style>\t\t\t\t<\/div>\n\t\t\t\t<\/div>\n\t\t\t\t\t<\/div>\n\t\t<\/div>\n\t\t\t\t\t<\/div>\n\t\t<\/section>\n\t\t\t\t<section data-particle_enable=\"false\" data-particle-mobile-disabled=\"false\" class=\"elementor-section elementor-top-section elementor-element elementor-element-9f337bd elementor-section-boxed elementor-section-height-default elementor-section-height-default\" data-id=\"9f337bd\" data-element_type=\"section\">\n\t\t\t\t\t\t<div class=\"elementor-container elementor-column-gap-default\">\n\t\t\t\t\t<div class=\"elementor-column elementor-col-100 elementor-top-column elementor-element elementor-element-e95832d\" data-id=\"e95832d\" data-element_type=\"column\">\n\t\t\t<div class=\"elementor-widget-wrap elementor-element-populated\">\n\t\t\t\t\t\t<div class=\"elementor-element elementor-element-71f57f0 elementor-widget elementor-widget-text-editor\" data-id=\"71f57f0\" data-element_type=\"widget\" data-widget_type=\"text-editor.default\">\n\t\t\t\t<div class=\"elementor-widget-container\">\n\t\t\t\t\t\t\t\t\t<ul><li>WhatsApp-Automatisierung<\/li><li>Softwareautomatisierung<\/li><li>Google Sheets-Automatisierung mit anderen Softwareprogrammen<\/li><li>Automatisierung der Dateneingabe <br \/><br \/><\/li><\/ul><h4>Welche Vorteile bietet unsere WhatsApp-Automatisierung f\u00fcr Ihr Unternehmen?<br \/><br \/><\/h4><p>\u00a0<\/p><ol><li>Mit Hilfe unserer modernen Al-Automatisierungstechnologie ist Ihr WhatsApp in der Lage, mehreren Kunden gleichzeitig zu antworten und \u00fcber 1000 Nachrichten in einer Minute zu versenden. Diese Effizienz entspricht der Arbeit von Hunderten von Mitarbeitern und spart Ihnen deren Geh\u00e4lter. <br \/><br \/><\/li><li>Unser KI-System filtert Ihre Kunden f\u00fcr Sie, indem es ihnen \u00fcber WhatsApp einige Fragen stellt. Es kann nicht seri\u00f6se Kunden ignorieren, w\u00e4hrend die Kontaktdaten seri\u00f6ser und wichtiger Kunden automatisch in Ihrer Cloud gespeichert werden. <br \/><br \/><\/li><li>Mithilfe unserer neuen KI-Technologie ist WhatsApp in der Lage, mit Ihrem Publikum auf menschen\u00e4hnliche Weise und nicht wie ein Bot zu kommunizieren. Es kann ihre Bed\u00fcrfnisse leicht verstehen, indem es jedes relevante Wort eintippt. <br \/><br \/><\/li><li>Mitarbeiter d\u00fcrfen nur w\u00e4hrend der Arbeitszeit auf Kunden antworten, aber unser automatisierter WhatsApp-Dienst ist rund um die Uhr f\u00fcr die Beantwortung Ihrer Kunden verf\u00fcgbar, auch zur Mittagszeit, an Feiertagen und um Mitternacht, wenn die Mitarbeiter schlafen. <br \/><br \/><\/li><li>Mithilfe unserer neuen AI-Technologie speichert und kategorisiert WhatsApp Ihre Daten pr\u00e4zise in Google Sheets, sodass Sie von \u00fcberall aus darauf zugreifen k\u00f6nnen. Dies wird auch dazu beitragen, menschliche Fehler zu vermeiden. <br \/><br \/><\/li><li>Zeitsparend: Mit der WhatsApp-Automatisierung k\u00f6nnen Sie Massennachrichten an eine gro\u00dfe Anzahl von Kontakten senden und so wertvolle Zeit sparen. <br \/><br \/><\/li><li>Personalisierung: Sie k\u00f6nnen automatisierte Nachrichten anpassen, indem Sie Variablen verwenden, um den Namen des Empf\u00e4ngers oder andere spezifische Informationen einzuschlie\u00dfen und so jedem Kontakt ein Gef\u00fchl der Personalisierung und Aufmerksamkeit zu verleihen. <br \/><br \/><\/li><li>Fehlerreduzierung: Die WhatsApp-Automatisierung eliminiert das Risiko menschlicher Fehler beim Versenden von Massennachrichten und stellt sicher, dass jede Nachricht korrekt und konsistent gesendet wird. <br \/><br \/><\/li><li>Verbessertes Engagement: Mit der WhatsApp-Automatisierung k\u00f6nnen Sie geplante Nachrichten f\u00fcr bestimmte Ereignisse, Erinnerungen oder Werbeangebote senden, was das Engagement der Benutzer steigern und sie zur Interaktion mit Ihrem Unternehmen ermutigen kann. <br \/><br \/><\/li><li>Tracking und Analyse: WhatsApp-Automatisierungstools bieten Tracking- und Analysefunktionen, um die Effektivit\u00e4t Ihrer Kampagnen, Nachrichten\u00f6ffnungsraten und Konversionsraten zu messen, sodass Sie Ihre Strategie entsprechend anpassen k\u00f6nnen. <br \/><br \/><\/li><li>Erh\u00f6hte Produktivit\u00e4t: Die WhatsApp-Automatisierung erm\u00f6glicht eine effiziente Verwaltung von Gespr\u00e4chen mithilfe vorab aufgezeichneter Antworten oder eines Chatbots, was eine schnelle Reaktion auf Kundenanfragen erm\u00f6glicht und die Gesamtproduktivit\u00e4t verbessert. <br \/><br \/><\/li><li>Kosteneinsparungen: Durch die Automatisierung von Kommunikationsprozessen auf WhatsApp k\u00f6nnen Sie die Kosten senken, die mit der Einstellung zus\u00e4tzlicher Mitarbeiter f\u00fcr die Verwaltung von Gespr\u00e4chen oder Marketingkampagnen verbunden sind. <br \/><br \/><\/li><li>Internationale WhatsApp-Weiterleitung: Um den Datenschutz zu gew\u00e4hrleisten und ein professionelles Image zu wahren, k\u00f6nnen Sie Ihre lokale WhatsApp-Nummer an Ihre Mitarbeiter in einem anderen Land weiterleiten und dabei deren pers\u00f6nliche Nummern verbergen. Auf diese Weise k\u00f6nnen Ihre Kunden nur die WhatsApp-Nummer Ihres Unternehmens sehen und mit ihr interagieren, was ein nahtloses Kommunikationserlebnis gew\u00e4hrleistet und gleichzeitig die Privatsph\u00e4re Ihrer Mitarbeiter sch\u00fctzt.<br \/><br \/><\/li><\/ol><p>Zusammenfassend l\u00e4sst sich sagen, dass die WhatsApp-Automatisierung viele Vorteile bietet, darunter Zeitersparnis, Nachrichtenpersonalisierung, Fehlerreduzierung, verbesserte Interaktion, Nachverfolgung und Analyse, h\u00f6here Produktivit\u00e4t und Kosteneinsparungen.<br \/><br \/><\/p><p>F\u00fcr weitere Informationen kontaktieren Sie uns bitte \u00fcber unsere WhatsApp-Nummer.<\/p>\t\t\t\t\t\t\t\t<\/div>\n\t\t\t\t<\/div>\n\t\t\t\t\t<\/div>\n\t\t<\/div>\n\t\t\t\t\t<\/div>\n\t\t<\/section>\n\t\t\t\t<\/div>","protected":false},"excerpt":{"rendered":"<p>https:\/\/www.youtube.com\/watch?v=d2gz-fiqTlohttps:\/\/youtu.be\/OmK3c8izE3shttps:\/\/youtu.be\/244uM6fCYashttps:\/\/youtu.be\/6IW1KlzAtsIhttps:\/\/youtu.be\/vcxydHBYKYI WhatsApp automation Software Automation Google sheets Automation with other softwares Data Entry Automation What are the benefits of our WhatsApp automation for your buisnesse or company? \u00a0 With the help of our modern Al automation technology, your WhatsApp will be able to reply to multiple customers simultaneously, sending over 1000 messages in a minute. [&hellip;]<\/p>\n","protected":false},"author":1,"featured_media":0,"parent":987,"menu_order":0,"comment_status":"closed","ping_status":"closed","template":"","meta":{"footnotes":""},"yoast_head":"<!-- This site is optimized with the Yoast SEO Premium plugin v21.1 (Yoast SEO v23.5) - https:\/\/yoast.com\/wordpress\/plugins\/seo\/ -->\n<title>WhatsApp &amp; Software Automation - FRF20<\/title>\n<meta name=\"robots\" content=\"index, follow, max-snippet:-1, max-image-preview:large, max-video-preview:-1\" \/>\n<link rel=\"canonical\" href=\"https:\/\/frf20.com\/de\/homepage\/services\/software-und-geschaftsautomatisierung\/\" \/>\n<meta property=\"og:locale\" content=\"de_DE\" \/>\n<meta property=\"og:type\" content=\"article\" \/>\n<meta property=\"og:title\" content=\"WhatsApp &amp; Software Automation\" \/>\n<meta property=\"og:description\" content=\"https:\/\/www.youtube.com\/watch?v=d2gz-fiqTlohttps:\/\/youtu.be\/OmK3c8izE3shttps:\/\/youtu.be\/244uM6fCYashttps:\/\/youtu.be\/6IW1KlzAtsIhttps:\/\/youtu.be\/vcxydHBYKYI WhatsApp automation Software Automation Google sheets Automation with other softwares Data Entry Automation What are the benefits of our WhatsApp automation for your buisnesse or company? \u00a0 With the help of our modern Al automation technology, your WhatsApp will be able to reply to multiple customers simultaneously, sending over 1000 messages in a minute. [&hellip;]\" \/>\n<meta property=\"og:url\" content=\"https:\/\/frf20.com\/de\/homepage\/services\/software-und-geschaftsautomatisierung\/\" \/>\n<meta property=\"og:site_name\" content=\"FRF20\" \/>\n<meta property=\"article:modified_time\" content=\"2023-09-12T18:04:10+00:00\" \/>\n<meta name=\"twitter:card\" content=\"summary_large_image\" \/>\n<meta name=\"twitter:label1\" content=\"Gesch\u00e4tzte Lesezeit\" \/>\n\t<meta name=\"twitter:data1\" content=\"3 Minuten\" \/>\n<script type=\"application\/ld+json\" class=\"yoast-schema-graph\">{\"@context\":\"https:\/\/schema.org\",\"@graph\":[{\"@type\":\"WebPage\",\"@id\":\"https:\/\/frf20.com\/homepage\/services\/software-and-business-automation\/\",\"url\":\"https:\/\/frf20.com\/homepage\/services\/software-and-business-automation\/\",\"name\":\"WhatsApp & Software Automation - FRF20\",\"isPartOf\":{\"@id\":\"https:\/\/frf20.com\/#website\"},\"datePublished\":\"2023-07-12T23:15:52+00:00\",\"dateModified\":\"2023-09-12T18:04:10+00:00\",\"breadcrumb\":{\"@id\":\"https:\/\/frf20.com\/homepage\/services\/software-and-business-automation\/#breadcrumb\"},\"inLanguage\":\"de-DE\",\"potentialAction\":[{\"@type\":\"ReadAction\",\"target\":[\"https:\/\/frf20.com\/homepage\/services\/software-and-business-automation\/\"]}]},{\"@type\":\"BreadcrumbList\",\"@id\":\"https:\/\/frf20.com\/homepage\/services\/software-and-business-automation\/#breadcrumb\",\"itemListElement\":[{\"@type\":\"ListItem\",\"position\":1,\"name\":\"Home\",\"item\":\"https:\/\/frf20.com\/\"},{\"@type\":\"ListItem\",\"position\":2,\"name\":\"Homepage\",\"item\":\"https:\/\/frf20.com\/\"},{\"@type\":\"ListItem\",\"position\":3,\"name\":\"Services\",\"item\":\"https:\/\/frf20.com\/homepage\/services\/\"},{\"@type\":\"ListItem\",\"position\":4,\"name\":\"WhatsApp &#038; Software Automation\"}]},{\"@type\":\"WebSite\",\"@id\":\"https:\/\/frf20.com\/#website\",\"url\":\"https:\/\/frf20.com\/\",\"name\":\"FRF20\",\"description\":\"We have a lot of services like MicroJobs, Digital products, Online teaching and more\",\"publisher\":{\"@id\":\"https:\/\/frf20.com\/#organization\"},\"potentialAction\":[{\"@type\":\"SearchAction\",\"target\":{\"@type\":\"EntryPoint\",\"urlTemplate\":\"https:\/\/frf20.com\/?s={search_term_string}\"},\"query-input\":{\"@type\":\"PropertyValueSpecification\",\"valueRequired\":true,\"valueName\":\"search_term_string\"}}],\"inLanguage\":\"de-DE\"},{\"@type\":\"Organization\",\"@id\":\"https:\/\/frf20.com\/#organization\",\"name\":\"FRF20\",\"url\":\"https:\/\/frf20.com\/\",\"logo\":{\"@type\":\"ImageObject\",\"inLanguage\":\"de-DE\",\"@id\":\"https:\/\/frf20.com\/#\/schema\/logo\/image\/\",\"url\":\"https:\/\/frf20.com\/wp-content\/uploads\/2021\/09\/cropped-IMG_20210904_170613_457.png\",\"contentUrl\":\"https:\/\/frf20.com\/wp-content\/uploads\/2021\/09\/cropped-IMG_20210904_170613_457.png\",\"width\":1390,\"height\":1324,\"caption\":\"FRF20\"},\"image\":{\"@id\":\"https:\/\/frf20.com\/#\/schema\/logo\/image\/\"}}]}<\/script>\n<!-- \/ Yoast SEO Premium plugin. -->","yoast_head_json":{"title":"WhatsApp &amp; Software-Automatisierung \u2013 FRF20","robots":{"index":"index","follow":"follow","max-snippet":"max-snippet:-1","max-image-preview":"max-image-preview:large","max-video-preview":"max-video-preview:-1"},"canonical":"https:\/\/frf20.com\/de\/homepage\/services\/software-und-geschaftsautomatisierung\/","og_locale":"de_DE","og_type":"article","og_title":"WhatsApp & Software Automation","og_description":"https:\/\/www.youtube.com\/watch?v=d2gz-fiqTlohttps:\/\/youtu.be\/OmK3c8izE3shttps:\/\/youtu.be\/244uM6fCYashttps:\/\/youtu.be\/6IW1KlzAtsIhttps:\/\/youtu.be\/vcxydHBYKYI WhatsApp automation Software Automation Google sheets Automation with other softwares Data Entry Automation What are the benefits of our WhatsApp automation for your buisnesse or company? \u00a0 With the help of our modern Al automation technology, your WhatsApp will be able to reply to multiple customers simultaneously, sending over 1000 messages in a minute. [&hellip;]","og_url":"https:\/\/frf20.com\/de\/homepage\/services\/software-und-geschaftsautomatisierung\/","og_site_name":"FRF20","article_modified_time":"2023-09-12T18:04:10+00:00","twitter_card":"summary_large_image","twitter_misc":{"Gesch\u00e4tzte Lesezeit":"3 Minuten"},"schema":{"@context":"https:\/\/schema.org","@graph":[{"@type":"WebPage","@id":"https:\/\/frf20.com\/homepage\/services\/software-and-business-automation\/","url":"https:\/\/frf20.com\/homepage\/services\/software-and-business-automation\/","name":"WhatsApp &amp; Software-Automatisierung \u2013 FRF20","isPartOf":{"@id":"https:\/\/frf20.com\/#website"},"datePublished":"2023-07-12T23:15:52+00:00","dateModified":"2023-09-12T18:04:10+00:00","breadcrumb":{"@id":"https:\/\/frf20.com\/homepage\/services\/software-and-business-automation\/#breadcrumb"},"inLanguage":"de-DE","potentialAction":[{"@type":"ReadAction","target":["https:\/\/frf20.com\/homepage\/services\/software-and-business-automation\/"]}]},{"@type":"BreadcrumbList","@id":"https:\/\/frf20.com\/homepage\/services\/software-and-business-automation\/#breadcrumb","itemListElement":[{"@type":"ListItem","position":1,"name":"Home","item":"https:\/\/frf20.com\/"},{"@type":"ListItem","position":2,"name":"Homepage","item":"https:\/\/frf20.com\/"},{"@type":"ListItem","position":3,"name":"Services","item":"https:\/\/frf20.com\/homepage\/services\/"},{"@type":"ListItem","position":4,"name":"WhatsApp &#038; Software Automation"}]},{"@type":"WebSite","@id":"https:\/\/frf20.com\/#website","url":"https:\/\/frf20.com\/","name":"FRF20","description":"Wir haben viele Dienstleistungen wie MicroJobs, digitale Produkte, Online-Unterricht und mehr","publisher":{"@id":"https:\/\/frf20.com\/#organization"},"potentialAction":[{"@type":"SearchAction","target":{"@type":"EntryPoint","urlTemplate":"https:\/\/frf20.com\/?s={search_term_string}"},"query-input":{"@type":"PropertyValueSpecification","valueRequired":true,"valueName":"search_term_string"}}],"inLanguage":"de-DE"},{"@type":"Organization","@id":"https:\/\/frf20.com\/#organization","name":"FRF20","url":"https:\/\/frf20.com\/","logo":{"@type":"ImageObject","inLanguage":"de-DE","@id":"https:\/\/frf20.com\/#\/schema\/logo\/image\/","url":"https:\/\/frf20.com\/wp-content\/uploads\/2021\/09\/cropped-IMG_20210904_170613_457.png","contentUrl":"https:\/\/frf20.com\/wp-content\/uploads\/2021\/09\/cropped-IMG_20210904_170613_457.png","width":1390,"height":1324,"caption":"FRF20"},"image":{"@id":"https:\/\/frf20.com\/#\/schema\/logo\/image\/"}}]}},"_links":{"self":[{"href":"https:\/\/frf20.com\/de\/wp-json\/wp\/v2\/pages\/6887"}],"collection":[{"href":"https:\/\/frf20.com\/de\/wp-json\/wp\/v2\/pages"}],"about":[{"href":"https:\/\/frf20.com\/de\/wp-json\/wp\/v2\/types\/page"}],"author":[{"embeddable":true,"href":"https:\/\/frf20.com\/de\/wp-json\/wp\/v2\/users\/1"}],"replies":[{"embeddable":true,"href":"https:\/\/frf20.com\/de\/wp-json\/wp\/v2\/comments?post=6887"}],"version-history":[{"count":0,"href":"https:\/\/frf20.com\/de\/wp-json\/wp\/v2\/pages\/6887\/revisions"}],"up":[{"embeddable":true,"href":"https:\/\/frf20.com\/de\/wp-json\/wp\/v2\/pages\/987"}],"wp:attachment":[{"href":"https:\/\/frf20.com\/de\/wp-json\/wp\/v2\/media?parent=6887"}],"curies":[{"name":"wp","href":"https:\/\/api.w.org\/{rel}","templated":true}]}}