{"id":6887,"date":"2023-07-13T02:15:52","date_gmt":"2023-07-12T23:15:52","guid":{"rendered":"https:\/\/frf20.com\/?page_id=6887"},"modified":"2023-09-12T21:04:10","modified_gmt":"2023-09-12T18:04:10","slug":"software-and-business-automation","status":"publish","type":"page","link":"https:\/\/frf20.com\/fr\/homepage\/services\/software-and-business-automation\/","title":{"rendered":"WhatsApp et automatisation des logiciels"},"content":{"rendered":"<div data-elementor-type=\"wp-page\" data-elementor-id=\"6887\" class=\"elementor elementor-6887\" data-elementor-post-type=\"page\">\n\t\t\t\t\t\t<section data-particle_enable=\"false\" data-particle-mobile-disabled=\"false\" class=\"elementor-section elementor-top-section elementor-element elementor-element-1f76c2e elementor-section-full_width elementor-section-height-min-height elementor-section-stretched elementor-section-height-default elementor-section-items-middle\" data-id=\"1f76c2e\" data-element_type=\"section\" data-settings=\"{&quot;stretch_section&quot;:&quot;section-stretched&quot;,&quot;background_background&quot;:&quot;gradient&quot;}\">\n\t\t\t\t\t\t<div class=\"elementor-container elementor-column-gap-no\">\n\t\t\t\t\t<div class=\"elementor-column elementor-col-100 elementor-top-column elementor-element elementor-element-8cf1ede\" data-id=\"8cf1ede\" data-element_type=\"column\">\n\t\t\t<div class=\"elementor-widget-wrap elementor-element-populated\">\n\t\t\t\t\t\t\t<\/div>\n\t\t<\/div>\n\t\t\t\t\t<\/div>\n\t\t<\/section>\n\t\t\t\t<section data-particle_enable=\"false\" data-particle-mobile-disabled=\"false\" class=\"elementor-section elementor-top-section elementor-element elementor-element-d5e58fc elementor-section-boxed elementor-section-height-default elementor-section-height-default\" data-id=\"d5e58fc\" data-element_type=\"section\">\n\t\t\t\t\t\t<div class=\"elementor-container elementor-column-gap-default\">\n\t\t\t\t\t<div class=\"elementor-column elementor-col-100 elementor-top-column elementor-element elementor-element-b409b22\" data-id=\"b409b22\" data-element_type=\"column\">\n\t\t\t<div class=\"elementor-widget-wrap elementor-element-populated\">\n\t\t\t\t\t\t<div class=\"elementor-element elementor-element-eca3da9 elementor-widget elementor-widget-video\" data-id=\"eca3da9\" data-element_type=\"widget\" data-settings=\"{&quot;youtube_url&quot;:&quot;https:\\\/\\\/www.youtube.com\\\/watch?v=d2gz-fiqTlo&quot;,&quot;start&quot;:1,&quot;loop&quot;:&quot;yes&quot;,&quot;lazy_load&quot;:&quot;yes&quot;,&quot;video_type&quot;:&quot;youtube&quot;,&quot;controls&quot;:&quot;yes&quot;}\" data-widget_type=\"video.default\">\n\t\t\t\t<div class=\"elementor-widget-container\">\n\t\t\t\t\t<style>.elementor-element-eca3da9{display:none !important}<\/style>\t\t\t\t<\/div>\n\t\t\t\t<\/div>\n\t\t\t\t<div class=\"elementor-element elementor-element-d99a8a2 elementor-widget elementor-widget-video\" data-id=\"d99a8a2\" data-element_type=\"widget\" data-settings=\"{&quot;youtube_url&quot;:&quot;https:\\\/\\\/youtu.be\\\/OmK3c8izE3s&quot;,&quot;start&quot;:1,&quot;loop&quot;:&quot;yes&quot;,&quot;lazy_load&quot;:&quot;yes&quot;,&quot;video_type&quot;:&quot;youtube&quot;,&quot;controls&quot;:&quot;yes&quot;}\" data-no-translation=\"\" data-widget_type=\"video.default\">\n\t\t\t\t<div class=\"elementor-widget-container\">\n\t\t\t\t\t<style>.elementor-element-d99a8a2{display:none !important}<\/style>\t\t\t\t<\/div>\n\t\t\t\t<\/div>\n\t\t\t\t<div class=\"elementor-element elementor-element-9ccf803 elementor-widget elementor-widget-video\" data-id=\"9ccf803\" data-element_type=\"widget\" data-settings=\"{&quot;youtube_url&quot;:&quot;https:\\\/\\\/youtu.be\\\/244uM6fCYas&quot;,&quot;start&quot;:1,&quot;loop&quot;:&quot;yes&quot;,&quot;lazy_load&quot;:&quot;yes&quot;,&quot;video_type&quot;:&quot;youtube&quot;,&quot;controls&quot;:&quot;yes&quot;}\" data-no-translation=\"\" data-widget_type=\"video.default\">\n\t\t\t\t<div class=\"elementor-widget-container\">\n\t\t\t\t\t<style>.elementor-element-9ccf803{display:none !important}<\/style>\t\t\t\t<\/div>\n\t\t\t\t<\/div>\n\t\t\t\t<div class=\"elementor-element elementor-element-a07cd00 elementor-widget elementor-widget-video\" data-id=\"a07cd00\" data-element_type=\"widget\" data-settings=\"{&quot;youtube_url&quot;:&quot;https:\\\/\\\/youtu.be\\\/6IW1KlzAtsI&quot;,&quot;start&quot;:1,&quot;loop&quot;:&quot;yes&quot;,&quot;lazy_load&quot;:&quot;yes&quot;,&quot;video_type&quot;:&quot;youtube&quot;,&quot;controls&quot;:&quot;yes&quot;}\" data-no-translation=\"\" data-widget_type=\"video.default\">\n\t\t\t\t<div class=\"elementor-widget-container\">\n\t\t\t\t\t<style>.elementor-element-a07cd00{display:none !important}<\/style>\t\t\t\t<\/div>\n\t\t\t\t<\/div>\n\t\t\t\t<div class=\"elementor-element elementor-element-7051d25 elementor-widget elementor-widget-video\" data-id=\"7051d25\" data-element_type=\"widget\" data-settings=\"{&quot;youtube_url&quot;:&quot;https:\\\/\\\/youtu.be\\\/vcxydHBYKYI&quot;,&quot;start&quot;:1,&quot;loop&quot;:&quot;yes&quot;,&quot;lazy_load&quot;:&quot;yes&quot;,&quot;video_type&quot;:&quot;youtube&quot;,&quot;controls&quot;:&quot;yes&quot;}\" data-no-translation=\"\" data-widget_type=\"video.default\">\n\t\t\t\t<div class=\"elementor-widget-container\">\n\t\t\t\t\t\t\t<div class=\"elementor-wrapper elementor-open-inline\">\n\t\t\t<div class=\"elementor-video\"><\/div>\t\t<\/div>\n\t\t\t\t\t\t<\/div>\n\t\t\t\t<\/div>\n\t\t\t\t\t<\/div>\n\t\t<\/div>\n\t\t\t\t\t<\/div>\n\t\t<\/section>\n\t\t\t\t<section data-particle_enable=\"false\" data-particle-mobile-disabled=\"false\" class=\"elementor-section elementor-top-section elementor-element elementor-element-9f337bd elementor-section-boxed elementor-section-height-default elementor-section-height-default\" data-id=\"9f337bd\" data-element_type=\"section\">\n\t\t\t\t\t\t<div class=\"elementor-container elementor-column-gap-default\">\n\t\t\t\t\t<div class=\"elementor-column elementor-col-100 elementor-top-column elementor-element elementor-element-e95832d\" data-id=\"e95832d\" data-element_type=\"column\">\n\t\t\t<div class=\"elementor-widget-wrap elementor-element-populated\">\n\t\t\t\t\t\t<div class=\"elementor-element elementor-element-71f57f0 elementor-widget elementor-widget-text-editor\" data-id=\"71f57f0\" data-element_type=\"widget\" data-widget_type=\"text-editor.default\">\n\t\t\t\t<div class=\"elementor-widget-container\">\n\t\t\t\t\t\t\t\t\t<ul><li>Automatisation de WhatsApp<\/li><li>Automatisation logicielle<\/li><li>Feuilles Google Automatisation avec d'autres logiciels<\/li><li>Automatisation de la saisie de donn\u00e9es <br \/><br \/><\/li><\/ul><h4>Quels sont les avantages de notre automatisation WhatsApp pour votre entreprise ou votre entreprise ?<br \/><br \/><\/h4><p>\u00a0<\/p><ol><li>Avec l'aide de notre technologie d'automatisation Al moderne, votre WhatsApp pourra r\u00e9pondre \u00e0 plusieurs clients simultan\u00e9ment, en envoyant plus de 1000 messages en une minute. Ce niveau d'efficacit\u00e9 \u00e9quivaut au travail de centaines d'employ\u00e9s et vous fait \u00e9conomiser leurs salaires. <br \/><br \/><\/li><li>Notre syst\u00e8me d'IA filtrera vos clients pour vous en leur posant des questions via WhatsApp. Il peut ignorer les clients non s\u00e9rieux, tout en enregistrant automatiquement les coordonn\u00e9es des clients s\u00e9rieux et importants sur votre cloud. <br \/><br \/><\/li><li>Avec l'aide de notre nouvelle technologie d'intelligence artificielle, WhatsApp est capable de communiquer avec votre public de mani\u00e8re humaine plut\u00f4t que comme un bot. Il peut facilement comprendre leurs besoins en tapant n'importe quel mot pertinent. <br \/><br \/><\/li><li>Employees may only respond to customers during working hours, but our automated WhatsApp service is available to respond to your customers 24\/7, including during lunchtime, holidays and midnight when employees are sleeping. <br \/><br \/><\/li><li>Avec l'aide de notre nouvelle technologie d'intelligence artificielle, WhatsApp est capable de communiquer avec votre public de mani\u00e8re humaine plut\u00f4t que comme un bot. Il peut facilement comprendre leurs besoins en tapant n'importe quel mot pertinent. <br \/><br \/><\/li><li>Gain de temps : l'automatisation de WhatsApp vous permet d'envoyer des messages en masse \u00e0 un grand nombre de contacts, ce qui vous fait gagner un temps pr\u00e9cieux. <br \/><br \/><\/li><li>Personnalisation : Vous pouvez personnaliser les messages automatis\u00e9s en utilisant des variables pour inclure le nom du destinataire ou d'autres informations sp\u00e9cifiques, donnant un sentiment de personnalisation et d'attention \u00e0 chaque contact. <br \/><br \/><\/li><li>R\u00e9duction des erreurs : l'automatisation de WhatsApp \u00e9limine les risques d'erreurs humaines lors de l'envoi de messages en masse, garantissant que chaque message est envoy\u00e9 avec pr\u00e9cision et coh\u00e9rence. <br \/><br \/><\/li><li>Engagement am\u00e9lior\u00e9 : l'automatisation de WhatsApp vous permet d'envoyer des messages programm\u00e9s pour des \u00e9v\u00e9nements sp\u00e9cifiques, des rappels ou des offres promotionnelles, ce qui peut augmenter l'engagement des utilisateurs et les encourager \u00e0 interagir avec votre entreprise. <br \/><br \/><\/li><li>Suivi et analyse : les outils d'automatisation de WhatsApp fournissent des fonctionnalit\u00e9s de suivi et d'analyse pour mesurer l'efficacit\u00e9 de vos campagnes, les taux d'ouverture des messages et les taux de conversion, vous permettant d'ajuster votre strat\u00e9gie en cons\u00e9quence. <br \/><br \/><\/li><li>Productivit\u00e9 accrue : l'automatisation de WhatsApp permet une gestion efficace des conversations \u00e0 l'aide de r\u00e9ponses pr\u00e9enregistr\u00e9es ou d'un chatbot, permettant des r\u00e9ponses rapides aux demandes des clients et am\u00e9liorant la productivit\u00e9 globale. <br \/><br \/><\/li><li>\u00c9conomies de co\u00fbts : en automatisant les processus de communication sur WhatsApp, vous pouvez r\u00e9duire les co\u00fbts associ\u00e9s \u00e0 l'embauche de personnel suppl\u00e9mentaire pour g\u00e9rer les conversations ou les campagnes marketing. <br \/><br \/><\/li><li>Transfert WhatsApp international : pour garantir la confidentialit\u00e9 et conserver une image professionnelle, vous pouvez transf\u00e9rer votre num\u00e9ro WhatsApp local \u00e0 vos employ\u00e9s dans un autre pays tout en masquant leurs num\u00e9ros personnels. De cette fa\u00e7on, vos clients ne verront et n'interagiront qu'avec le num\u00e9ro WhatsApp de votre entreprise, garantissant une exp\u00e9rience de communication transparente tout en prot\u00e9geant la vie priv\u00e9e de vos employ\u00e9s.<br \/><br \/><\/li><\/ol><p>En r\u00e9sum\u00e9, l'automatisation de WhatsApp offre de nombreux avantages, notamment le gain de temps, la personnalisation des messages, la r\u00e9duction des erreurs, l'am\u00e9lioration de l'engagement, du suivi et de l'analyse, une productivit\u00e9 accrue et des \u00e9conomies de co\u00fbts.<br \/><br \/><\/p><p>Pour plus de d\u00e9tails, veuillez nous contacter sur notre num\u00e9ro WhatsApp.<\/p>\t\t\t\t\t\t\t\t<\/div>\n\t\t\t\t<\/div>\n\t\t\t\t\t<\/div>\n\t\t<\/div>\n\t\t\t\t\t<\/div>\n\t\t<\/section>\n\t\t\t\t<\/div>","protected":false},"excerpt":{"rendered":"<p>https:\/\/www.youtube.com\/watch?v=d2gz-fiqTlohttps:\/\/youtu.be\/OmK3c8izE3shttps:\/\/youtu.be\/244uM6fCYashttps:\/\/youtu.be\/6IW1KlzAtsIhttps:\/\/youtu.be\/vcxydHBYKYI WhatsApp automation Software Automation Google sheets Automation with other softwares Data Entry Automation What are the benefits of our WhatsApp automation for your buisnesse or company? \u00a0 With the help of our modern Al automation technology, your WhatsApp will be able to reply to multiple customers simultaneously, sending over 1000 messages in a minute. [&hellip;]<\/p>\n","protected":false},"author":1,"featured_media":0,"parent":987,"menu_order":0,"comment_status":"closed","ping_status":"closed","template":"","meta":{"footnotes":""},"yoast_head":"<!-- This site is optimized with the Yoast SEO Premium plugin v21.1 (Yoast SEO v23.5) - https:\/\/yoast.com\/wordpress\/plugins\/seo\/ -->\n<title>WhatsApp &amp; Software Automation - FRF20<\/title>\n<meta name=\"robots\" content=\"index, follow, max-snippet:-1, max-image-preview:large, max-video-preview:-1\" \/>\n<link rel=\"canonical\" href=\"https:\/\/frf20.com\/fr\/homepage\/services\/software-and-business-automation\/\" \/>\n<meta property=\"og:locale\" content=\"fr_FR\" \/>\n<meta property=\"og:type\" content=\"article\" \/>\n<meta property=\"og:title\" content=\"WhatsApp &amp; Software Automation\" \/>\n<meta property=\"og:description\" content=\"https:\/\/www.youtube.com\/watch?v=d2gz-fiqTlohttps:\/\/youtu.be\/OmK3c8izE3shttps:\/\/youtu.be\/244uM6fCYashttps:\/\/youtu.be\/6IW1KlzAtsIhttps:\/\/youtu.be\/vcxydHBYKYI WhatsApp automation Software Automation Google sheets Automation with other softwares Data Entry Automation What are the benefits of our WhatsApp automation for your buisnesse or company? \u00a0 With the help of our modern Al automation technology, your WhatsApp will be able to reply to multiple customers simultaneously, sending over 1000 messages in a minute. [&hellip;]\" \/>\n<meta property=\"og:url\" content=\"https:\/\/frf20.com\/fr\/homepage\/services\/software-and-business-automation\/\" \/>\n<meta property=\"og:site_name\" content=\"FRF20\" \/>\n<meta property=\"article:modified_time\" content=\"2023-09-12T18:04:10+00:00\" \/>\n<meta name=\"twitter:card\" content=\"summary_large_image\" \/>\n<meta name=\"twitter:label1\" content=\"Dur\u00e9e de lecture estim\u00e9e\" \/>\n\t<meta name=\"twitter:data1\" content=\"3 minutes\" \/>\n<script type=\"application\/ld+json\" class=\"yoast-schema-graph\">{\"@context\":\"https:\/\/schema.org\",\"@graph\":[{\"@type\":\"WebPage\",\"@id\":\"https:\/\/frf20.com\/homepage\/services\/software-and-business-automation\/\",\"url\":\"https:\/\/frf20.com\/homepage\/services\/software-and-business-automation\/\",\"name\":\"WhatsApp & Software Automation - FRF20\",\"isPartOf\":{\"@id\":\"https:\/\/frf20.com\/#website\"},\"datePublished\":\"2023-07-12T23:15:52+00:00\",\"dateModified\":\"2023-09-12T18:04:10+00:00\",\"breadcrumb\":{\"@id\":\"https:\/\/frf20.com\/homepage\/services\/software-and-business-automation\/#breadcrumb\"},\"inLanguage\":\"fr-FR\",\"potentialAction\":[{\"@type\":\"ReadAction\",\"target\":[\"https:\/\/frf20.com\/homepage\/services\/software-and-business-automation\/\"]}]},{\"@type\":\"BreadcrumbList\",\"@id\":\"https:\/\/frf20.com\/homepage\/services\/software-and-business-automation\/#breadcrumb\",\"itemListElement\":[{\"@type\":\"ListItem\",\"position\":1,\"name\":\"Home\",\"item\":\"https:\/\/frf20.com\/\"},{\"@type\":\"ListItem\",\"position\":2,\"name\":\"Homepage\",\"item\":\"https:\/\/frf20.com\/\"},{\"@type\":\"ListItem\",\"position\":3,\"name\":\"Services\",\"item\":\"https:\/\/frf20.com\/homepage\/services\/\"},{\"@type\":\"ListItem\",\"position\":4,\"name\":\"WhatsApp &#038; Software Automation\"}]},{\"@type\":\"WebSite\",\"@id\":\"https:\/\/frf20.com\/#website\",\"url\":\"https:\/\/frf20.com\/\",\"name\":\"FRF20\",\"description\":\"We have a lot of services like MicroJobs, Digital products, Online teaching and more\",\"publisher\":{\"@id\":\"https:\/\/frf20.com\/#organization\"},\"potentialAction\":[{\"@type\":\"SearchAction\",\"target\":{\"@type\":\"EntryPoint\",\"urlTemplate\":\"https:\/\/frf20.com\/?s={search_term_string}\"},\"query-input\":{\"@type\":\"PropertyValueSpecification\",\"valueRequired\":true,\"valueName\":\"search_term_string\"}}],\"inLanguage\":\"fr-FR\"},{\"@type\":\"Organization\",\"@id\":\"https:\/\/frf20.com\/#organization\",\"name\":\"FRF20\",\"url\":\"https:\/\/frf20.com\/\",\"logo\":{\"@type\":\"ImageObject\",\"inLanguage\":\"fr-FR\",\"@id\":\"https:\/\/frf20.com\/#\/schema\/logo\/image\/\",\"url\":\"https:\/\/frf20.com\/wp-content\/uploads\/2021\/09\/cropped-IMG_20210904_170613_457.png\",\"contentUrl\":\"https:\/\/frf20.com\/wp-content\/uploads\/2021\/09\/cropped-IMG_20210904_170613_457.png\",\"width\":1390,\"height\":1324,\"caption\":\"FRF20\"},\"image\":{\"@id\":\"https:\/\/frf20.com\/#\/schema\/logo\/image\/\"}}]}<\/script>\n<!-- \/ Yoast SEO Premium plugin. -->","yoast_head_json":{"title":"WhatsApp & Software Automation - FRF20","robots":{"index":"index","follow":"follow","max-snippet":"max-snippet:-1","max-image-preview":"max-image-preview:large","max-video-preview":"max-video-preview:-1"},"canonical":"https:\/\/frf20.com\/fr\/homepage\/services\/software-and-business-automation\/","og_locale":"fr_FR","og_type":"article","og_title":"WhatsApp & Software Automation","og_description":"https:\/\/www.youtube.com\/watch?v=d2gz-fiqTlohttps:\/\/youtu.be\/OmK3c8izE3shttps:\/\/youtu.be\/244uM6fCYashttps:\/\/youtu.be\/6IW1KlzAtsIhttps:\/\/youtu.be\/vcxydHBYKYI WhatsApp automation Software Automation Google sheets Automation with other softwares Data Entry Automation What are the benefits of our WhatsApp automation for your buisnesse or company? \u00a0 With the help of our modern Al automation technology, your WhatsApp will be able to reply to multiple customers simultaneously, sending over 1000 messages in a minute. [&hellip;]","og_url":"https:\/\/frf20.com\/fr\/homepage\/services\/software-and-business-automation\/","og_site_name":"FRF20","article_modified_time":"2023-09-12T18:04:10+00:00","twitter_card":"summary_large_image","twitter_misc":{"Dur\u00e9e de lecture estim\u00e9e":"3 minutes"},"schema":{"@context":"https:\/\/schema.org","@graph":[{"@type":"WebPage","@id":"https:\/\/frf20.com\/homepage\/services\/software-and-business-automation\/","url":"https:\/\/frf20.com\/homepage\/services\/software-and-business-automation\/","name":"WhatsApp & Software Automation - FRF20","isPartOf":{"@id":"https:\/\/frf20.com\/#website"},"datePublished":"2023-07-12T23:15:52+00:00","dateModified":"2023-09-12T18:04:10+00:00","breadcrumb":{"@id":"https:\/\/frf20.com\/homepage\/services\/software-and-business-automation\/#breadcrumb"},"inLanguage":"fr-FR","potentialAction":[{"@type":"ReadAction","target":["https:\/\/frf20.com\/homepage\/services\/software-and-business-automation\/"]}]},{"@type":"BreadcrumbList","@id":"https:\/\/frf20.com\/homepage\/services\/software-and-business-automation\/#breadcrumb","itemListElement":[{"@type":"ListItem","position":1,"name":"Home","item":"https:\/\/frf20.com\/"},{"@type":"ListItem","position":2,"name":"Homepage","item":"https:\/\/frf20.com\/"},{"@type":"ListItem","position":3,"name":"Services","item":"https:\/\/frf20.com\/homepage\/services\/"},{"@type":"ListItem","position":4,"name":"WhatsApp &#038; Software Automation"}]},{"@type":"WebSite","@id":"https:\/\/frf20.com\/#website","url":"https:\/\/frf20.com\/","name":"FRF20","description":"Nous avons beaucoup de services comme les MicroJobs, les produits num\u00e9riques, l&#039;enseignement en ligne et plus encore","publisher":{"@id":"https:\/\/frf20.com\/#organization"},"potentialAction":[{"@type":"SearchAction","target":{"@type":"EntryPoint","urlTemplate":"https:\/\/frf20.com\/?s={search_term_string}"},"query-input":{"@type":"PropertyValueSpecification","valueRequired":true,"valueName":"search_term_string"}}],"inLanguage":"fr-FR"},{"@type":"Organization","@id":"https:\/\/frf20.com\/#organization","name":"FRF20","url":"https:\/\/frf20.com\/","logo":{"@type":"ImageObject","inLanguage":"fr-FR","@id":"https:\/\/frf20.com\/#\/schema\/logo\/image\/","url":"https:\/\/frf20.com\/wp-content\/uploads\/2021\/09\/cropped-IMG_20210904_170613_457.png","contentUrl":"https:\/\/frf20.com\/wp-content\/uploads\/2021\/09\/cropped-IMG_20210904_170613_457.png","width":1390,"height":1324,"caption":"FRF20"},"image":{"@id":"https:\/\/frf20.com\/#\/schema\/logo\/image\/"}}]}},"_links":{"self":[{"href":"https:\/\/frf20.com\/fr\/wp-json\/wp\/v2\/pages\/6887"}],"collection":[{"href":"https:\/\/frf20.com\/fr\/wp-json\/wp\/v2\/pages"}],"about":[{"href":"https:\/\/frf20.com\/fr\/wp-json\/wp\/v2\/types\/page"}],"author":[{"embeddable":true,"href":"https:\/\/frf20.com\/fr\/wp-json\/wp\/v2\/users\/1"}],"replies":[{"embeddable":true,"href":"https:\/\/frf20.com\/fr\/wp-json\/wp\/v2\/comments?post=6887"}],"version-history":[{"count":0,"href":"https:\/\/frf20.com\/fr\/wp-json\/wp\/v2\/pages\/6887\/revisions"}],"up":[{"embeddable":true,"href":"https:\/\/frf20.com\/fr\/wp-json\/wp\/v2\/pages\/987"}],"wp:attachment":[{"href":"https:\/\/frf20.com\/fr\/wp-json\/wp\/v2\/media?parent=6887"}],"curies":[{"name":"wp","href":"https:\/\/api.w.org\/{rel}","templated":true}]}}