{"id":867,"date":"2021-06-16T10:06:08","date_gmt":"2021-06-16T07:06:08","guid":{"rendered":"https:\/\/frf20.com\/?page_id=867"},"modified":"2021-06-16T11:39:12","modified_gmt":"2021-06-16T08:39:12","slug":"designing-an-online-store-for-woocommerce-in-wordpress-and-linking-it-automatically-with-the-m5azn-website","status":"publish","type":"page","link":"https:\/\/frf20.com\/ps\/designing-an-online-store-for-woocommerce-in-wordpress-and-linking-it-automatically-with-the-m5azn-website\/","title":{"rendered":"\u062a\u0635\u0645\u064a\u0645 \u0645\u062a\u062c\u0631 \u0627\u0644\u0643\u062a\u0631\u0648\u0646\u064a \u0648\u0648\u0643\u0648\u0645\u0631\u0633 \u0641\u064a \u0648\u0648\u0631\u062f\u0628\u0631\u064a\u0633 \u0648\u0631\u0628\u0637\u0647 \u0627\u0644\u064a\u0627 \u0645\u0639 \u0645\u062e\u0627\u0632\u0646"},"content":{"rendered":"<div data-elementor-type=\"wp-page\" data-elementor-id=\"867\" class=\"elementor elementor-867\" data-elementor-post-type=\"page\">\n\t\t\t\t\t\t<section data-particle_enable=\"false\" data-particle-mobile-disabled=\"false\" class=\"elementor-section elementor-top-section elementor-element elementor-element-77a6eaf elementor-section-boxed elementor-section-height-default elementor-section-height-default\" data-id=\"77a6eaf\" data-element_type=\"section\">\n\t\t\t\t\t\t<div class=\"elementor-container elementor-column-gap-default\">\n\t\t\t\t\t<div class=\"elementor-column elementor-col-100 elementor-top-column elementor-element elementor-element-0092fa4\" data-id=\"0092fa4\" data-element_type=\"column\">\n\t\t\t<div class=\"elementor-widget-wrap elementor-element-populated\">\n\t\t\t\t\t\t<div class=\"elementor-element elementor-element-95334bc elementor-arrows-position-inside elementor-pagination-position-outside elementor-widget elementor-widget-image-carousel\" data-id=\"95334bc\" data-element_type=\"widget\" data-settings=\"{&quot;slides_to_show&quot;:&quot;1&quot;,&quot;navigation&quot;:&quot;both&quot;,&quot;autoplay&quot;:&quot;yes&quot;,&quot;pause_on_hover&quot;:&quot;yes&quot;,&quot;pause_on_interaction&quot;:&quot;yes&quot;,&quot;autoplay_speed&quot;:5000,&quot;infinite&quot;:&quot;yes&quot;,&quot;effect&quot;:&quot;slide&quot;,&quot;speed&quot;:500}\" data-widget_type=\"image-carousel.default\">\n\t\t\t\t<div class=\"elementor-widget-container\">\n\t\t\t\t\t\t\t<div class=\"elementor-image-carousel-wrapper swiper\" role=\"region\" aria-roledescription=\"carousel\" aria-label=\"Image Carousel\" dir=\"ltr\">\n\t\t\t<div class=\"elementor-image-carousel swiper-wrapper\" aria-live=\"off\">\n\t\t\t\t\t\t\t\t<div class=\"swiper-slide\" role=\"group\" aria-roledescription=\"slide\" aria-label=\"1 of 3\"><figure class=\"swiper-slide-inner\"><img decoding=\"async\" class=\"swiper-slide-image\" src=\"https:\/\/frf20.com\/wp-content\/uploads\/2021\/06\/Ekran-goruntusu-2021-06-16-081134.png\" alt=\"Ekran g\u00f6r\u00fcnt\u00fcs\u00fc 2021-06-16 081134\" \/><\/figure><\/div><div class=\"swiper-slide\" role=\"group\" aria-roledescription=\"slide\" aria-label=\"2 of 3\"><figure class=\"swiper-slide-inner\"><img decoding=\"async\" class=\"swiper-slide-image\" src=\"https:\/\/frf20.com\/wp-content\/uploads\/2021\/06\/Ekran-goruntusu-2021-06-16-081230.png\" alt=\"Ekran g\u00f6r\u00fcnt\u00fcs\u00fc 2021-06-16 081230\" \/><\/figure><\/div><div class=\"swiper-slide\" role=\"group\" aria-roledescription=\"slide\" aria-label=\"3 of 3\"><figure class=\"swiper-slide-inner\"><img decoding=\"async\" class=\"swiper-slide-image\" src=\"https:\/\/frf20.com\/wp-content\/uploads\/2021\/06\/Ekran-goruntusu-2021-06-16-081308.png\" alt=\"Ekran g\u00f6r\u00fcnt\u00fcs\u00fc 2021-06-16 081308\" \/><\/figure><\/div>\t\t\t<\/div>\n\t\t\t\t\t\t\t\t\t\t\t\t<div class=\"elementor-swiper-button elementor-swiper-button-prev\" role=\"button\" tabindex=\"0\">\n\t\t\t\t\t\t<i aria-hidden=\"true\" class=\"eicon-chevron-left\"><\/i>\t\t\t\t\t<\/div>\n\t\t\t\t\t<div class=\"elementor-swiper-button elementor-swiper-button-next\" role=\"button\" tabindex=\"0\">\n\t\t\t\t\t\t<i aria-hidden=\"true\" class=\"eicon-chevron-right\"><\/i>\t\t\t\t\t<\/div>\n\t\t\t\t\n\t\t\t\t\t\t\t\t\t<div class=\"swiper-pagination\"><\/div>\n\t\t\t\t\t\t\t\t\t<\/div>\n\t\t\t\t\t\t<\/div>\n\t\t\t\t<\/div>\n\t\t\t\t\t<\/div>\n\t\t<\/div>\n\t\t\t\t\t<\/div>\n\t\t<\/section>\n\t\t\t\t<section data-particle_enable=\"false\" data-particle-mobile-disabled=\"false\" class=\"elementor-section elementor-top-section elementor-element elementor-element-638d724f elementor-section-boxed elementor-section-height-default elementor-section-height-default\" data-id=\"638d724f\" data-element_type=\"section\">\n\t\t\t\t\t\t<div class=\"elementor-container elementor-column-gap-default\">\n\t\t\t\t\t<div class=\"elementor-column elementor-col-100 elementor-top-column elementor-element elementor-element-1d410972\" data-id=\"1d410972\" data-element_type=\"column\">\n\t\t\t<div class=\"elementor-widget-wrap elementor-element-populated\">\n\t\t\t\t\t\t<div class=\"elementor-element elementor-element-70e21d69 elementor-widget elementor-widget-text-editor\" data-id=\"70e21d69\" data-element_type=\"widget\" data-widget_type=\"text-editor.default\">\n\t\t\t\t<div class=\"elementor-widget-container\">\n\t\t\t\t\t\t\t\t\t<p style=\"text-align: right;\">\u0647\u0644 \u062a\u0631\u064a\u062f \u0627\u0646\u0634\u0627\u0621 \u0645\u0648\u0642\u0639 \u0627\u0644\u062a\u062c\u0627\u0631\u0629 \u0627\u0644\u0627\u0644\u0643\u062a\u0631\u0648\u0646\u064a\u0629 \u0648\u0628\u0627\u0644\u0627\u0636\u0627\u0641\u0629 \u0627\u0644\u0649 \u0631\u0628\u0637\u0647 \u0645\u0639 \u0645\u0648\u0642\u0639 \u0645\u062e\u0627\u0632\u0646 \u0627\u0644\u0634\u0647\u064a\u0631 \u0641\u064a \u0627\u0644\u0633\u0639\u0648\u062f\u064a\u0629\u061f<\/p><p style=\"text-align: right;\">\u0627\u0630\u0627 \u0623\u0646\u062a \u0641\u064a \u0627\u0644\u0645\u0643\u0627\u0646 \u0627\u0644\u0635\u062d\u064a\u062d \u0641\u064a \u0647\u0630\u0647 \u0627\u0644\u062e\u062f\u0645\u0629 \u0623\u0633\u062a\u0637\u064a\u0639 \u0623\u0646 \u0623\u0635\u0645\u0645 \u0644\u0643 \u0645\u062a\u062c\u0631 \u0627\u0644\u0643\u062a\u0631\u0648\u0646\u064a (\u0648\u0648\u0643\u0648\u0645\u0631\u0633) \u0648\u0631\u0628\u0637\u0647 \u0623\u0644\u064a\u0627 \u0645\u0639 \u0645\u0648\u0642\u0639 \u0645\u062e\u0627\u0632\u0646<\/p><p style=\"text-align: right;\">\u0627\u0644\u062e\u062f\u0645\u0627\u062a \u0627\u0644\u062a\u064a \u0633\u0623\u0642\u062f\u0645\u0647\u0627 \u0641\u064a \u0647\u0630\u0647 \u0627\u0644\u062e\u062f\u0645\u0629<\/p><p style=\"text-align: right;\">\u062a\u0646\u0635\u064a\u0628 \u0642\u0627\u0644\u0628 \u0645\u062a\u062c\u0631 \u0627\u0644\u0643\u062a\u0631\u0648\u0646\u064a \u0645\u062c\u0627\u0646\u064a<\/p><p style=\"text-align: right;\">\u062a\u0635\u0645\u064a\u0645 \u0627\u0644\u0635\u0641\u062d\u0629 \u0627\u0644\u0631\u0626\u064a\u0633\u064a\u0629 \u0644\u0645\u062a\u062c\u0631\u0643<\/p><p style=\"text-align: right;\">\u0644\u063a\u0629 \u0648\u0627\u062d\u062f\u0629<\/p><p style=\"text-align: right;\">\u0648\u062c\u0645\u064a\u0639 \u0627\u0644\u062e\u062f\u0645\u0627\u062a \u0627\u0644\u0623\u062e\u0631\u0649 \u0627\u0644\u0645\u062a\u0639\u0644\u0642\u0629 \u0628\u0627\u0644\u062a\u062c\u0627\u0631\u0629 \u0627\u0644\u0627\u0644\u0643\u062a\u0631\u0648\u0646\u064a\u0629 \u0648\u0644\u0643\u0646 \u063a\u064a\u0631 \u0627\u0644\u062a\u0637\u0648\u064a\u0631\u0627\u062a<\/p><p style=\"text-align: right;\">\u0648\u0627\u0644\u062e\u062f\u0645\u0627\u062a \u0627\u0644\u0623\u062e\u0631\u0649 \u0643\u062a\u0637\u0648\u064a\u0631 \u0644\u0644\u062e\u062f\u0645\u0629 \u0648\u0647\u064a \u0643\u0627\u0644\u062a\u0627\u0644\u064a :<\/p><p style=\"text-align: right;\">\u0627\u0644\u0631\u0628\u0637 \u0645\u0639 \u0645\u062e\u0627\u0632\u0646<\/p><p style=\"text-align: right;\">\u062a\u0646\u0635\u064a\u0628 \u0642\u0627\u0644\u0628 \u0645\u062a\u062c\u0631 \u0627\u0644\u0643\u062a\u0631\u0648\u0646\u064a \u0645\u062f\u0641\u0648\u0639 \u064a\u0643\u0648\u0646 \u0641\u064a \u0645\u0644\u0643\u064a \u0628\u0647\u0630\u0647 \u0627\u0644\u0637\u0631\u064a\u0642\u0629 \u0644\u0627 \u062a\u062d\u062a\u0627\u062c \u0627\u0644\u0649 \u0623\u0646 \u062a\u0635\u0631\u0641 \u0623\u0643\u062b\u0631<\/p><p style=\"text-align: right;\">\u0625\u0636\u0627\u0641\u0629 \u0623\u0647\u0645 \u0627\u0644\u0635\u0641\u062d\u0627\u062a \u0644\u0645\u0648\u0642\u0639\u0643 \u0633\u064a\u0627\u0633\u0629 \u0627\u0644\u062e\u0635\u0648\u0635\u064a\u0629-\u0627\u062a\u0641\u0627\u0642\u064a\u0629 \u0627\u0644\u0627\u0633\u062a\u062e\u062f\u0627\u0645<\/p><p style=\"text-align: right;\">\u0627\u0644\u0631\u0628\u0637 \u0645\u0639 Google Analytics \u0648 Tag manager \u0648 A\/B Testing<\/p><p style=\"text-align: right;\">\u0627\u0644\u0631\u0628\u0637 \u0645\u0639 Google search console \u0648\u0627\u0636\u0627\u0641\u0629 Plugin SEO<\/p><p style=\"text-align: right;\">\u0627\u0646\u0634\u0627\u0621 User role<\/p><p style=\"text-align: right;\">\u0627\u0644\u0631\u0628\u0637 \u0628\u0627\u0633\u062a\u062e\u062f\u0627\u0645 Zapier<\/p><p style=\"text-align: right;\">\u0645\u062a\u0639\u062f\u062f \u0627\u0644\u0644\u063a\u0627\u062a \u0648\u0644\u0643\u0646 \u0645\u0646 \u062f\u0648\u0646 \u062a\u0631\u062c\u0645\u0629<\/p><p style=\"text-align: right;\">\u0627\u0644\u0631\u062c\u0627\u0621 \u0645\u0631\u0627\u0633\u0644\u062a\u064a \u0642\u0628\u0644 \u0627\u0644\u0634\u0631\u0627\u0621<\/p>\t\t\t\t\t\t\t\t<\/div>\n\t\t\t\t<\/div>\n\t\t\t\t\t<\/div>\n\t\t<\/div>\n\t\t\t\t\t<\/div>\n\t\t<\/section>\n\t\t\t\t<\/div>","protected":false},"excerpt":{"rendered":"<p>Previous Next \u0647\u0644 \u062a\u0631\u064a\u062f \u0627\u0646\u0634\u0627\u0621 \u0645\u0648\u0642\u0639 \u0627\u0644\u062a\u062c\u0627\u0631\u0629 \u0627\u0644\u0627\u0644\u0643\u062a\u0631\u0648\u0646\u064a\u0629 \u0648\u0628\u0627\u0644\u0627\u0636\u0627\u0641\u0629 \u0627\u0644\u0649 \u0631\u0628\u0637\u0647 \u0645\u0639 \u0645\u0648\u0642\u0639 \u0645\u062e\u0627\u0632\u0646 \u0627\u0644\u0634\u0647\u064a\u0631 \u0641\u064a \u0627\u0644\u0633\u0639\u0648\u062f\u064a\u0629\u061f \u0627\u0630\u0627 \u0623\u0646\u062a \u0641\u064a \u0627\u0644\u0645\u0643\u0627\u0646 \u0627\u0644\u0635\u062d\u064a\u062d \u0641\u064a \u0647\u0630\u0647 \u0627\u0644\u062e\u062f\u0645\u0629 \u0623\u0633\u062a\u0637\u064a\u0639 \u0623\u0646 \u0623\u0635\u0645\u0645 \u0644\u0643 \u0645\u062a\u062c\u0631 \u0627\u0644\u0643\u062a\u0631\u0648\u0646\u064a (\u0648\u0648\u0643\u0648\u0645\u0631\u0633) \u0648\u0631\u0628\u0637\u0647 \u0623\u0644\u064a\u0627 \u0645\u0639 \u0645\u0648\u0642\u0639 \u0645\u062e\u0627\u0632\u0646 \u0627\u0644\u062e\u062f\u0645\u0627\u062a \u0627\u0644\u062a\u064a \u0633\u0623\u0642\u062f\u0645\u0647\u0627 \u0641\u064a \u0647\u0630\u0647 \u0627\u0644\u062e\u062f\u0645\u0629 \u062a\u0646\u0635\u064a\u0628 \u0642\u0627\u0644\u0628 \u0645\u062a\u062c\u0631 \u0627\u0644\u0643\u062a\u0631\u0648\u0646\u064a \u0645\u062c\u0627\u0646\u064a \u062a\u0635\u0645\u064a\u0645 \u0627\u0644\u0635\u0641\u062d\u0629 \u0627\u0644\u0631\u0626\u064a\u0633\u064a\u0629 \u0644\u0645\u062a\u062c\u0631\u0643 \u0644\u063a\u0629 \u0648\u0627\u062d\u062f\u0629 \u0648\u062c\u0645\u064a\u0639 [&hellip;]<\/p>\n","protected":false},"author":1,"featured_media":0,"parent":0,"menu_order":0,"comment_status":"closed","ping_status":"closed","template":"","meta":{"footnotes":""},"yoast_head":"<!-- This site is optimized with the Yoast SEO Premium plugin v21.1 (Yoast SEO v23.5) - https:\/\/yoast.com\/wordpress\/plugins\/seo\/ -->\n<title>Designing an online store for WooCommerce in WordPress and linking it automatically with the M5AZN website<\/title>\n<meta name=\"description\" content=\"Do you want to create an e-commerce site in addition to linking it with the famous M5AZN site in Saudi Arabia?So you are in the right place. In this service, I can design an online store for you (WooCommerce) and link it automatically with the M5AZN website\" \/>\n<meta name=\"robots\" content=\"index, follow, max-snippet:-1, max-image-preview:large, max-video-preview:-1\" \/>\n<link rel=\"canonical\" href=\"https:\/\/frf20.com\/ps\/designing-an-online-store-for-woocommerce-in-wordpress-and-linking-it-automatically-with-the-m5azn-website\/\" \/>\n<meta property=\"og:locale\" content=\"ps_AF\" \/>\n<meta property=\"og:type\" content=\"article\" \/>\n<meta property=\"og:title\" content=\"\u062a\u0635\u0645\u064a\u0645 \u0645\u062a\u062c\u0631 \u0627\u0644\u0643\u062a\u0631\u0648\u0646\u064a \u0648\u0648\u0643\u0648\u0645\u0631\u0633 \u0641\u064a \u0648\u0648\u0631\u062f\u0628\u0631\u064a\u0633 \u0648\u0631\u0628\u0637\u0647 \u0627\u0644\u064a\u0627 \u0645\u0639 \u0645\u062e\u0627\u0632\u0646\" \/>\n<meta property=\"og:description\" content=\"Do you want to create an e-commerce site in addition to linking it with the famous M5AZN site in Saudi Arabia?So you are in the right place. In this service, I can design an online store for you (WooCommerce) and link it automatically with the M5AZN website\" \/>\n<meta property=\"og:url\" content=\"https:\/\/frf20.com\/ps\/designing-an-online-store-for-woocommerce-in-wordpress-and-linking-it-automatically-with-the-m5azn-website\/\" \/>\n<meta property=\"og:site_name\" content=\"FRF20\" \/>\n<meta property=\"article:modified_time\" content=\"2021-06-16T08:39:12+00:00\" \/>\n<meta property=\"og:image\" content=\"https:\/\/frf20.com\/wp-content\/uploads\/2021\/06\/Ekran-goruntusu-2021-06-16-081134.png\" \/>\n<meta name=\"twitter:card\" content=\"summary_large_image\" \/>\n<meta name=\"twitter:label1\" content=\"Est. reading time\" \/>\n\t<meta name=\"twitter:data1\" content=\"2 minutes\" \/>\n<script type=\"application\/ld+json\" class=\"yoast-schema-graph\">{\"@context\":\"https:\/\/schema.org\",\"@graph\":[{\"@type\":\"WebPage\",\"@id\":\"https:\/\/frf20.com\/tr\/designing-an-online-store-for-woocommerce-in-wordpress-and-linking-it-automatically-with-the-m5azn-website\/\",\"url\":\"https:\/\/frf20.com\/tr\/designing-an-online-store-for-woocommerce-in-wordpress-and-linking-it-automatically-with-the-m5azn-website\/\",\"name\":\"Designing an online store for WooCommerce in WordPress and linking it automatically with the M5AZN website\",\"isPartOf\":{\"@id\":\"https:\/\/frf20.com\/#website\"},\"primaryImageOfPage\":{\"@id\":\"https:\/\/frf20.com\/tr\/designing-an-online-store-for-woocommerce-in-wordpress-and-linking-it-automatically-with-the-m5azn-website\/#primaryimage\"},\"image\":{\"@id\":\"https:\/\/frf20.com\/tr\/designing-an-online-store-for-woocommerce-in-wordpress-and-linking-it-automatically-with-the-m5azn-website\/#primaryimage\"},\"thumbnailUrl\":\"https:\/\/frf20.com\/wp-content\/uploads\/2021\/06\/Ekran-goruntusu-2021-06-16-081134.png\",\"datePublished\":\"2021-06-16T07:06:08+00:00\",\"dateModified\":\"2021-06-16T08:39:12+00:00\",\"description\":\"Do you want to create an e-commerce site in addition to linking it with the famous M5AZN site in Saudi Arabia?So you are in the right place. In this service, I can design an online store for you (WooCommerce) and link it automatically with the M5AZN website\",\"breadcrumb\":{\"@id\":\"https:\/\/frf20.com\/tr\/designing-an-online-store-for-woocommerce-in-wordpress-and-linking-it-automatically-with-the-m5azn-website\/#breadcrumb\"},\"inLanguage\":\"ps-AF\",\"potentialAction\":[{\"@type\":\"ReadAction\",\"target\":[\"https:\/\/frf20.com\/tr\/designing-an-online-store-for-woocommerce-in-wordpress-and-linking-it-automatically-with-the-m5azn-website\/\"]}]},{\"@type\":\"ImageObject\",\"inLanguage\":\"ps-AF\",\"@id\":\"https:\/\/frf20.com\/tr\/designing-an-online-store-for-woocommerce-in-wordpress-and-linking-it-automatically-with-the-m5azn-website\/#primaryimage\",\"url\":\"https:\/\/frf20.com\/wp-content\/uploads\/2021\/06\/Ekran-goruntusu-2021-06-16-081134.png\",\"contentUrl\":\"https:\/\/frf20.com\/wp-content\/uploads\/2021\/06\/Ekran-goruntusu-2021-06-16-081134.png\"},{\"@type\":\"BreadcrumbList\",\"@id\":\"https:\/\/frf20.com\/tr\/designing-an-online-store-for-woocommerce-in-wordpress-and-linking-it-automatically-with-the-m5azn-website\/#breadcrumb\",\"itemListElement\":[{\"@type\":\"ListItem\",\"position\":1,\"name\":\"Home\",\"item\":\"https:\/\/frf20.com\/\"},{\"@type\":\"ListItem\",\"position\":2,\"name\":\"\u062a\u0635\u0645\u064a\u0645 \u0645\u062a\u062c\u0631 \u0627\u0644\u0643\u062a\u0631\u0648\u0646\u064a \u0648\u0648\u0643\u0648\u0645\u0631\u0633 \u0641\u064a \u0648\u0648\u0631\u062f\u0628\u0631\u064a\u0633 \u0648\u0631\u0628\u0637\u0647 \u0627\u0644\u064a\u0627 \u0645\u0639 \u0645\u062e\u0627\u0632\u0646\"}]},{\"@type\":\"WebSite\",\"@id\":\"https:\/\/frf20.com\/#website\",\"url\":\"https:\/\/frf20.com\/\",\"name\":\"FRF20\",\"description\":\"We have a lot of services like MicroJobs, Digital products, Online teaching and more\",\"publisher\":{\"@id\":\"https:\/\/frf20.com\/#organization\"},\"potentialAction\":[{\"@type\":\"SearchAction\",\"target\":{\"@type\":\"EntryPoint\",\"urlTemplate\":\"https:\/\/frf20.com\/?s={search_term_string}\"},\"query-input\":{\"@type\":\"PropertyValueSpecification\",\"valueRequired\":true,\"valueName\":\"search_term_string\"}}],\"inLanguage\":\"ps-AF\"},{\"@type\":\"Organization\",\"@id\":\"https:\/\/frf20.com\/#organization\",\"name\":\"FRF20\",\"url\":\"https:\/\/frf20.com\/\",\"logo\":{\"@type\":\"ImageObject\",\"inLanguage\":\"ps-AF\",\"@id\":\"https:\/\/frf20.com\/#\/schema\/logo\/image\/\",\"url\":\"https:\/\/frf20.com\/wp-content\/uploads\/2021\/09\/cropped-IMG_20210904_170613_457.png\",\"contentUrl\":\"https:\/\/frf20.com\/wp-content\/uploads\/2021\/09\/cropped-IMG_20210904_170613_457.png\",\"width\":1390,\"height\":1324,\"caption\":\"FRF20\"},\"image\":{\"@id\":\"https:\/\/frf20.com\/#\/schema\/logo\/image\/\"}}]}<\/script>\n<!-- \/ Yoast SEO Premium plugin. -->","yoast_head_json":{"title":"Designing an online store for WooCommerce in WordPress and linking it automatically with the M5AZN website","description":"Do you want to create an e-commerce site in addition to linking it with the famous M5AZN site in Saudi Arabia?So you are in the right place. In this service, I can design an online store for you (WooCommerce) and link it automatically with the M5AZN website","robots":{"index":"index","follow":"follow","max-snippet":"max-snippet:-1","max-image-preview":"max-image-preview:large","max-video-preview":"max-video-preview:-1"},"canonical":"https:\/\/frf20.com\/ps\/designing-an-online-store-for-woocommerce-in-wordpress-and-linking-it-automatically-with-the-m5azn-website\/","og_locale":"ps_AF","og_type":"article","og_title":"\u062a\u0635\u0645\u064a\u0645 \u0645\u062a\u062c\u0631 \u0627\u0644\u0643\u062a\u0631\u0648\u0646\u064a \u0648\u0648\u0643\u0648\u0645\u0631\u0633 \u0641\u064a \u0648\u0648\u0631\u062f\u0628\u0631\u064a\u0633 \u0648\u0631\u0628\u0637\u0647 \u0627\u0644\u064a\u0627 \u0645\u0639 \u0645\u062e\u0627\u0632\u0646","og_description":"Do you want to create an e-commerce site in addition to linking it with the famous M5AZN site in Saudi Arabia?So you are in the right place. In this service, I can design an online store for you (WooCommerce) and link it automatically with the M5AZN website","og_url":"https:\/\/frf20.com\/ps\/designing-an-online-store-for-woocommerce-in-wordpress-and-linking-it-automatically-with-the-m5azn-website\/","og_site_name":"FRF20","article_modified_time":"2021-06-16T08:39:12+00:00","og_image":[{"url":"https:\/\/frf20.com\/wp-content\/uploads\/2021\/06\/Ekran-goruntusu-2021-06-16-081134.png"}],"twitter_card":"summary_large_image","twitter_misc":{"Est. reading time":"2 minutes"},"schema":{"@context":"https:\/\/schema.org","@graph":[{"@type":"WebPage","@id":"https:\/\/frf20.com\/tr\/designing-an-online-store-for-woocommerce-in-wordpress-and-linking-it-automatically-with-the-m5azn-website\/","url":"https:\/\/frf20.com\/tr\/designing-an-online-store-for-woocommerce-in-wordpress-and-linking-it-automatically-with-the-m5azn-website\/","name":"Designing an online store for WooCommerce in WordPress and linking it automatically with the M5AZN website","isPartOf":{"@id":"https:\/\/frf20.com\/#website"},"primaryImageOfPage":{"@id":"https:\/\/frf20.com\/tr\/designing-an-online-store-for-woocommerce-in-wordpress-and-linking-it-automatically-with-the-m5azn-website\/#primaryimage"},"image":{"@id":"https:\/\/frf20.com\/tr\/designing-an-online-store-for-woocommerce-in-wordpress-and-linking-it-automatically-with-the-m5azn-website\/#primaryimage"},"thumbnailUrl":"https:\/\/frf20.com\/wp-content\/uploads\/2021\/06\/Ekran-goruntusu-2021-06-16-081134.png","datePublished":"2021-06-16T07:06:08+00:00","dateModified":"2021-06-16T08:39:12+00:00","description":"Do you want to create an e-commerce site in addition to linking it with the famous M5AZN site in Saudi Arabia?So you are in the right place. In this service, I can design an online store for you (WooCommerce) and link it automatically with the M5AZN website","breadcrumb":{"@id":"https:\/\/frf20.com\/tr\/designing-an-online-store-for-woocommerce-in-wordpress-and-linking-it-automatically-with-the-m5azn-website\/#breadcrumb"},"inLanguage":"ps-AF","potentialAction":[{"@type":"ReadAction","target":["https:\/\/frf20.com\/tr\/designing-an-online-store-for-woocommerce-in-wordpress-and-linking-it-automatically-with-the-m5azn-website\/"]}]},{"@type":"ImageObject","inLanguage":"ps-AF","@id":"https:\/\/frf20.com\/tr\/designing-an-online-store-for-woocommerce-in-wordpress-and-linking-it-automatically-with-the-m5azn-website\/#primaryimage","url":"https:\/\/frf20.com\/wp-content\/uploads\/2021\/06\/Ekran-goruntusu-2021-06-16-081134.png","contentUrl":"https:\/\/frf20.com\/wp-content\/uploads\/2021\/06\/Ekran-goruntusu-2021-06-16-081134.png"},{"@type":"BreadcrumbList","@id":"https:\/\/frf20.com\/tr\/designing-an-online-store-for-woocommerce-in-wordpress-and-linking-it-automatically-with-the-m5azn-website\/#breadcrumb","itemListElement":[{"@type":"ListItem","position":1,"name":"Home","item":"https:\/\/frf20.com\/"},{"@type":"ListItem","position":2,"name":"\u062a\u0635\u0645\u064a\u0645 \u0645\u062a\u062c\u0631 \u0627\u0644\u0643\u062a\u0631\u0648\u0646\u064a \u0648\u0648\u0643\u0648\u0645\u0631\u0633 \u0641\u064a \u0648\u0648\u0631\u062f\u0628\u0631\u064a\u0633 \u0648\u0631\u0628\u0637\u0647 \u0627\u0644\u064a\u0627 \u0645\u0639 \u0645\u062e\u0627\u0632\u0646"}]},{"@type":"WebSite","@id":"https:\/\/frf20.com\/#website","url":"https:\/\/frf20.com\/","name":"FRF20","description":"\u0645\u0648\u0696 \u0689\u06cc\u0631\u06cc \u062e\u062f\u0645\u062a\u0648\u0646\u0647 \u0644\u0631\u0648 \u0644\u06a9\u0647 \u0645\u0627\u06cc\u06a9\u0631\u0648 \u062c\u0627\u0628\u0632\u060c \u0689\u06cc\u062c\u06cc\u067c\u0644 \u0645\u062d\u0635\u0648\u0644\u0627\u062a\u060c \u0622\u0646\u0644\u0627\u06cc\u0646 \u062a\u062f\u0631\u06cc\u0633 \u0627\u0648 \u0646\u0648\u0631","publisher":{"@id":"https:\/\/frf20.com\/#organization"},"potentialAction":[{"@type":"SearchAction","target":{"@type":"EntryPoint","urlTemplate":"https:\/\/frf20.com\/?s={search_term_string}"},"query-input":{"@type":"PropertyValueSpecification","valueRequired":true,"valueName":"search_term_string"}}],"inLanguage":"ps-AF"},{"@type":"Organization","@id":"https:\/\/frf20.com\/#organization","name":"FRF20","url":"https:\/\/frf20.com\/","logo":{"@type":"ImageObject","inLanguage":"ps-AF","@id":"https:\/\/frf20.com\/#\/schema\/logo\/image\/","url":"https:\/\/frf20.com\/wp-content\/uploads\/2021\/09\/cropped-IMG_20210904_170613_457.png","contentUrl":"https:\/\/frf20.com\/wp-content\/uploads\/2021\/09\/cropped-IMG_20210904_170613_457.png","width":1390,"height":1324,"caption":"FRF20"},"image":{"@id":"https:\/\/frf20.com\/#\/schema\/logo\/image\/"}}]}},"_links":{"self":[{"href":"https:\/\/frf20.com\/ps\/wp-json\/wp\/v2\/pages\/867"}],"collection":[{"href":"https:\/\/frf20.com\/ps\/wp-json\/wp\/v2\/pages"}],"about":[{"href":"https:\/\/frf20.com\/ps\/wp-json\/wp\/v2\/types\/page"}],"author":[{"embeddable":true,"href":"https:\/\/frf20.com\/ps\/wp-json\/wp\/v2\/users\/1"}],"replies":[{"embeddable":true,"href":"https:\/\/frf20.com\/ps\/wp-json\/wp\/v2\/comments?post=867"}],"version-history":[{"count":0,"href":"https:\/\/frf20.com\/ps\/wp-json\/wp\/v2\/pages\/867\/revisions"}],"wp:attachment":[{"href":"https:\/\/frf20.com\/ps\/wp-json\/wp\/v2\/media?parent=867"}],"curies":[{"name":"wp","href":"https:\/\/api.w.org\/{rel}","templated":true}]}}