{"id":2271,"date":"2020-12-27T22:24:05","date_gmt":"2020-12-27T19:24:05","guid":{"rendered":"https:\/\/frf20.com\/gr\/?page_id=2271"},"modified":"2021-06-18T12:43:52","modified_gmt":"2021-06-18T09:43:52","slug":"monthly-contracts-for-editing-at-low-price","status":"publish","type":"page","link":"https:\/\/frf20.com\/tr\/homepage\/services\/monthly-contracts-for-editing-at-low-price\/","title":{"rendered":"D\u00fc\u015f\u00fck fiyata D\u00fczenleme i\u00e7in ayl\u0131k s\u00f6zle\u015fmeler"},"content":{"rendered":"<p>K\u00fc\u00e7\u00fck bir \u015firketiniz varsa ve medya d\u00fczenleme i\u00e7in \u00e7al\u0131\u015fanlar\u0131 kar\u015f\u0131layam\u0131yorsan\u0131z. \u00c7\u00f6z\u00fcm bizde. Ayl\u0131k s\u00f6zle\u015fmeleri \u00e7ok d\u00fc\u015f\u00fck fiyata yap\u0131yoruz.<\/p>\n\n\n\n<p>\u00c7al\u0131\u015fanlar\u0131n\u0131z \u00e7ok me\u015fgulse ve i\u015finiz her zaman erteleniyorsa. \u0130\u015flerini h\u0131zl\u0131 ve profesyonelce d\u00fc\u015f\u00fck fiyata yapmalar\u0131na yard\u0131mc\u0131 olabiliriz.<\/p>\n\n\n\n<p>Bir ayl\u0131k paketimiz ve \u00e7ok d\u00fc\u015f\u00fck fiyatlarla \u00fc\u00e7 ayl\u0131k paketimiz var.<\/p>","protected":false},"excerpt":{"rendered":"<p>If you have a small company and can&#8217;t afford employees for media editing. We have the solution. We do monthly contracts at very low price. If your employees are too busy and your work is always postponed. We can help them done their work done fast and professionally at low price. We have one month [&hellip;]<\/p>\n","protected":false},"author":1,"featured_media":0,"parent":987,"menu_order":27,"comment_status":"closed","ping_status":"closed","template":"","meta":{"footnotes":""},"yoast_head":"<!-- This site is optimized with the Yoast SEO Premium plugin v21.1 (Yoast SEO v23.5) - https:\/\/yoast.com\/wordpress\/plugins\/seo\/ -->\n<title>Monthly contracts for Editing at low price - FRF20<\/title>\n<meta name=\"robots\" content=\"index, follow, max-snippet:-1, max-image-preview:large, max-video-preview:-1\" \/>\n<link rel=\"canonical\" href=\"https:\/\/frf20.com\/tr\/homepage\/services\/monthly-contracts-for-editing-at-low-price\/\" \/>\n<meta property=\"og:locale\" content=\"tr_TR\" \/>\n<meta property=\"og:type\" content=\"article\" \/>\n<meta property=\"og:title\" content=\"Monthly contracts for Editing at low price\" \/>\n<meta property=\"og:description\" content=\"If you have a small company and can&#8217;t afford employees for media editing. We have the solution. We do monthly contracts at very low price. If your employees are too busy and your work is always postponed. We can help them done their work done fast and professionally at low price. We have one month [&hellip;]\" \/>\n<meta property=\"og:url\" content=\"https:\/\/frf20.com\/tr\/homepage\/services\/monthly-contracts-for-editing-at-low-price\/\" \/>\n<meta property=\"og:site_name\" content=\"FRF20\" \/>\n<meta property=\"article:modified_time\" content=\"2021-06-18T09:43:52+00:00\" \/>\n<meta name=\"twitter:card\" content=\"summary_large_image\" \/>\n<script type=\"application\/ld+json\" class=\"yoast-schema-graph\">{\"@context\":\"https:\/\/schema.org\",\"@graph\":[{\"@type\":\"WebPage\",\"@id\":\"https:\/\/frf20.com\/homepage\/services\/monthly-contracts-for-editing-at-low-price\/\",\"url\":\"https:\/\/frf20.com\/homepage\/services\/monthly-contracts-for-editing-at-low-price\/\",\"name\":\"Monthly contracts for Editing at low price - FRF20\",\"isPartOf\":{\"@id\":\"https:\/\/frf20.com\/#website\"},\"datePublished\":\"2020-12-27T19:24:05+00:00\",\"dateModified\":\"2021-06-18T09:43:52+00:00\",\"breadcrumb\":{\"@id\":\"https:\/\/frf20.com\/homepage\/services\/monthly-contracts-for-editing-at-low-price\/#breadcrumb\"},\"inLanguage\":\"tr\",\"potentialAction\":[{\"@type\":\"ReadAction\",\"target\":[\"https:\/\/frf20.com\/homepage\/services\/monthly-contracts-for-editing-at-low-price\/\"]}]},{\"@type\":\"BreadcrumbList\",\"@id\":\"https:\/\/frf20.com\/homepage\/services\/monthly-contracts-for-editing-at-low-price\/#breadcrumb\",\"itemListElement\":[{\"@type\":\"ListItem\",\"position\":1,\"name\":\"Home\",\"item\":\"https:\/\/frf20.com\/\"},{\"@type\":\"ListItem\",\"position\":2,\"name\":\"Homepage\",\"item\":\"https:\/\/frf20.com\/\"},{\"@type\":\"ListItem\",\"position\":3,\"name\":\"Services\",\"item\":\"https:\/\/frf20.com\/homepage\/services\/\"},{\"@type\":\"ListItem\",\"position\":4,\"name\":\"Monthly contracts for Editing at low price\"}]},{\"@type\":\"WebSite\",\"@id\":\"https:\/\/frf20.com\/#website\",\"url\":\"https:\/\/frf20.com\/\",\"name\":\"FRF20\",\"description\":\"We have a lot of services like MicroJobs, Digital products, Online teaching and more\",\"publisher\":{\"@id\":\"https:\/\/frf20.com\/#organization\"},\"potentialAction\":[{\"@type\":\"SearchAction\",\"target\":{\"@type\":\"EntryPoint\",\"urlTemplate\":\"https:\/\/frf20.com\/?s={search_term_string}\"},\"query-input\":{\"@type\":\"PropertyValueSpecification\",\"valueRequired\":true,\"valueName\":\"search_term_string\"}}],\"inLanguage\":\"tr\"},{\"@type\":\"Organization\",\"@id\":\"https:\/\/frf20.com\/#organization\",\"name\":\"FRF20\",\"url\":\"https:\/\/frf20.com\/\",\"logo\":{\"@type\":\"ImageObject\",\"inLanguage\":\"tr\",\"@id\":\"https:\/\/frf20.com\/#\/schema\/logo\/image\/\",\"url\":\"https:\/\/frf20.com\/wp-content\/uploads\/2021\/09\/cropped-IMG_20210904_170613_457.png\",\"contentUrl\":\"https:\/\/frf20.com\/wp-content\/uploads\/2021\/09\/cropped-IMG_20210904_170613_457.png\",\"width\":1390,\"height\":1324,\"caption\":\"FRF20\"},\"image\":{\"@id\":\"https:\/\/frf20.com\/#\/schema\/logo\/image\/\"}}]}<\/script>\n<!-- \/ Yoast SEO Premium plugin. -->","yoast_head_json":{"title":"D\u00fc\u015f\u00fck fiyata D\u00fczenleme i\u00e7in ayl\u0131k s\u00f6zle\u015fmeler - FRF20","robots":{"index":"index","follow":"follow","max-snippet":"max-snippet:-1","max-image-preview":"max-image-preview:large","max-video-preview":"max-video-preview:-1"},"canonical":"https:\/\/frf20.com\/tr\/homepage\/services\/monthly-contracts-for-editing-at-low-price\/","og_locale":"tr_TR","og_type":"article","og_title":"Monthly contracts for Editing at low price","og_description":"If you have a small company and can&#8217;t afford employees for media editing. We have the solution. We do monthly contracts at very low price. If your employees are too busy and your work is always postponed. We can help them done their work done fast and professionally at low price. We have one month [&hellip;]","og_url":"https:\/\/frf20.com\/tr\/homepage\/services\/monthly-contracts-for-editing-at-low-price\/","og_site_name":"FRF20","article_modified_time":"2021-06-18T09:43:52+00:00","twitter_card":"summary_large_image","schema":{"@context":"https:\/\/schema.org","@graph":[{"@type":"WebPage","@id":"https:\/\/frf20.com\/homepage\/services\/monthly-contracts-for-editing-at-low-price\/","url":"https:\/\/frf20.com\/homepage\/services\/monthly-contracts-for-editing-at-low-price\/","name":"D\u00fc\u015f\u00fck fiyata D\u00fczenleme i\u00e7in ayl\u0131k s\u00f6zle\u015fmeler - FRF20","isPartOf":{"@id":"https:\/\/frf20.com\/#website"},"datePublished":"2020-12-27T19:24:05+00:00","dateModified":"2021-06-18T09:43:52+00:00","breadcrumb":{"@id":"https:\/\/frf20.com\/homepage\/services\/monthly-contracts-for-editing-at-low-price\/#breadcrumb"},"inLanguage":"tr","potentialAction":[{"@type":"ReadAction","target":["https:\/\/frf20.com\/homepage\/services\/monthly-contracts-for-editing-at-low-price\/"]}]},{"@type":"BreadcrumbList","@id":"https:\/\/frf20.com\/homepage\/services\/monthly-contracts-for-editing-at-low-price\/#breadcrumb","itemListElement":[{"@type":"ListItem","position":1,"name":"Home","item":"https:\/\/frf20.com\/"},{"@type":"ListItem","position":2,"name":"Homepage","item":"https:\/\/frf20.com\/"},{"@type":"ListItem","position":3,"name":"Services","item":"https:\/\/frf20.com\/homepage\/services\/"},{"@type":"ListItem","position":4,"name":"Monthly contracts for Editing at low price"}]},{"@type":"WebSite","@id":"https:\/\/frf20.com\/#website","url":"https:\/\/frf20.com\/","name":"FRF20","description":"Mikro \u0130\u015fler, Dijital \u00fcr\u00fcnler, \u00c7evrimi\u00e7i \u00f6\u011fretim ve daha pek \u00e7ok hizmetimiz var","publisher":{"@id":"https:\/\/frf20.com\/#organization"},"potentialAction":[{"@type":"SearchAction","target":{"@type":"EntryPoint","urlTemplate":"https:\/\/frf20.com\/?s={search_term_string}"},"query-input":{"@type":"PropertyValueSpecification","valueRequired":true,"valueName":"search_term_string"}}],"inLanguage":"tr"},{"@type":"Organization","@id":"https:\/\/frf20.com\/#organization","name":"FRF20","url":"https:\/\/frf20.com\/","logo":{"@type":"ImageObject","inLanguage":"tr","@id":"https:\/\/frf20.com\/#\/schema\/logo\/image\/","url":"https:\/\/frf20.com\/wp-content\/uploads\/2021\/09\/cropped-IMG_20210904_170613_457.png","contentUrl":"https:\/\/frf20.com\/wp-content\/uploads\/2021\/09\/cropped-IMG_20210904_170613_457.png","width":1390,"height":1324,"caption":"FRF20"},"image":{"@id":"https:\/\/frf20.com\/#\/schema\/logo\/image\/"}}]}},"_links":{"self":[{"href":"https:\/\/frf20.com\/tr\/wp-json\/wp\/v2\/pages\/2271"}],"collection":[{"href":"https:\/\/frf20.com\/tr\/wp-json\/wp\/v2\/pages"}],"about":[{"href":"https:\/\/frf20.com\/tr\/wp-json\/wp\/v2\/types\/page"}],"author":[{"embeddable":true,"href":"https:\/\/frf20.com\/tr\/wp-json\/wp\/v2\/users\/1"}],"replies":[{"embeddable":true,"href":"https:\/\/frf20.com\/tr\/wp-json\/wp\/v2\/comments?post=2271"}],"version-history":[{"count":0,"href":"https:\/\/frf20.com\/tr\/wp-json\/wp\/v2\/pages\/2271\/revisions"}],"up":[{"embeddable":true,"href":"https:\/\/frf20.com\/tr\/wp-json\/wp\/v2\/pages\/987"}],"wp:attachment":[{"href":"https:\/\/frf20.com\/tr\/wp-json\/wp\/v2\/media?parent=2271"}],"curies":[{"name":"wp","href":"https:\/\/api.w.org\/{rel}","templated":true}]}}