{"id":2615,"date":"2021-03-06T15:44:43","date_gmt":"2021-03-06T12:44:43","guid":{"rendered":"https:\/\/frf20.com\/gr\/?page_id=2615"},"modified":"2021-06-18T12:43:36","modified_gmt":"2021-06-18T09:43:36","slug":"powerpoint-templates","status":"publish","type":"page","link":"https:\/\/frf20.com\/tr\/homepage\/services\/powerpoint-templates\/","title":{"rendered":"PowerPoint \u015fablonlar\u0131"},"content":{"rendered":"<div class=\"wp-block-columns is-layout-flex wp-container-core-columns-layout-1 wp-block-columns-is-layout-flex\">\n<div class=\"wp-block-column is-layout-flow wp-block-column-is-layout-flow\">\n<figure class=\"wp-block-video aligncenter\"><video controls src=\"https:\/\/frf20.com\/wp-content\/uploads\/2021\/03\/PP210306A01-1.mp4\"><\/video><figcaption>bas\u0131n&nbsp;<span class=\"has-inline-color has-vivid-red-color\"><strong>KIRMIZI<\/strong>&nbsp;<\/span>kodlay\u0131n ve WhatsApp ile bizimle payla\u015f\u0131n:&nbsp;<strong><span class=\"has-inline-color has-vivid-red-color\">PP210306A01<\/span><\/strong><\/figcaption><\/figure>\n<\/div>\n\n\n\n<div class=\"wp-block-column is-vertically-aligned-center is-layout-flow wp-block-column-is-layout-flow\">\n<figure class=\"wp-block-video aligncenter\"><video controls src=\"https:\/\/frf20.com\/wp-content\/uploads\/2021\/03\/PP210306A02-2-1.mp4\"><\/video><figcaption>bas\u0131n&nbsp;<span class=\"has-inline-color has-vivid-red-color\"><strong>KIRMIZI<\/strong>&nbsp;<\/span>kodlay\u0131n ve WhatsApp ile bizimle payla\u015f\u0131n:&nbsp;<strong><span class=\"has-inline-color has-vivid-red-color\">PP210306A02<\/span><\/strong><\/figcaption><\/figure>\n<\/div>\n<\/div>\n\n\n\n<div class=\"wp-block-columns is-layout-flex wp-container-core-columns-layout-2 wp-block-columns-is-layout-flex\">\n<div class=\"wp-block-column is-layout-flow wp-block-column-is-layout-flow\">\n<figure class=\"wp-block-video aligncenter\"><video controls src=\"https:\/\/frf20.com\/wp-content\/uploads\/2021\/03\/PP210307A03-1-1.mp4\"><\/video><figcaption>bas\u0131n&nbsp;<span class=\"has-inline-color has-vivid-red-color\"><strong>KIRMIZI<\/strong>&nbsp;<\/span>kodlay\u0131n ve WhatsApp ile bizimle payla\u015f\u0131n:&nbsp;<strong><span class=\"has-inline-color has-vivid-red-color\">PP210307A03<\/span><\/strong><\/figcaption><\/figure>\n<\/div>\n\n\n\n<div class=\"wp-block-column is-layout-flow wp-block-column-is-layout-flow\">\n<figure class=\"wp-block-video aligncenter\"><video src=\"https:\/\/frf20.com\/wp-content\/uploads\/2021\/03\/PP210307A04-1-1.mp4\"><\/video><figcaption>bas\u0131n&nbsp;<span class=\"has-inline-color has-vivid-red-color\"><strong>KIRMIZI<\/strong>&nbsp;<\/span>kodlay\u0131n ve WhatsApp ile bizimle payla\u015f\u0131n:&nbsp;<strong><span class=\"has-inline-color has-vivid-red-color\">PP210307A04<\/span><\/strong><\/figcaption><\/figure>\n<\/div>\n<\/div>\n\n\n\n<div class=\"wp-block-columns is-layout-flex wp-container-core-columns-layout-3 wp-block-columns-is-layout-flex\">\n<div class=\"wp-block-column is-layout-flow wp-block-column-is-layout-flow\">\n<figure class=\"wp-block-video aligncenter\"><video controls src=\"https:\/\/frf20.com\/wp-content\/uploads\/2021\/03\/PP210307A05-1.mp4\"><\/video><figcaption>bas\u0131n&nbsp;<strong><span class=\"has-inline-color has-vivid-red-color\">KIRMIZI<\/span><\/strong>&nbsp;kodlay\u0131n ve WhatsApp ile bizimle payla\u015f\u0131n:&nbsp;<strong><span class=\"has-inline-color has-vivid-red-color\">PP210307A05<\/span><\/strong><\/figcaption><\/figure>\n<\/div>\n\n\n\n<div class=\"wp-block-column is-layout-flow wp-block-column-is-layout-flow\">\n<figure class=\"wp-block-video aligncenter\"><video controls src=\"https:\/\/frf20.com\/wp-content\/uploads\/2021\/03\/PP210307A06-1.mp4\"><\/video><figcaption>bas\u0131n&nbsp;<span class=\"has-inline-color has-vivid-red-color\"><strong>KIRMIZI<\/strong>&nbsp;<\/span>kodlay\u0131n ve WhatsApp ile bizimle payla\u015f\u0131n:&nbsp;<strong><span class=\"has-inline-color has-vivid-red-color\">PP210307A06<\/span><\/strong><\/figcaption><\/figure>\n<\/div>\n<\/div>\n\n\n\n<div class=\"wp-block-columns is-layout-flex wp-container-core-columns-layout-4 wp-block-columns-is-layout-flex\">\n<div class=\"wp-block-column is-layout-flow wp-block-column-is-layout-flow\">\n<figure class=\"wp-block-video aligncenter\"><video controls src=\"https:\/\/frf20.com\/wp-content\/uploads\/2021\/03\/PP210307A07-1-1.mp4\"><\/video><figcaption>bas\u0131n&nbsp;<span class=\"has-inline-color has-vivid-red-color\"><strong>KIRMIZI<\/strong>&nbsp;<\/span>kodlay\u0131n ve WhatsApp ile bizimle payla\u015f\u0131n:&nbsp;<strong><span class=\"has-inline-color has-vivid-red-color\">PP210307A07<\/span><\/strong><\/figcaption><\/figure>\n<\/div>\n\n\n\n<div class=\"wp-block-column is-layout-flow wp-block-column-is-layout-flow\">\n<figure class=\"wp-block-video aligncenter\"><video controls src=\"https:\/\/frf20.com\/wp-content\/uploads\/2021\/03\/PP210307A08-1-1.mp4\"><\/video><figcaption>bas\u0131n&nbsp;<span class=\"has-inline-color has-vivid-red-color\"><strong>KIRMIZI<\/strong>&nbsp;<\/span>kodlay\u0131n ve WhatsApp ile bizimle payla\u015f\u0131n:&nbsp;<strong><span class=\"has-inline-color has-vivid-red-color\">PP210307A08<\/span><\/strong><\/figcaption><\/figure>\n<\/div>\n<\/div>\n\n\n\n<div class=\"wp-block-columns is-layout-flex wp-container-core-columns-layout-5 wp-block-columns-is-layout-flex\">\n<div class=\"wp-block-column is-layout-flow wp-block-column-is-layout-flow\">\n<figure class=\"wp-block-video aligncenter\"><video controls src=\"https:\/\/frf20.com\/wp-content\/uploads\/2021\/03\/PP210307A09-1-1.mp4\"><\/video><figcaption>bas\u0131n&nbsp;<span class=\"has-inline-color has-vivid-red-color\"><strong>KIRMIZI<\/strong>&nbsp;<\/span>kodlay\u0131n ve WhatsApp ile bizimle payla\u015f\u0131n:&nbsp;<strong><span class=\"has-inline-color has-vivid-red-color\">PP210307A09<\/span><\/strong><\/figcaption><\/figure>\n<\/div>\n\n\n\n<div class=\"wp-block-column is-layout-flow wp-block-column-is-layout-flow\">\n<figure class=\"wp-block-video aligncenter\"><video controls src=\"https:\/\/frf20.com\/wp-content\/uploads\/2021\/03\/PP210307A10-1.mp4\"><\/video><figcaption>bas\u0131n&nbsp;<span class=\"has-inline-color has-vivid-red-color\"><strong>KIRMIZI<\/strong>&nbsp;<\/span>kodlay\u0131n ve WhatsApp ile bizimle payla\u015f\u0131n:<span class=\"has-inline-color has-vivid-red-color\">&nbsp;<strong>PP210307A10<\/strong><\/span><\/figcaption><\/figure>\n<\/div>\n<\/div>\n\n\n\n<div class=\"wp-block-columns is-layout-flex wp-container-core-columns-layout-6 wp-block-columns-is-layout-flex\">\n<div class=\"wp-block-column is-layout-flow wp-block-column-is-layout-flow\">\n<figure class=\"wp-block-video aligncenter\"><video controls src=\"https:\/\/frf20.com\/wp-content\/uploads\/2021\/03\/PP210308A11-1-1.mp4\"><\/video><figcaption>bas\u0131n&nbsp;<span class=\"has-inline-color has-vivid-red-color\"><strong>KIRMIZI<\/strong>&nbsp;<\/span>kodlay\u0131n ve WhatsApp ile bizimle payla\u015f\u0131n:&nbsp;<strong><span class=\"has-inline-color has-vivid-red-color\">PP210308A11<\/span><\/strong><\/figcaption><\/figure>\n<\/div>\n\n\n\n<div class=\"wp-block-column is-layout-flow wp-block-column-is-layout-flow\">\n<figure class=\"wp-block-video aligncenter\"><video controls src=\"https:\/\/frf20.com\/wp-content\/uploads\/2021\/03\/PP210308A12-1-1.mp4\"><\/video><figcaption>bas\u0131n&nbsp;<span class=\"has-inline-color has-vivid-red-color\"><strong>KIRMIZI<\/strong>&nbsp;<\/span>kodlay\u0131n ve WhatsApp ile bizimle payla\u015f\u0131n:&nbsp;<strong><span class=\"has-inline-color has-vivid-red-color\">PP210308A12<\/span><\/strong><\/figcaption><\/figure>\n<\/div>\n<\/div>\n\n\n\n<div class=\"wp-block-columns is-layout-flex wp-container-core-columns-layout-7 wp-block-columns-is-layout-flex\">\n<div class=\"wp-block-column is-layout-flow wp-block-column-is-layout-flow\">\n<figure class=\"wp-block-video aligncenter\"><video controls src=\"https:\/\/frf20.com\/wp-content\/uploads\/2021\/03\/PP210308A13-1-1.mp4\"><\/video><figcaption>bas\u0131n&nbsp;<span class=\"has-inline-color has-vivid-red-color\"><strong>KIRMIZI<\/strong>&nbsp;<\/span>kodlay\u0131n ve WhatsApp ile bizimle payla\u015f\u0131n:&nbsp;<strong><span class=\"has-inline-color has-vivid-red-color\">PP210308A13<\/span><\/strong><\/figcaption><\/figure>\n<\/div>\n\n\n\n<div class=\"wp-block-column is-layout-flow wp-block-column-is-layout-flow\">\n<figure class=\"wp-block-video aligncenter\"><video controls src=\"https:\/\/frf20.com\/wp-content\/uploads\/2021\/03\/PP210308A14-1-1.mp4\"><\/video><figcaption>bas\u0131n&nbsp;<span class=\"has-inline-color has-vivid-red-color\"><strong>KIRMIZI<\/strong>&nbsp;<\/span>kodlay\u0131n ve WhatsApp ile bizimle payla\u015f\u0131n:&nbsp;<strong><span class=\"has-inline-color has-vivid-red-color\">PP210308A14<\/span><\/strong><\/figcaption><\/figure>\n<\/div>\n<\/div>\n\n\n\n<div class=\"wp-block-columns is-layout-flex wp-container-core-columns-layout-8 wp-block-columns-is-layout-flex\">\n<div class=\"wp-block-column is-layout-flow wp-block-column-is-layout-flow\">\n<figure class=\"wp-block-video aligncenter\"><video controls src=\"https:\/\/frf20.com\/wp-content\/uploads\/2021\/03\/PP210308A15-1-1.mp4\"><\/video><figcaption>bas\u0131n&nbsp;<span class=\"has-inline-color has-vivid-red-color\"><strong>KIRMIZI<\/strong>&nbsp;<\/span>kodlay\u0131n ve WhatsApp ile bizimle payla\u015f\u0131n:&nbsp;<strong><span class=\"has-inline-color has-vivid-red-color\">PP210308A15<\/span><\/strong><\/figcaption><\/figure>\n<\/div>\n\n\n\n<div class=\"wp-block-column is-layout-flow wp-block-column-is-layout-flow\">\n<figure class=\"wp-block-video\"><\/figure>\n<\/div>\n<\/div>\n\n\n\n<p><\/p>","protected":false},"excerpt":{"rendered":"","protected":false},"author":1,"featured_media":0,"parent":987,"menu_order":30,"comment_status":"closed","ping_status":"closed","template":"","meta":{"footnotes":""},"yoast_head":"<!-- This site is optimized with the Yoast SEO Premium plugin v21.1 (Yoast SEO v23.5) - https:\/\/yoast.com\/wordpress\/plugins\/seo\/ -->\n<title>PowerPoint templates - FRF20<\/title>\n<meta name=\"robots\" content=\"index, follow, max-snippet:-1, max-image-preview:large, max-video-preview:-1\" \/>\n<link rel=\"canonical\" href=\"https:\/\/frf20.com\/tr\/homepage\/services\/powerpoint-templates\/\" \/>\n<meta property=\"og:locale\" content=\"tr_TR\" \/>\n<meta property=\"og:type\" content=\"article\" \/>\n<meta property=\"og:title\" content=\"PowerPoint templates\" \/>\n<meta property=\"og:url\" content=\"https:\/\/frf20.com\/tr\/homepage\/services\/powerpoint-templates\/\" \/>\n<meta property=\"og:site_name\" content=\"FRF20\" \/>\n<meta property=\"article:modified_time\" content=\"2021-06-18T09:43:36+00:00\" \/>\n<meta name=\"twitter:card\" content=\"summary_large_image\" \/>\n<meta name=\"twitter:label1\" content=\"Tahmini okuma s\u00fcresi\" \/>\n\t<meta name=\"twitter:data1\" content=\"1 dakika\" \/>\n<script type=\"application\/ld+json\" class=\"yoast-schema-graph\">{\"@context\":\"https:\/\/schema.org\",\"@graph\":[{\"@type\":\"WebPage\",\"@id\":\"https:\/\/frf20.com\/homepage\/services\/powerpoint-templates\/\",\"url\":\"https:\/\/frf20.com\/homepage\/services\/powerpoint-templates\/\",\"name\":\"PowerPoint templates - FRF20\",\"isPartOf\":{\"@id\":\"https:\/\/frf20.com\/#website\"},\"datePublished\":\"2021-03-06T12:44:43+00:00\",\"dateModified\":\"2021-06-18T09:43:36+00:00\",\"breadcrumb\":{\"@id\":\"https:\/\/frf20.com\/homepage\/services\/powerpoint-templates\/#breadcrumb\"},\"inLanguage\":\"tr\",\"potentialAction\":[{\"@type\":\"ReadAction\",\"target\":[\"https:\/\/frf20.com\/homepage\/services\/powerpoint-templates\/\"]}]},{\"@type\":\"BreadcrumbList\",\"@id\":\"https:\/\/frf20.com\/homepage\/services\/powerpoint-templates\/#breadcrumb\",\"itemListElement\":[{\"@type\":\"ListItem\",\"position\":1,\"name\":\"Home\",\"item\":\"https:\/\/frf20.com\/\"},{\"@type\":\"ListItem\",\"position\":2,\"name\":\"Homepage\",\"item\":\"https:\/\/frf20.com\/\"},{\"@type\":\"ListItem\",\"position\":3,\"name\":\"Services\",\"item\":\"https:\/\/frf20.com\/homepage\/services\/\"},{\"@type\":\"ListItem\",\"position\":4,\"name\":\"PowerPoint templates\"}]},{\"@type\":\"WebSite\",\"@id\":\"https:\/\/frf20.com\/#website\",\"url\":\"https:\/\/frf20.com\/\",\"name\":\"FRF20\",\"description\":\"We have a lot of services like MicroJobs, Digital products, Online teaching and more\",\"publisher\":{\"@id\":\"https:\/\/frf20.com\/#organization\"},\"potentialAction\":[{\"@type\":\"SearchAction\",\"target\":{\"@type\":\"EntryPoint\",\"urlTemplate\":\"https:\/\/frf20.com\/?s={search_term_string}\"},\"query-input\":{\"@type\":\"PropertyValueSpecification\",\"valueRequired\":true,\"valueName\":\"search_term_string\"}}],\"inLanguage\":\"tr\"},{\"@type\":\"Organization\",\"@id\":\"https:\/\/frf20.com\/#organization\",\"name\":\"FRF20\",\"url\":\"https:\/\/frf20.com\/\",\"logo\":{\"@type\":\"ImageObject\",\"inLanguage\":\"tr\",\"@id\":\"https:\/\/frf20.com\/#\/schema\/logo\/image\/\",\"url\":\"https:\/\/frf20.com\/wp-content\/uploads\/2021\/09\/cropped-IMG_20210904_170613_457.png\",\"contentUrl\":\"https:\/\/frf20.com\/wp-content\/uploads\/2021\/09\/cropped-IMG_20210904_170613_457.png\",\"width\":1390,\"height\":1324,\"caption\":\"FRF20\"},\"image\":{\"@id\":\"https:\/\/frf20.com\/#\/schema\/logo\/image\/\"}}]}<\/script>\n<!-- \/ Yoast SEO Premium plugin. -->","yoast_head_json":{"title":"PowerPoint \u015fablonlar\u0131 - FRF20","robots":{"index":"index","follow":"follow","max-snippet":"max-snippet:-1","max-image-preview":"max-image-preview:large","max-video-preview":"max-video-preview:-1"},"canonical":"https:\/\/frf20.com\/tr\/homepage\/services\/powerpoint-templates\/","og_locale":"tr_TR","og_type":"article","og_title":"PowerPoint templates","og_url":"https:\/\/frf20.com\/tr\/homepage\/services\/powerpoint-templates\/","og_site_name":"FRF20","article_modified_time":"2021-06-18T09:43:36+00:00","twitter_card":"summary_large_image","twitter_misc":{"Tahmini okuma s\u00fcresi":"1 dakika"},"schema":{"@context":"https:\/\/schema.org","@graph":[{"@type":"WebPage","@id":"https:\/\/frf20.com\/homepage\/services\/powerpoint-templates\/","url":"https:\/\/frf20.com\/homepage\/services\/powerpoint-templates\/","name":"PowerPoint \u015fablonlar\u0131 - FRF20","isPartOf":{"@id":"https:\/\/frf20.com\/#website"},"datePublished":"2021-03-06T12:44:43+00:00","dateModified":"2021-06-18T09:43:36+00:00","breadcrumb":{"@id":"https:\/\/frf20.com\/homepage\/services\/powerpoint-templates\/#breadcrumb"},"inLanguage":"tr","potentialAction":[{"@type":"ReadAction","target":["https:\/\/frf20.com\/homepage\/services\/powerpoint-templates\/"]}]},{"@type":"BreadcrumbList","@id":"https:\/\/frf20.com\/homepage\/services\/powerpoint-templates\/#breadcrumb","itemListElement":[{"@type":"ListItem","position":1,"name":"Home","item":"https:\/\/frf20.com\/"},{"@type":"ListItem","position":2,"name":"Homepage","item":"https:\/\/frf20.com\/"},{"@type":"ListItem","position":3,"name":"Services","item":"https:\/\/frf20.com\/homepage\/services\/"},{"@type":"ListItem","position":4,"name":"PowerPoint templates"}]},{"@type":"WebSite","@id":"https:\/\/frf20.com\/#website","url":"https:\/\/frf20.com\/","name":"FRF20","description":"Mikro \u0130\u015fler, Dijital \u00fcr\u00fcnler, \u00c7evrimi\u00e7i \u00f6\u011fretim ve daha pek \u00e7ok hizmetimiz var","publisher":{"@id":"https:\/\/frf20.com\/#organization"},"potentialAction":[{"@type":"SearchAction","target":{"@type":"EntryPoint","urlTemplate":"https:\/\/frf20.com\/?s={search_term_string}"},"query-input":{"@type":"PropertyValueSpecification","valueRequired":true,"valueName":"search_term_string"}}],"inLanguage":"tr"},{"@type":"Organization","@id":"https:\/\/frf20.com\/#organization","name":"FRF20","url":"https:\/\/frf20.com\/","logo":{"@type":"ImageObject","inLanguage":"tr","@id":"https:\/\/frf20.com\/#\/schema\/logo\/image\/","url":"https:\/\/frf20.com\/wp-content\/uploads\/2021\/09\/cropped-IMG_20210904_170613_457.png","contentUrl":"https:\/\/frf20.com\/wp-content\/uploads\/2021\/09\/cropped-IMG_20210904_170613_457.png","width":1390,"height":1324,"caption":"FRF20"},"image":{"@id":"https:\/\/frf20.com\/#\/schema\/logo\/image\/"}}]}},"_links":{"self":[{"href":"https:\/\/frf20.com\/tr\/wp-json\/wp\/v2\/pages\/2615"}],"collection":[{"href":"https:\/\/frf20.com\/tr\/wp-json\/wp\/v2\/pages"}],"about":[{"href":"https:\/\/frf20.com\/tr\/wp-json\/wp\/v2\/types\/page"}],"author":[{"embeddable":true,"href":"https:\/\/frf20.com\/tr\/wp-json\/wp\/v2\/users\/1"}],"replies":[{"embeddable":true,"href":"https:\/\/frf20.com\/tr\/wp-json\/wp\/v2\/comments?post=2615"}],"version-history":[{"count":0,"href":"https:\/\/frf20.com\/tr\/wp-json\/wp\/v2\/pages\/2615\/revisions"}],"up":[{"embeddable":true,"href":"https:\/\/frf20.com\/tr\/wp-json\/wp\/v2\/pages\/987"}],"wp:attachment":[{"href":"https:\/\/frf20.com\/tr\/wp-json\/wp\/v2\/media?parent=2615"}],"curies":[{"name":"wp","href":"https:\/\/api.w.org\/{rel}","templated":true}]}}