{"id":2717,"date":"2021-03-16T22:03:52","date_gmt":"2021-03-16T19:03:52","guid":{"rendered":"https:\/\/frf20.com\/gr\/?page_id=2717"},"modified":"2022-01-24T22:49:33","modified_gmt":"2022-01-24T19:49:33","slug":"t-shirt-design","status":"publish","type":"page","link":"https:\/\/frf20.com\/tr\/homepage\/services\/t-shirt-design\/","title":{"rendered":"Ti\u015f\u00f6rt Tasar\u0131m\u0131"},"content":{"rendered":"<div class=\"wp-block-columns is-layout-flex wp-container-core-columns-layout-1 wp-block-columns-is-layout-flex\">\n<div class=\"wp-block-column is-layout-flow wp-block-column-is-layout-flow\">\n<div class=\"wp-block-image\"><figure class=\"aligncenter size-medium\"><img fetchpriority=\"high\" decoding=\"async\" width=\"300\" height=\"300\" src=\"https:\/\/frf20.com\/wp-content\/uploads\/2021\/03\/TS210316A01-2-1-300x300.jpg\" alt=\"\" class=\"wp-image-2726\" srcset=\"https:\/\/frf20.com\/wp-content\/uploads\/2021\/03\/TS210316A01-2-1-300x300.jpg 300w, https:\/\/frf20.com\/wp-content\/uploads\/2021\/03\/TS210316A01-2-1-150x150.jpg 150w, https:\/\/frf20.com\/wp-content\/uploads\/2021\/03\/TS210316A01-2-1-12x12.jpg 12w, https:\/\/frf20.com\/wp-content\/uploads\/2021\/03\/TS210316A01-2-1-100x100.jpg 100w, https:\/\/frf20.com\/wp-content\/uploads\/2021\/03\/TS210316A01-2-1.jpg 500w\" sizes=\"(max-width: 300px) 100vw, 300px\" \/><figcaption>bas\u0131n&nbsp;<strong><span class=\"has-inline-color has-vivid-red-color\">KIRMIZI&nbsp;<\/span><\/strong>kodlay\u0131n ve bizimle payla\u015f\u0131n<br>Naber:<span class=\"has-inline-color has-vivid-red-color\">&nbsp;<strong>TS(210316A02<\/strong><\/span><\/figcaption><\/figure><\/div>\n<\/div>\n\n\n\n<div class=\"wp-block-column is-layout-flow wp-block-column-is-layout-flow\">\n<div class=\"wp-block-image\"><figure class=\"aligncenter size-medium\"><a href=\"https:\/\/frf20.com\/wp-content\/uploads\/2021\/03\/TS210316A02-1.jpg\"><img decoding=\"async\" width=\"300\" height=\"300\" src=\"https:\/\/frf20.com\/wp-content\/uploads\/2021\/03\/TS210316A02-1-300x300.jpg\" alt=\"\" class=\"wp-image-2720\" srcset=\"https:\/\/frf20.com\/wp-content\/uploads\/2021\/03\/TS210316A02-1-300x300.jpg 300w, https:\/\/frf20.com\/wp-content\/uploads\/2021\/03\/TS210316A02-1-150x150.jpg 150w, https:\/\/frf20.com\/wp-content\/uploads\/2021\/03\/TS210316A02-1-12x12.jpg 12w, https:\/\/frf20.com\/wp-content\/uploads\/2021\/03\/TS210316A02-1-100x100.jpg 100w, https:\/\/frf20.com\/wp-content\/uploads\/2021\/03\/TS210316A02-1.jpg 500w\" sizes=\"(max-width: 300px) 100vw, 300px\" \/><\/a><figcaption>bas\u0131n&nbsp;<strong><span class=\"has-inline-color has-vivid-red-color\">KIRMIZI&nbsp;<\/span><\/strong>kodlay\u0131n ve bizimle payla\u015f\u0131n<br>Naber:<span class=\"has-inline-color has-vivid-red-color\">&nbsp;<strong>TS(210316A02<\/strong><\/span><\/figcaption><\/figure><\/div>\n<\/div>\n<\/div>\n\n\n\n<div class=\"wp-block-columns is-layout-flex wp-container-core-columns-layout-2 wp-block-columns-is-layout-flex\">\n<div class=\"wp-block-column is-layout-flow wp-block-column-is-layout-flow\">\n<div class=\"wp-block-image\"><figure class=\"aligncenter size-medium\"><a href=\"https:\/\/frf20.com\/wp-content\/uploads\/2021\/03\/TS210316A03-2.jpg\"><img decoding=\"async\" src=\"https:\/\/frf20.com\/wp-content\/uploads\/2021\/03\/TS210316A03-2-300x300.jpg\" alt=\"\" class=\"wp-image-2721\"\/><\/a><figcaption>KIRMIZI koda bas\u0131n ve bizimle payla\u015f\u0131n<br>WhatsApp: TS(210316A03<\/figcaption><\/figure><\/div>\n<\/div>\n\n\n\n<div class=\"wp-block-column is-layout-flow wp-block-column-is-layout-flow\">\n<div class=\"wp-block-image\"><figure class=\"aligncenter size-medium\"><a href=\"https:\/\/frf20.com\/wp-content\/uploads\/2021\/03\/TS210316A04-1-2.jpg\"><img decoding=\"async\" width=\"300\" height=\"300\" src=\"https:\/\/frf20.com\/wp-content\/uploads\/2021\/03\/TS210316A04-1-1-300x300.jpg\" alt=\"\" class=\"wp-image-2727\" srcset=\"https:\/\/frf20.com\/wp-content\/uploads\/2021\/03\/TS210316A04-1-1-300x300.jpg 300w, https:\/\/frf20.com\/wp-content\/uploads\/2021\/03\/TS210316A04-1-1-150x150.jpg 150w, https:\/\/frf20.com\/wp-content\/uploads\/2021\/03\/TS210316A04-1-1-12x12.jpg 12w, https:\/\/frf20.com\/wp-content\/uploads\/2021\/03\/TS210316A04-1-1-100x100.jpg 100w, https:\/\/frf20.com\/wp-content\/uploads\/2021\/03\/TS210316A04-1-1.jpg 500w\" sizes=\"(max-width: 300px) 100vw, 300px\" \/><\/a><figcaption>bas\u0131n&nbsp;<strong><span class=\"has-inline-color has-vivid-red-color\">KIRMIZI&nbsp;<\/span><\/strong>kodlay\u0131n ve bizimle payla\u015f\u0131n<br>Naber:&nbsp;<strong><span class=\"has-inline-color has-vivid-red-color\">TS(210316A04<\/span><\/strong><\/figcaption><\/figure><\/div>\n<\/div>\n<\/div>\n\n\n\n<div class=\"wp-block-columns is-layout-flex wp-container-core-columns-layout-3 wp-block-columns-is-layout-flex\">\n<div class=\"wp-block-column is-layout-flow wp-block-column-is-layout-flow\">\n<div class=\"wp-block-image\"><figure class=\"aligncenter size-medium\"><a href=\"https:\/\/frf20.com\/wp-content\/uploads\/2021\/03\/TS210316A05-1-1.jpg\"><img decoding=\"async\" src=\"https:\/\/frf20.com\/wp-content\/uploads\/2021\/03\/TS210316A05-1-2-300x300.jpg\" alt=\"\" class=\"wp-image-2728\"\/><\/a><figcaption>bas\u0131n&nbsp;<strong><span class=\"has-inline-color has-vivid-red-color\">KIRMIZI&nbsp;<\/span><\/strong>kodlay\u0131n ve bizimle payla\u015f\u0131n<br>Naber:&nbsp;<strong><span class=\"has-inline-color has-vivid-red-color\">TS(210316A05<\/span><\/strong><\/figcaption><\/figure><\/div>\n<\/div>\n\n\n\n<div class=\"wp-block-column is-layout-flow wp-block-column-is-layout-flow\"><\/div>\n<\/div>\n\n\n\n<p><\/p>","protected":false},"excerpt":{"rendered":"","protected":false},"author":1,"featured_media":2724,"parent":987,"menu_order":31,"comment_status":"closed","ping_status":"closed","template":"","meta":{"footnotes":""},"yoast_head":"<!-- This site is optimized with the Yoast SEO Premium plugin v21.1 (Yoast SEO v23.5) - https:\/\/yoast.com\/wordpress\/plugins\/seo\/ -->\n<title>T-shirt Design - FRF20<\/title>\n<meta name=\"robots\" content=\"index, follow, max-snippet:-1, max-image-preview:large, max-video-preview:-1\" \/>\n<link rel=\"canonical\" href=\"https:\/\/frf20.com\/tr\/homepage\/services\/t-shirt-design\/\" \/>\n<meta property=\"og:locale\" content=\"tr_TR\" \/>\n<meta property=\"og:type\" content=\"article\" \/>\n<meta property=\"og:title\" content=\"T-shirt Design\" \/>\n<meta property=\"og:url\" content=\"https:\/\/frf20.com\/tr\/homepage\/services\/t-shirt-design\/\" \/>\n<meta property=\"og:site_name\" content=\"FRF20\" \/>\n<meta property=\"article:modified_time\" content=\"2022-01-24T19:49:33+00:00\" \/>\n<meta property=\"og:image\" content=\"https:\/\/frf20.com\/wp-content\/uploads\/2021\/03\/TS210316A05-2-1024x1024.jpg\" \/>\n\t<meta property=\"og:image:width\" content=\"1024\" \/>\n\t<meta property=\"og:image:height\" content=\"1024\" \/>\n\t<meta property=\"og:image:type\" content=\"image\/jpeg\" \/>\n<meta name=\"twitter:card\" content=\"summary_large_image\" \/>\n<meta name=\"twitter:label1\" content=\"Tahmini okuma s\u00fcresi\" \/>\n\t<meta name=\"twitter:data1\" content=\"2 dakika\" \/>\n<script type=\"application\/ld+json\" class=\"yoast-schema-graph\">{\"@context\":\"https:\/\/schema.org\",\"@graph\":[{\"@type\":\"WebPage\",\"@id\":\"https:\/\/frf20.com\/homepage\/services\/t-shirt-design\/\",\"url\":\"https:\/\/frf20.com\/homepage\/services\/t-shirt-design\/\",\"name\":\"T-shirt Design - FRF20\",\"isPartOf\":{\"@id\":\"https:\/\/frf20.com\/#website\"},\"primaryImageOfPage\":{\"@id\":\"https:\/\/frf20.com\/homepage\/services\/t-shirt-design\/#primaryimage\"},\"image\":{\"@id\":\"https:\/\/frf20.com\/homepage\/services\/t-shirt-design\/#primaryimage\"},\"thumbnailUrl\":\"https:\/\/frf20.com\/wp-content\/uploads\/2021\/03\/TS210316A05-2.jpg\",\"datePublished\":\"2021-03-16T19:03:52+00:00\",\"dateModified\":\"2022-01-24T19:49:33+00:00\",\"breadcrumb\":{\"@id\":\"https:\/\/frf20.com\/homepage\/services\/t-shirt-design\/#breadcrumb\"},\"inLanguage\":\"tr\",\"potentialAction\":[{\"@type\":\"ReadAction\",\"target\":[\"https:\/\/frf20.com\/homepage\/services\/t-shirt-design\/\"]}]},{\"@type\":\"ImageObject\",\"inLanguage\":\"tr\",\"@id\":\"https:\/\/frf20.com\/homepage\/services\/t-shirt-design\/#primaryimage\",\"url\":\"https:\/\/frf20.com\/wp-content\/uploads\/2021\/03\/TS210316A05-2.jpg\",\"contentUrl\":\"https:\/\/frf20.com\/wp-content\/uploads\/2021\/03\/TS210316A05-2.jpg\",\"width\":2083,\"height\":2083},{\"@type\":\"BreadcrumbList\",\"@id\":\"https:\/\/frf20.com\/homepage\/services\/t-shirt-design\/#breadcrumb\",\"itemListElement\":[{\"@type\":\"ListItem\",\"position\":1,\"name\":\"Home\",\"item\":\"https:\/\/frf20.com\/\"},{\"@type\":\"ListItem\",\"position\":2,\"name\":\"Homepage\",\"item\":\"https:\/\/frf20.com\/\"},{\"@type\":\"ListItem\",\"position\":3,\"name\":\"Services\",\"item\":\"https:\/\/frf20.com\/homepage\/services\/\"},{\"@type\":\"ListItem\",\"position\":4,\"name\":\"T-shirt Design\"}]},{\"@type\":\"WebSite\",\"@id\":\"https:\/\/frf20.com\/#website\",\"url\":\"https:\/\/frf20.com\/\",\"name\":\"FRF20\",\"description\":\"We have a lot of services like MicroJobs, Digital products, Online teaching and more\",\"publisher\":{\"@id\":\"https:\/\/frf20.com\/#organization\"},\"potentialAction\":[{\"@type\":\"SearchAction\",\"target\":{\"@type\":\"EntryPoint\",\"urlTemplate\":\"https:\/\/frf20.com\/?s={search_term_string}\"},\"query-input\":{\"@type\":\"PropertyValueSpecification\",\"valueRequired\":true,\"valueName\":\"search_term_string\"}}],\"inLanguage\":\"tr\"},{\"@type\":\"Organization\",\"@id\":\"https:\/\/frf20.com\/#organization\",\"name\":\"FRF20\",\"url\":\"https:\/\/frf20.com\/\",\"logo\":{\"@type\":\"ImageObject\",\"inLanguage\":\"tr\",\"@id\":\"https:\/\/frf20.com\/#\/schema\/logo\/image\/\",\"url\":\"https:\/\/frf20.com\/wp-content\/uploads\/2021\/09\/cropped-IMG_20210904_170613_457.png\",\"contentUrl\":\"https:\/\/frf20.com\/wp-content\/uploads\/2021\/09\/cropped-IMG_20210904_170613_457.png\",\"width\":1390,\"height\":1324,\"caption\":\"FRF20\"},\"image\":{\"@id\":\"https:\/\/frf20.com\/#\/schema\/logo\/image\/\"}}]}<\/script>\n<!-- \/ Yoast SEO Premium plugin. -->","yoast_head_json":{"title":"Ti\u015f\u00f6rt Tasar\u0131m\u0131 - FRF20","robots":{"index":"index","follow":"follow","max-snippet":"max-snippet:-1","max-image-preview":"max-image-preview:large","max-video-preview":"max-video-preview:-1"},"canonical":"https:\/\/frf20.com\/tr\/homepage\/services\/t-shirt-design\/","og_locale":"tr_TR","og_type":"article","og_title":"T-shirt Design","og_url":"https:\/\/frf20.com\/tr\/homepage\/services\/t-shirt-design\/","og_site_name":"FRF20","article_modified_time":"2022-01-24T19:49:33+00:00","og_image":[{"width":1024,"height":1024,"url":"https:\/\/frf20.com\/wp-content\/uploads\/2021\/03\/TS210316A05-2-1024x1024.jpg","type":"image\/jpeg"}],"twitter_card":"summary_large_image","twitter_misc":{"Tahmini okuma s\u00fcresi":"2 dakika"},"schema":{"@context":"https:\/\/schema.org","@graph":[{"@type":"WebPage","@id":"https:\/\/frf20.com\/homepage\/services\/t-shirt-design\/","url":"https:\/\/frf20.com\/homepage\/services\/t-shirt-design\/","name":"Ti\u015f\u00f6rt Tasar\u0131m\u0131 - FRF20","isPartOf":{"@id":"https:\/\/frf20.com\/#website"},"primaryImageOfPage":{"@id":"https:\/\/frf20.com\/homepage\/services\/t-shirt-design\/#primaryimage"},"image":{"@id":"https:\/\/frf20.com\/homepage\/services\/t-shirt-design\/#primaryimage"},"thumbnailUrl":"https:\/\/frf20.com\/wp-content\/uploads\/2021\/03\/TS210316A05-2.jpg","datePublished":"2021-03-16T19:03:52+00:00","dateModified":"2022-01-24T19:49:33+00:00","breadcrumb":{"@id":"https:\/\/frf20.com\/homepage\/services\/t-shirt-design\/#breadcrumb"},"inLanguage":"tr","potentialAction":[{"@type":"ReadAction","target":["https:\/\/frf20.com\/homepage\/services\/t-shirt-design\/"]}]},{"@type":"ImageObject","inLanguage":"tr","@id":"https:\/\/frf20.com\/homepage\/services\/t-shirt-design\/#primaryimage","url":"https:\/\/frf20.com\/wp-content\/uploads\/2021\/03\/TS210316A05-2.jpg","contentUrl":"https:\/\/frf20.com\/wp-content\/uploads\/2021\/03\/TS210316A05-2.jpg","width":2083,"height":2083},{"@type":"BreadcrumbList","@id":"https:\/\/frf20.com\/homepage\/services\/t-shirt-design\/#breadcrumb","itemListElement":[{"@type":"ListItem","position":1,"name":"Home","item":"https:\/\/frf20.com\/"},{"@type":"ListItem","position":2,"name":"Homepage","item":"https:\/\/frf20.com\/"},{"@type":"ListItem","position":3,"name":"Services","item":"https:\/\/frf20.com\/homepage\/services\/"},{"@type":"ListItem","position":4,"name":"T-shirt Design"}]},{"@type":"WebSite","@id":"https:\/\/frf20.com\/#website","url":"https:\/\/frf20.com\/","name":"FRF20","description":"Mikro \u0130\u015fler, Dijital \u00fcr\u00fcnler, \u00c7evrimi\u00e7i \u00f6\u011fretim ve daha pek \u00e7ok hizmetimiz var","publisher":{"@id":"https:\/\/frf20.com\/#organization"},"potentialAction":[{"@type":"SearchAction","target":{"@type":"EntryPoint","urlTemplate":"https:\/\/frf20.com\/?s={search_term_string}"},"query-input":{"@type":"PropertyValueSpecification","valueRequired":true,"valueName":"search_term_string"}}],"inLanguage":"tr"},{"@type":"Organization","@id":"https:\/\/frf20.com\/#organization","name":"FRF20","url":"https:\/\/frf20.com\/","logo":{"@type":"ImageObject","inLanguage":"tr","@id":"https:\/\/frf20.com\/#\/schema\/logo\/image\/","url":"https:\/\/frf20.com\/wp-content\/uploads\/2021\/09\/cropped-IMG_20210904_170613_457.png","contentUrl":"https:\/\/frf20.com\/wp-content\/uploads\/2021\/09\/cropped-IMG_20210904_170613_457.png","width":1390,"height":1324,"caption":"FRF20"},"image":{"@id":"https:\/\/frf20.com\/#\/schema\/logo\/image\/"}}]}},"_links":{"self":[{"href":"https:\/\/frf20.com\/tr\/wp-json\/wp\/v2\/pages\/2717"}],"collection":[{"href":"https:\/\/frf20.com\/tr\/wp-json\/wp\/v2\/pages"}],"about":[{"href":"https:\/\/frf20.com\/tr\/wp-json\/wp\/v2\/types\/page"}],"author":[{"embeddable":true,"href":"https:\/\/frf20.com\/tr\/wp-json\/wp\/v2\/users\/1"}],"replies":[{"embeddable":true,"href":"https:\/\/frf20.com\/tr\/wp-json\/wp\/v2\/comments?post=2717"}],"version-history":[{"count":0,"href":"https:\/\/frf20.com\/tr\/wp-json\/wp\/v2\/pages\/2717\/revisions"}],"up":[{"embeddable":true,"href":"https:\/\/frf20.com\/tr\/wp-json\/wp\/v2\/pages\/987"}],"wp:featuredmedia":[{"embeddable":true,"href":"https:\/\/frf20.com\/tr\/wp-json\/wp\/v2\/media\/2724"}],"wp:attachment":[{"href":"https:\/\/frf20.com\/tr\/wp-json\/wp\/v2\/media?parent=2717"}],"curies":[{"name":"wp","href":"https:\/\/api.w.org\/{rel}","templated":true}]}}