{"id":5526,"date":"2022-05-27T13:15:15","date_gmt":"2022-05-27T10:15:15","guid":{"rendered":"https:\/\/frf20.com\/?page_id=5526"},"modified":"2023-01-29T01:33:05","modified_gmt":"2023-01-28T22:33:05","slug":"shomes","status":"publish","type":"page","link":"https:\/\/frf20.com\/tr\/homepage\/services\/shomes\/","title":{"rendered":"Ak\u0131ll\u0131 bir ev veya ofisle paradan tasarruf edin"},"content":{"rendered":"<div data-elementor-type=\"wp-page\" data-elementor-id=\"5526\" class=\"elementor elementor-5526\" data-elementor-post-type=\"page\">\n\t\t\t\t\t\t<section data-particle_enable=\"false\" data-particle-mobile-disabled=\"false\" class=\"elementor-section elementor-top-section elementor-element elementor-element-925316e elementor-section-boxed elementor-section-height-default elementor-section-height-default\" data-id=\"925316e\" data-element_type=\"section\">\n\t\t\t\t\t\t<div class=\"elementor-container elementor-column-gap-default\">\n\t\t\t\t\t<div class=\"elementor-column elementor-col-100 elementor-top-column elementor-element elementor-element-d5a6a82\" data-id=\"d5a6a82\" data-element_type=\"column\">\n\t\t\t<div class=\"elementor-widget-wrap elementor-element-populated\">\n\t\t\t\t\t\t<div class=\"elementor-element elementor-element-bc88325 elementor-widget elementor-widget-spacer\" data-id=\"bc88325\" data-element_type=\"widget\" data-widget_type=\"spacer.default\">\n\t\t\t\t<div class=\"elementor-widget-container\">\n\t\t\t\t\t\t\t<div class=\"elementor-spacer\">\n\t\t\t<div class=\"elementor-spacer-inner\"><\/div>\n\t\t<\/div>\n\t\t\t\t\t\t<\/div>\n\t\t\t\t<\/div>\n\t\t\t\t<div class=\"elementor-element elementor-element-66964e9 elementor-widget elementor-widget-heading\" data-id=\"66964e9\" data-element_type=\"widget\" data-widget_type=\"heading.default\">\n\t\t\t\t<div class=\"elementor-widget-container\">\n\t\t\t\t\t<h2 class=\"elementor-heading-title elementor-size-default\">Save money and secure your home or office with our smart system<\/h2>\t\t\t\t<\/div>\n\t\t\t\t<\/div>\n\t\t\t\t\t<\/div>\n\t\t<\/div>\n\t\t\t\t\t<\/div>\n\t\t<\/section>\n\t\t\t\t<section data-particle_enable=\"false\" data-particle-mobile-disabled=\"false\" class=\"elementor-section elementor-top-section elementor-element elementor-element-52a73f33 elementor-section-boxed elementor-section-height-default elementor-section-height-default\" data-id=\"52a73f33\" data-element_type=\"section\">\n\t\t\t\t\t\t<div class=\"elementor-container elementor-column-gap-default\">\n\t\t\t\t\t<div class=\"elementor-column elementor-col-100 elementor-top-column elementor-element elementor-element-43d1d34f\" data-id=\"43d1d34f\" data-element_type=\"column\">\n\t\t\t<div class=\"elementor-widget-wrap elementor-element-populated\">\n\t\t\t\t\t\t<div class=\"elementor-element elementor-element-e503cb9 elementor-widget elementor-widget-text-editor\" data-id=\"e503cb9\" data-element_type=\"widget\" data-widget_type=\"text-editor.default\">\n\t\t\t\t<div class=\"elementor-widget-container\">\n\t\t\t\t\t\t\t\t\t<p><img fetchpriority=\"high\" decoding=\"async\" width=\"1024\" height=\"598\" class=\"wp-image-5545\" src=\"https:\/\/frf20.com\/wp-content\/uploads\/2022\/05\/smart-home-g4a9b6c956_1920-1024x598.jpg\" alt=\"\" srcset=\"https:\/\/frf20.com\/wp-content\/uploads\/2022\/05\/smart-home-g4a9b6c956_1920-1024x598.jpg 1024w, https:\/\/frf20.com\/wp-content\/uploads\/2022\/05\/smart-home-g4a9b6c956_1920-300x175.jpg 300w, https:\/\/frf20.com\/wp-content\/uploads\/2022\/05\/smart-home-g4a9b6c956_1920-768x448.jpg 768w, https:\/\/frf20.com\/wp-content\/uploads\/2022\/05\/smart-home-g4a9b6c956_1920-1536x897.jpg 1536w, https:\/\/frf20.com\/wp-content\/uploads\/2022\/05\/smart-home-g4a9b6c956_1920-18x12.jpg 18w, https:\/\/frf20.com\/wp-content\/uploads\/2022\/05\/smart-home-g4a9b6c956_1920-624x364.jpg 624w, https:\/\/frf20.com\/wp-content\/uploads\/2022\/05\/smart-home-g4a9b6c956_1920.jpg 1920w\" sizes=\"(max-width: 1024px) 100vw, 1024px\" \/><br \/><br \/><\/p>\n<p>\ud83d\udca0 Garden irrigation system automation ( By time or humidity)<\/p>\n<p>\ud83d\udca0Control your children&#8217;s play station and television from phone ( all types)<\/p>\n<p>\ud83d\udca0Control any kind of combi boiler heater from phone ( or using by schedule)<\/p>\n<p>\ud83d\udca0 Camera Door Bell to phone<\/p>\n<p>\ud83d\udca0 Garage door automation from phone<\/p>\n<p>\ud83d\udca0Motion sensor to phone<\/p>\n<p>\ud83d\udca0Window breaking to phone<\/p>\n<p>\ud83d\udca0Door opening times and alerts<\/p>\n<p>\ud83d\udca0Control your complete room&#8217;s electricity from phone<\/p>\n<p>\ud83d\udca0Control your lights remotely from phone<\/p>\n<p>\ud83d\udca0Exhaust timer or automation<\/p>\n<p>\ud83d\udca0Open your home&#8217;s door remotely from phone<\/p>\n<p>\ud83d\udca0Security Cameras to phone<\/p>\n<p>\ud83d\udca0Ac automation<\/p>\n<p>\ud83d\udca0Control your home&#8217;s water from phone<\/p>\n<p>\ud83d\udca0Control your home&#8217;s Gas from phone<\/p>\n<p>\ud83d\udca0Check your electricity consumption from phone<\/p>\n<p>\ud83d\udca0Contact us for more automation<\/p>\n<p>\u00a0<\/p>\n<p>\u00a0<\/p>\n<p><span style=\"color: #3366ff;\"><strong>Herhangi bir evi veya ofisi ak\u0131ll\u0131 hale getirin ve paradan ve zamandan tasarruf edin. (Gaz ve elektrik faturalar\u0131 gibi)<\/strong><\/span><br \/><br \/><span style=\"color: #3366ff;\"><strong>Ev kap\u0131n\u0131z\u0131 veya kap\u0131n\u0131z\u0131, garaj kap\u0131n\u0131z\u0131, ofis kap\u0131n\u0131z\u0131 veya ma\u011faza kap\u0131n\u0131z\u0131 cep telefonunuzdan kontrol edin<\/strong><\/span><br \/><br \/><strong><span style=\"color: #3366ff;\">For more information please contact us on<\/span> <span style=\"color: #339966;\">WhatsApp.<\/span><\/strong><\/p>\n<p><\/p>\n<div class=\"wp-block-columns is-layout-flex wp-container-core-columns-layout-2 wp-block-columns-is-layout-flex\">\n<p><\/p>\n<div class=\"wp-block-column is-layout-flow wp-block-column-is-layout-flow\">\n<p><\/p>\n<\/div>\n<p><\/p>\n<div class=\"wp-block-column is-layout-flow wp-block-column-is-layout-flow\">\n<p><\/p>\n<figure class=\"wp-block-image size-large\"><img decoding=\"async\" width=\"1024\" height=\"641\" class=\"wp-image-5548\" src=\"https:\/\/frf20.com\/wp-content\/uploads\/2022\/05\/smart-home-3396205_1920-1024x641.jpg\" alt=\"\" srcset=\"https:\/\/frf20.com\/wp-content\/uploads\/2022\/05\/smart-home-3396205_1920-1024x641.jpg 1024w, https:\/\/frf20.com\/wp-content\/uploads\/2022\/05\/smart-home-3396205_1920-300x188.jpg 300w, https:\/\/frf20.com\/wp-content\/uploads\/2022\/05\/smart-home-3396205_1920-768x481.jpg 768w, https:\/\/frf20.com\/wp-content\/uploads\/2022\/05\/smart-home-3396205_1920-1536x962.jpg 1536w, https:\/\/frf20.com\/wp-content\/uploads\/2022\/05\/smart-home-3396205_1920-18x12.jpg 18w, https:\/\/frf20.com\/wp-content\/uploads\/2022\/05\/smart-home-3396205_1920-624x391.jpg 624w, https:\/\/frf20.com\/wp-content\/uploads\/2022\/05\/smart-home-3396205_1920.jpg 1920w\" sizes=\"(max-width: 1024px) 100vw, 1024px\" \/><\/figure>\n<p><\/p>\n<\/div>\n<p><\/p>\n<\/div>\n<p><\/p>\n<div class=\"wp-block-image\">\n<figure class=\"aligncenter size-full is-resized\"><img decoding=\"async\" class=\"wp-image-5550\" src=\"https:\/\/frf20.com\/wp-content\/uploads\/2022\/05\/5e3e78da-4f2a-4361-94bc-bba9aff88b13.jpg\" alt=\"\" width=\"510\" height=\"340\" srcset=\"https:\/\/frf20.com\/wp-content\/uploads\/2022\/05\/5e3e78da-4f2a-4361-94bc-bba9aff88b13.jpg 510w, https:\/\/frf20.com\/wp-content\/uploads\/2022\/05\/5e3e78da-4f2a-4361-94bc-bba9aff88b13-300x200.jpg 300w, https:\/\/frf20.com\/wp-content\/uploads\/2022\/05\/5e3e78da-4f2a-4361-94bc-bba9aff88b13-18x12.jpg 18w\" sizes=\"(max-width: 510px) 100vw, 510px\" \/><\/figure>\n<\/div>\n<p><\/p>\t\t\t\t\t\t\t\t<\/div>\n\t\t\t\t<\/div>\n\t\t\t\t\t<\/div>\n\t\t<\/div>\n\t\t\t\t\t<\/div>\n\t\t<\/section>\n\t\t\t\t<\/div>","protected":false},"excerpt":{"rendered":"<p>Save money and secure your home or office with our smart system \ud83d\udca0 Garden irrigation system automation ( By time or humidity) \ud83d\udca0Control your children&#8217;s play station and television from phone ( all types) \ud83d\udca0Control any kind of combi boiler heater from phone ( or using by schedule) \ud83d\udca0 Camera Door Bell to phone \ud83d\udca0 [&hellip;]<\/p>\n","protected":false},"author":1,"featured_media":0,"parent":987,"menu_order":33,"comment_status":"closed","ping_status":"closed","template":"elementor_header_footer","meta":{"footnotes":""},"yoast_head":"<!-- This site is optimized with the Yoast SEO Premium plugin v21.1 (Yoast SEO v23.5) - https:\/\/yoast.com\/wordpress\/plugins\/seo\/ -->\n<title>Save money with a smart home or office - FRF20<\/title>\n<meta name=\"robots\" content=\"index, follow, max-snippet:-1, max-image-preview:large, max-video-preview:-1\" \/>\n<link rel=\"canonical\" href=\"https:\/\/frf20.com\/tr\/homepage\/services\/shomes\/\" \/>\n<meta property=\"og:locale\" content=\"tr_TR\" \/>\n<meta property=\"og:type\" content=\"article\" \/>\n<meta property=\"og:title\" content=\"Save money with a smart home or office\" \/>\n<meta property=\"og:description\" content=\"Save money and secure your home or office with our smart system \ud83d\udca0 Garden irrigation system automation ( By time or humidity) \ud83d\udca0Control your children&#8217;s play station and television from phone ( all types) \ud83d\udca0Control any kind of combi boiler heater from phone ( or using by schedule) \ud83d\udca0 Camera Door Bell to phone \ud83d\udca0 [&hellip;]\" \/>\n<meta property=\"og:url\" content=\"https:\/\/frf20.com\/tr\/homepage\/services\/shomes\/\" \/>\n<meta property=\"og:site_name\" content=\"FRF20\" \/>\n<meta property=\"article:modified_time\" content=\"2023-01-28T22:33:05+00:00\" \/>\n<meta property=\"og:image\" content=\"https:\/\/frf20.com\/wp-content\/uploads\/2022\/05\/smart-home-g4a9b6c956_1920-1024x598.jpg\" \/>\n<meta name=\"twitter:card\" content=\"summary_large_image\" \/>\n<meta name=\"twitter:label1\" content=\"Tahmini okuma s\u00fcresi\" \/>\n\t<meta name=\"twitter:data1\" content=\"2 dakika\" \/>\n<script type=\"application\/ld+json\" class=\"yoast-schema-graph\">{\"@context\":\"https:\/\/schema.org\",\"@graph\":[{\"@type\":\"WebPage\",\"@id\":\"https:\/\/frf20.com\/homepage\/services\/shomes\/\",\"url\":\"https:\/\/frf20.com\/homepage\/services\/shomes\/\",\"name\":\"Save money with a smart home or office - FRF20\",\"isPartOf\":{\"@id\":\"https:\/\/frf20.com\/#website\"},\"primaryImageOfPage\":{\"@id\":\"https:\/\/frf20.com\/homepage\/services\/shomes\/#primaryimage\"},\"image\":{\"@id\":\"https:\/\/frf20.com\/homepage\/services\/shomes\/#primaryimage\"},\"thumbnailUrl\":\"https:\/\/frf20.com\/wp-content\/uploads\/2022\/05\/smart-home-g4a9b6c956_1920-1024x598.jpg\",\"datePublished\":\"2022-05-27T10:15:15+00:00\",\"dateModified\":\"2023-01-28T22:33:05+00:00\",\"breadcrumb\":{\"@id\":\"https:\/\/frf20.com\/homepage\/services\/shomes\/#breadcrumb\"},\"inLanguage\":\"tr\",\"potentialAction\":[{\"@type\":\"ReadAction\",\"target\":[\"https:\/\/frf20.com\/homepage\/services\/shomes\/\"]}]},{\"@type\":\"ImageObject\",\"inLanguage\":\"tr\",\"@id\":\"https:\/\/frf20.com\/homepage\/services\/shomes\/#primaryimage\",\"url\":\"https:\/\/frf20.com\/wp-content\/uploads\/2022\/05\/smart-home-g4a9b6c956_1920-1024x598.jpg\",\"contentUrl\":\"https:\/\/frf20.com\/wp-content\/uploads\/2022\/05\/smart-home-g4a9b6c956_1920-1024x598.jpg\"},{\"@type\":\"BreadcrumbList\",\"@id\":\"https:\/\/frf20.com\/homepage\/services\/shomes\/#breadcrumb\",\"itemListElement\":[{\"@type\":\"ListItem\",\"position\":1,\"name\":\"Home\",\"item\":\"https:\/\/frf20.com\/\"},{\"@type\":\"ListItem\",\"position\":2,\"name\":\"Homepage\",\"item\":\"https:\/\/frf20.com\/\"},{\"@type\":\"ListItem\",\"position\":3,\"name\":\"Services\",\"item\":\"https:\/\/frf20.com\/homepage\/services\/\"},{\"@type\":\"ListItem\",\"position\":4,\"name\":\"Save money with a smart home or office\"}]},{\"@type\":\"WebSite\",\"@id\":\"https:\/\/frf20.com\/#website\",\"url\":\"https:\/\/frf20.com\/\",\"name\":\"FRF20\",\"description\":\"We have a lot of services like MicroJobs, Digital products, Online teaching and more\",\"publisher\":{\"@id\":\"https:\/\/frf20.com\/#organization\"},\"potentialAction\":[{\"@type\":\"SearchAction\",\"target\":{\"@type\":\"EntryPoint\",\"urlTemplate\":\"https:\/\/frf20.com\/?s={search_term_string}\"},\"query-input\":{\"@type\":\"PropertyValueSpecification\",\"valueRequired\":true,\"valueName\":\"search_term_string\"}}],\"inLanguage\":\"tr\"},{\"@type\":\"Organization\",\"@id\":\"https:\/\/frf20.com\/#organization\",\"name\":\"FRF20\",\"url\":\"https:\/\/frf20.com\/\",\"logo\":{\"@type\":\"ImageObject\",\"inLanguage\":\"tr\",\"@id\":\"https:\/\/frf20.com\/#\/schema\/logo\/image\/\",\"url\":\"https:\/\/frf20.com\/wp-content\/uploads\/2021\/09\/cropped-IMG_20210904_170613_457.png\",\"contentUrl\":\"https:\/\/frf20.com\/wp-content\/uploads\/2021\/09\/cropped-IMG_20210904_170613_457.png\",\"width\":1390,\"height\":1324,\"caption\":\"FRF20\"},\"image\":{\"@id\":\"https:\/\/frf20.com\/#\/schema\/logo\/image\/\"}}]}<\/script>\n<!-- \/ Yoast SEO Premium plugin. -->","yoast_head_json":{"title":"Ak\u0131ll\u0131 bir ev veya ofis ile paradan tasarruf edin - FRF20","robots":{"index":"index","follow":"follow","max-snippet":"max-snippet:-1","max-image-preview":"max-image-preview:large","max-video-preview":"max-video-preview:-1"},"canonical":"https:\/\/frf20.com\/tr\/homepage\/services\/shomes\/","og_locale":"tr_TR","og_type":"article","og_title":"Save money with a smart home or office","og_description":"Save money and secure your home or office with our smart system \ud83d\udca0 Garden irrigation system automation ( By time or humidity) \ud83d\udca0Control your children&#8217;s play station and television from phone ( all types) \ud83d\udca0Control any kind of combi boiler heater from phone ( or using by schedule) \ud83d\udca0 Camera Door Bell to phone \ud83d\udca0 [&hellip;]","og_url":"https:\/\/frf20.com\/tr\/homepage\/services\/shomes\/","og_site_name":"FRF20","article_modified_time":"2023-01-28T22:33:05+00:00","og_image":[{"url":"https:\/\/frf20.com\/wp-content\/uploads\/2022\/05\/smart-home-g4a9b6c956_1920-1024x598.jpg"}],"twitter_card":"summary_large_image","twitter_misc":{"Tahmini okuma s\u00fcresi":"2 dakika"},"schema":{"@context":"https:\/\/schema.org","@graph":[{"@type":"WebPage","@id":"https:\/\/frf20.com\/homepage\/services\/shomes\/","url":"https:\/\/frf20.com\/homepage\/services\/shomes\/","name":"Ak\u0131ll\u0131 bir ev veya ofis ile paradan tasarruf edin - FRF20","isPartOf":{"@id":"https:\/\/frf20.com\/#website"},"primaryImageOfPage":{"@id":"https:\/\/frf20.com\/homepage\/services\/shomes\/#primaryimage"},"image":{"@id":"https:\/\/frf20.com\/homepage\/services\/shomes\/#primaryimage"},"thumbnailUrl":"https:\/\/frf20.com\/wp-content\/uploads\/2022\/05\/smart-home-g4a9b6c956_1920-1024x598.jpg","datePublished":"2022-05-27T10:15:15+00:00","dateModified":"2023-01-28T22:33:05+00:00","breadcrumb":{"@id":"https:\/\/frf20.com\/homepage\/services\/shomes\/#breadcrumb"},"inLanguage":"tr","potentialAction":[{"@type":"ReadAction","target":["https:\/\/frf20.com\/homepage\/services\/shomes\/"]}]},{"@type":"ImageObject","inLanguage":"tr","@id":"https:\/\/frf20.com\/homepage\/services\/shomes\/#primaryimage","url":"https:\/\/frf20.com\/wp-content\/uploads\/2022\/05\/smart-home-g4a9b6c956_1920-1024x598.jpg","contentUrl":"https:\/\/frf20.com\/wp-content\/uploads\/2022\/05\/smart-home-g4a9b6c956_1920-1024x598.jpg"},{"@type":"BreadcrumbList","@id":"https:\/\/frf20.com\/homepage\/services\/shomes\/#breadcrumb","itemListElement":[{"@type":"ListItem","position":1,"name":"Home","item":"https:\/\/frf20.com\/"},{"@type":"ListItem","position":2,"name":"Homepage","item":"https:\/\/frf20.com\/"},{"@type":"ListItem","position":3,"name":"Services","item":"https:\/\/frf20.com\/homepage\/services\/"},{"@type":"ListItem","position":4,"name":"Save money with a smart home or office"}]},{"@type":"WebSite","@id":"https:\/\/frf20.com\/#website","url":"https:\/\/frf20.com\/","name":"FRF20","description":"Mikro \u0130\u015fler, Dijital \u00fcr\u00fcnler, \u00c7evrimi\u00e7i \u00f6\u011fretim ve daha pek \u00e7ok hizmetimiz var","publisher":{"@id":"https:\/\/frf20.com\/#organization"},"potentialAction":[{"@type":"SearchAction","target":{"@type":"EntryPoint","urlTemplate":"https:\/\/frf20.com\/?s={search_term_string}"},"query-input":{"@type":"PropertyValueSpecification","valueRequired":true,"valueName":"search_term_string"}}],"inLanguage":"tr"},{"@type":"Organization","@id":"https:\/\/frf20.com\/#organization","name":"FRF20","url":"https:\/\/frf20.com\/","logo":{"@type":"ImageObject","inLanguage":"tr","@id":"https:\/\/frf20.com\/#\/schema\/logo\/image\/","url":"https:\/\/frf20.com\/wp-content\/uploads\/2021\/09\/cropped-IMG_20210904_170613_457.png","contentUrl":"https:\/\/frf20.com\/wp-content\/uploads\/2021\/09\/cropped-IMG_20210904_170613_457.png","width":1390,"height":1324,"caption":"FRF20"},"image":{"@id":"https:\/\/frf20.com\/#\/schema\/logo\/image\/"}}]}},"_links":{"self":[{"href":"https:\/\/frf20.com\/tr\/wp-json\/wp\/v2\/pages\/5526"}],"collection":[{"href":"https:\/\/frf20.com\/tr\/wp-json\/wp\/v2\/pages"}],"about":[{"href":"https:\/\/frf20.com\/tr\/wp-json\/wp\/v2\/types\/page"}],"author":[{"embeddable":true,"href":"https:\/\/frf20.com\/tr\/wp-json\/wp\/v2\/users\/1"}],"replies":[{"embeddable":true,"href":"https:\/\/frf20.com\/tr\/wp-json\/wp\/v2\/comments?post=5526"}],"version-history":[{"count":0,"href":"https:\/\/frf20.com\/tr\/wp-json\/wp\/v2\/pages\/5526\/revisions"}],"up":[{"embeddable":true,"href":"https:\/\/frf20.com\/tr\/wp-json\/wp\/v2\/pages\/987"}],"wp:attachment":[{"href":"https:\/\/frf20.com\/tr\/wp-json\/wp\/v2\/media?parent=5526"}],"curies":[{"name":"wp","href":"https:\/\/api.w.org\/{rel}","templated":true}]}}