{"id":628,"date":"2020-12-19T02:16:06","date_gmt":"2020-12-18T23:16:06","guid":{"rendered":"https:\/\/frf20.com\/gr\/?page_id=628"},"modified":"2022-02-08T00:58:32","modified_gmt":"2022-02-07T21:58:32","slug":"web-designing-seo","status":"publish","type":"page","link":"https:\/\/frf20.com\/tr\/homepage\/services\/web-designing-seo\/","title":{"rendered":"WEB-Tasar\u0131m ve SEO"},"content":{"rendered":"<div data-elementor-type=\"wp-page\" data-elementor-id=\"628\" class=\"elementor elementor-628\" data-elementor-post-type=\"page\">\n\t\t\t\t\t\t<section data-particle_enable=\"false\" data-particle-mobile-disabled=\"false\" class=\"elementor-section elementor-top-section elementor-element elementor-element-3d86d90 elementor-section-boxed elementor-section-height-default elementor-section-height-default\" data-id=\"3d86d90\" data-element_type=\"section\" data-settings=\"{&quot;background_background&quot;:&quot;gradient&quot;}\">\n\t\t\t\t\t\t<div class=\"elementor-container elementor-column-gap-default\">\n\t\t\t\t\t<div class=\"elementor-column elementor-col-100 elementor-top-column elementor-element elementor-element-80c055a\" data-id=\"80c055a\" data-element_type=\"column\">\n\t\t\t<div class=\"elementor-widget-wrap elementor-element-populated\">\n\t\t\t\t\t\t<div class=\"elementor-element elementor-element-104b037 elementor-widget elementor-widget-heading\" data-id=\"104b037\" data-element_type=\"widget\" data-widget_type=\"heading.default\">\n\t\t\t\t<div class=\"elementor-widget-container\">\n\t\t\t\t\t<h2 class=\"elementor-heading-title elementor-size-default\">WEB-Tasar\u0131m, SEO ve y\u00f6netim<\/h2>\t\t\t\t<\/div>\n\t\t\t\t<\/div>\n\t\t\t\t<div class=\"elementor-element elementor-element-a44a47a elementor-widget elementor-widget-heading\" data-id=\"a44a47a\" data-element_type=\"widget\" data-widget_type=\"heading.default\">\n\t\t\t\t<div class=\"elementor-widget-container\">\n\t\t\t\t\t<h2 class=\"elementor-heading-title elementor-size-default\">WEB-Tasar\u0131m, SEO ve y\u00f6netim<br><\/br>Web sitenize ayl\u0131k ziyaret\u00e7i raporu\n<br><\/br>Translating &amp; Adding Multiple languages to a website\n<br><\/br>(\u0130ngilizce, Arap\u00e7a, T\u00fcrk\u00e7e, Fars\u00e7a, Urduca, Pe\u015ftuca)<\/h2>\t\t\t\t<\/div>\n\t\t\t\t<\/div>\n\t\t\t\t\t<\/div>\n\t\t<\/div>\n\t\t\t\t\t<\/div>\n\t\t<\/section>\n\t\t\t\t<section data-particle_enable=\"false\" data-particle-mobile-disabled=\"false\" class=\"elementor-section elementor-top-section elementor-element elementor-element-6978c12 elementor-section-boxed elementor-section-height-default elementor-section-height-default\" data-id=\"6978c12\" data-element_type=\"section\">\n\t\t\t\t\t\t<div class=\"elementor-container elementor-column-gap-default\">\n\t\t\t\t\t<div class=\"elementor-column elementor-col-100 elementor-top-column elementor-element elementor-element-18018e9\" data-id=\"18018e9\" data-element_type=\"column\">\n\t\t\t<div class=\"elementor-widget-wrap elementor-element-populated\">\n\t\t\t\t\t\t<div class=\"elementor-element elementor-element-0d0194d elementor-widget-divider--view-line elementor-widget elementor-widget-divider\" data-id=\"0d0194d\" data-element_type=\"widget\" data-widget_type=\"divider.default\">\n\t\t\t\t<div class=\"elementor-widget-container\">\n\t\t\t\t\t\t\t<div class=\"elementor-divider\">\n\t\t\t<span class=\"elementor-divider-separator\">\n\t\t\t\t\t\t<\/span>\n\t\t<\/div>\n\t\t\t\t\t\t<\/div>\n\t\t\t\t<\/div>\n\t\t\t\t<div class=\"elementor-element elementor-element-8c897f5 elementor-widget elementor-widget-text-editor\" data-id=\"8c897f5\" data-element_type=\"widget\" data-widget_type=\"text-editor.default\">\n\t\t\t\t<div class=\"elementor-widget-container\">\n\t\t\t\t\t\t\t\t\t<p style=\"text-align: center;\"><span style=\"text-decoration: underline; color: #ff0000;\"><strong>E-ticaret Sitesi<\/strong><\/span><\/p><p>\u00dcr\u00fcnlerinizi satmak i\u00e7in bir WooCommerce sitesi olu\u015fturabiliriz. T\u00fcm E-ticaret entegrasyonlar\u0131 ile WordPress CMS Platformu ile<\/p>\t\t\t\t\t\t\t\t<\/div>\n\t\t\t\t<\/div>\n\t\t\t\t<div class=\"elementor-element elementor-element-57aef61 elementor-widget elementor-widget-heading\" data-id=\"57aef61\" data-element_type=\"widget\" data-widget_type=\"heading.default\">\n\t\t\t\t<div class=\"elementor-widget-container\">\n\t\t\t\t\t<h6 class=\"elementor-heading-title elementor-size-small\">WEB Kimli\u011fi: FRF90.COM<\/h6>\t\t\t\t<\/div>\n\t\t\t\t<\/div>\n\t\t\t\t<div class=\"elementor-element elementor-element-5fc7754 elementor-align-justify elementor-mobile-align-justify elementor-widget elementor-widget-button\" data-id=\"5fc7754\" data-element_type=\"widget\" data-widget_type=\"button.default\">\n\t\t\t\t<div class=\"elementor-widget-container\">\n\t\t\t\t\t\t\t\t\t<div class=\"elementor-button-wrapper\">\n\t\t\t\t\t<a class=\"elementor-button elementor-button-link elementor-size-xs elementor-animation-shrink\" href=\"https:\/\/frf90.com\">\n\t\t\t\t\t\t<span class=\"elementor-button-content-wrapper\">\n\t\t\t\t\t\t\t\t\t<span class=\"elementor-button-text\">DEMOYU G\u00d6R\u00dcNT\u00dcLE<\/span>\n\t\t\t\t\t<\/span>\n\t\t\t\t\t<\/a>\n\t\t\t\t<\/div>\n\t\t\t\t\t\t\t\t<\/div>\n\t\t\t\t<\/div>\n\t\t\t\t<div class=\"elementor-element elementor-element-76bdc4f elementor-widget-divider--view-line elementor-widget elementor-widget-divider\" data-id=\"76bdc4f\" data-element_type=\"widget\" data-widget_type=\"divider.default\">\n\t\t\t\t<div class=\"elementor-widget-container\">\n\t\t\t\t\t\t\t<div class=\"elementor-divider\">\n\t\t\t<span class=\"elementor-divider-separator\">\n\t\t\t\t\t\t<\/span>\n\t\t<\/div>\n\t\t\t\t\t\t<\/div>\n\t\t\t\t<\/div>\n\t\t\t\t\t<\/div>\n\t\t<\/div>\n\t\t\t\t\t<\/div>\n\t\t<\/section>\n\t\t\t\t<section data-particle_enable=\"false\" data-particle-mobile-disabled=\"false\" class=\"elementor-section elementor-top-section elementor-element elementor-element-315c4b2 elementor-section-boxed elementor-section-height-default elementor-section-height-default\" data-id=\"315c4b2\" data-element_type=\"section\">\n\t\t\t\t\t\t<div class=\"elementor-container elementor-column-gap-default\">\n\t\t\t\t\t<div class=\"elementor-column elementor-col-100 elementor-top-column elementor-element elementor-element-7b81901\" data-id=\"7b81901\" data-element_type=\"column\">\n\t\t\t<div class=\"elementor-widget-wrap elementor-element-populated\">\n\t\t\t\t\t\t<div class=\"elementor-element elementor-element-3d9194e elementor-widget elementor-widget-text-editor\" data-id=\"3d9194e\" data-element_type=\"widget\" data-widget_type=\"text-editor.default\">\n\t\t\t\t<div class=\"elementor-widget-container\">\n\t\t\t\t\t\t\t\t\t<p style=\"text-align: center;\"><span style=\"text-decoration: underline; color: #ff0000;\"><strong>Redokan \/ \u00c7ok Sat\u0131c\u0131l\u0131 WooCommerce Sitesi<\/strong><\/span><\/p><p>T\u00fcm E-Ticaret Entegrasyonlar\u0131 ile WordPress CMS Platformu \u00c7ok Sat\u0131c\u0131l\u0131 Web Sitesi ile Amazon gibi bir web sitesi yapabiliriz\u00a0<\/p>\t\t\t\t\t\t\t\t<\/div>\n\t\t\t\t<\/div>\n\t\t\t\t<div class=\"elementor-element elementor-element-aaadcc1 elementor-widget elementor-widget-heading\" data-id=\"aaadcc1\" data-element_type=\"widget\" data-widget_type=\"heading.default\">\n\t\t\t\t<div class=\"elementor-widget-container\">\n\t\t\t\t\t<h6 class=\"elementor-heading-title elementor-size-default\">WEB Kimli\u011fi: WPDOKAN90<\/h6>\t\t\t\t<\/div>\n\t\t\t\t<\/div>\n\t\t\t\t<div class=\"elementor-element elementor-element-5393260 elementor-align-justify elementor-mobile-align-justify elementor-widget elementor-widget-button\" data-id=\"5393260\" data-element_type=\"widget\" data-widget_type=\"button.default\">\n\t\t\t\t<div class=\"elementor-widget-container\">\n\t\t\t\t\t\t\t\t\t<div class=\"elementor-button-wrapper\">\n\t\t\t\t\t<a class=\"elementor-button elementor-button-link elementor-size-xs elementor-animation-shrink\" href=\"https:\/\/redokan.wpsoul.com\/dashboard\/\">\n\t\t\t\t\t\t<span class=\"elementor-button-content-wrapper\">\n\t\t\t\t\t\t\t\t\t<span class=\"elementor-button-text\">DEMOYU G\u00d6R\u00dcNT\u00dcLE<\/span>\n\t\t\t\t\t<\/span>\n\t\t\t\t\t<\/a>\n\t\t\t\t<\/div>\n\t\t\t\t\t\t\t\t<\/div>\n\t\t\t\t<\/div>\n\t\t\t\t<div class=\"elementor-element elementor-element-c629569 elementor-widget-divider--view-line elementor-widget elementor-widget-divider\" data-id=\"c629569\" data-element_type=\"widget\" data-widget_type=\"divider.default\">\n\t\t\t\t<div class=\"elementor-widget-container\">\n\t\t\t\t\t\t\t<div class=\"elementor-divider\">\n\t\t\t<span class=\"elementor-divider-separator\">\n\t\t\t\t\t\t<\/span>\n\t\t<\/div>\n\t\t\t\t\t\t<\/div>\n\t\t\t\t<\/div>\n\t\t\t\t\t<\/div>\n\t\t<\/div>\n\t\t\t\t\t<\/div>\n\t\t<\/section>\n\t\t\t\t<section data-particle_enable=\"false\" data-particle-mobile-disabled=\"false\" class=\"elementor-section elementor-top-section elementor-element elementor-element-8c5fb19 elementor-section-boxed elementor-section-height-default elementor-section-height-default\" data-id=\"8c5fb19\" data-element_type=\"section\">\n\t\t\t\t\t\t<div class=\"elementor-container elementor-column-gap-default\">\n\t\t\t\t\t<div class=\"elementor-column elementor-col-100 elementor-top-column elementor-element elementor-element-c2287ff\" data-id=\"c2287ff\" data-element_type=\"column\">\n\t\t\t<div class=\"elementor-widget-wrap elementor-element-populated\">\n\t\t\t\t\t\t<div class=\"elementor-element elementor-element-b1d195f elementor-widget elementor-widget-text-editor\" data-id=\"b1d195f\" data-element_type=\"widget\" data-widget_type=\"text-editor.default\">\n\t\t\t\t<div class=\"elementor-widget-container\">\n\t\t\t\t\t\t\t\t\t<p style=\"text-align: center;\"><span style=\"text-decoration: underline; color: #ff0000;\"><strong>\u00c7evrimi\u00e7i e\u011fitim kursu web sitesi \u00d6\u011frenme Y\u00f6netim Sistemi<\/strong><\/span><\/p><p>WordPress (CMS) LearnDash entegrasyonu ile \u00e7evrimi\u00e7i kurslar web sitesi (LMS) Platformu olu\u015fturabiliriz<\/p><p>ve t\u00fcm E-ticaret entegrasyonlar\u0131<\/p>\t\t\t\t\t\t\t\t<\/div>\n\t\t\t\t<\/div>\n\t\t\t\t<div class=\"elementor-element elementor-element-46776ae elementor-widget elementor-widget-heading\" data-id=\"46776ae\" data-element_type=\"widget\" data-widget_type=\"heading.default\">\n\t\t\t\t<div class=\"elementor-widget-container\">\n\t\t\t\t\t<h6 class=\"elementor-heading-title elementor-size-default\">WEB Kimli\u011fi: LEARNVIP.NET<\/h6>\t\t\t\t<\/div>\n\t\t\t\t<\/div>\n\t\t\t\t<div class=\"elementor-element elementor-element-d917e8b elementor-align-justify elementor-mobile-align-justify elementor-widget elementor-widget-button\" data-id=\"d917e8b\" data-element_type=\"widget\" data-widget_type=\"button.default\">\n\t\t\t\t<div class=\"elementor-widget-container\">\n\t\t\t\t\t\t\t\t\t<div class=\"elementor-button-wrapper\">\n\t\t\t\t\t<a class=\"elementor-button elementor-button-link elementor-size-xs elementor-animation-shrink\" href=\"https:\/\/learnvip.net\/dashboard\/\">\n\t\t\t\t\t\t<span class=\"elementor-button-content-wrapper\">\n\t\t\t\t\t\t\t\t\t<span class=\"elementor-button-text\">DEMOYU G\u00d6R\u00dcNT\u00dcLE<\/span>\n\t\t\t\t\t<\/span>\n\t\t\t\t\t<\/a>\n\t\t\t\t<\/div>\n\t\t\t\t\t\t\t\t<\/div>\n\t\t\t\t<\/div>\n\t\t\t\t<div class=\"elementor-element elementor-element-1d1051f elementor-widget-divider--view-line elementor-widget elementor-widget-divider\" data-id=\"1d1051f\" data-element_type=\"widget\" data-widget_type=\"divider.default\">\n\t\t\t\t<div class=\"elementor-widget-container\">\n\t\t\t\t\t\t\t<div class=\"elementor-divider\">\n\t\t\t<span class=\"elementor-divider-separator\">\n\t\t\t\t\t\t<\/span>\n\t\t<\/div>\n\t\t\t\t\t\t<\/div>\n\t\t\t\t<\/div>\n\t\t\t\t\t<\/div>\n\t\t<\/div>\n\t\t\t\t\t<\/div>\n\t\t<\/section>\n\t\t\t\t<\/div>","protected":false},"excerpt":{"rendered":"<p>WEB-Designing, SEO &#038; managing WEB-Designing, SEO &#038; managingMonthly visitor report to your website Translating &#038; Adding Multiple languages to a website (English, Arabic, Turkish, Persian, Urdu, Pashto) E-commerce Site We can create a Woocommerce site to sell your products on. with WordPress CMS Platform with all of the E-commerce integrations WEB ID: FRF90.COM VIEW DEMO [&hellip;]<\/p>\n","protected":false},"author":1,"featured_media":0,"parent":987,"menu_order":7,"comment_status":"closed","ping_status":"closed","template":"elementor_header_footer","meta":{"footnotes":""},"yoast_head":"<!-- This site is optimized with the Yoast SEO Premium plugin v21.1 (Yoast SEO v23.5) - https:\/\/yoast.com\/wordpress\/plugins\/seo\/ -->\n<title>WEB-Designing &amp; SEO - FRF20<\/title>\n<meta name=\"robots\" content=\"index, follow, max-snippet:-1, max-image-preview:large, max-video-preview:-1\" \/>\n<link rel=\"canonical\" href=\"https:\/\/frf20.com\/tr\/homepage\/services\/web-designing-seo\/\" \/>\n<meta property=\"og:locale\" content=\"tr_TR\" \/>\n<meta property=\"og:type\" content=\"article\" \/>\n<meta property=\"og:title\" content=\"WEB-Designing &amp; SEO\" \/>\n<meta property=\"og:description\" content=\"WEB-Designing, SEO &#038; managing WEB-Designing, SEO &#038; managingMonthly visitor report to your website Translating &#038; Adding Multiple languages to a website (English, Arabic, Turkish, Persian, Urdu, Pashto) E-commerce Site We can create a Woocommerce site to sell your products on. with WordPress CMS Platform with all of the E-commerce integrations WEB ID: FRF90.COM VIEW DEMO [&hellip;]\" \/>\n<meta property=\"og:url\" content=\"https:\/\/frf20.com\/tr\/homepage\/services\/web-designing-seo\/\" \/>\n<meta property=\"og:site_name\" content=\"FRF20\" \/>\n<meta property=\"article:modified_time\" content=\"2022-02-07T21:58:32+00:00\" \/>\n<meta name=\"twitter:card\" content=\"summary_large_image\" \/>\n<meta name=\"twitter:label1\" content=\"Tahmini okuma s\u00fcresi\" \/>\n\t<meta name=\"twitter:data1\" content=\"1 dakika\" \/>\n<script type=\"application\/ld+json\" class=\"yoast-schema-graph\">{\"@context\":\"https:\/\/schema.org\",\"@graph\":[{\"@type\":\"WebPage\",\"@id\":\"https:\/\/frf20.com\/homepage\/services\/web-designing-seo\/\",\"url\":\"https:\/\/frf20.com\/homepage\/services\/web-designing-seo\/\",\"name\":\"WEB-Designing & SEO - FRF20\",\"isPartOf\":{\"@id\":\"https:\/\/frf20.com\/#website\"},\"datePublished\":\"2020-12-18T23:16:06+00:00\",\"dateModified\":\"2022-02-07T21:58:32+00:00\",\"breadcrumb\":{\"@id\":\"https:\/\/frf20.com\/homepage\/services\/web-designing-seo\/#breadcrumb\"},\"inLanguage\":\"tr\",\"potentialAction\":[{\"@type\":\"ReadAction\",\"target\":[\"https:\/\/frf20.com\/homepage\/services\/web-designing-seo\/\"]}]},{\"@type\":\"BreadcrumbList\",\"@id\":\"https:\/\/frf20.com\/homepage\/services\/web-designing-seo\/#breadcrumb\",\"itemListElement\":[{\"@type\":\"ListItem\",\"position\":1,\"name\":\"Home\",\"item\":\"https:\/\/frf20.com\/\"},{\"@type\":\"ListItem\",\"position\":2,\"name\":\"Homepage\",\"item\":\"https:\/\/frf20.com\/\"},{\"@type\":\"ListItem\",\"position\":3,\"name\":\"Services\",\"item\":\"https:\/\/frf20.com\/homepage\/services\/\"},{\"@type\":\"ListItem\",\"position\":4,\"name\":\"WEB-Designing &#038; SEO\"}]},{\"@type\":\"WebSite\",\"@id\":\"https:\/\/frf20.com\/#website\",\"url\":\"https:\/\/frf20.com\/\",\"name\":\"FRF20\",\"description\":\"We have a lot of services like MicroJobs, Digital products, Online teaching and more\",\"publisher\":{\"@id\":\"https:\/\/frf20.com\/#organization\"},\"potentialAction\":[{\"@type\":\"SearchAction\",\"target\":{\"@type\":\"EntryPoint\",\"urlTemplate\":\"https:\/\/frf20.com\/?s={search_term_string}\"},\"query-input\":{\"@type\":\"PropertyValueSpecification\",\"valueRequired\":true,\"valueName\":\"search_term_string\"}}],\"inLanguage\":\"tr\"},{\"@type\":\"Organization\",\"@id\":\"https:\/\/frf20.com\/#organization\",\"name\":\"FRF20\",\"url\":\"https:\/\/frf20.com\/\",\"logo\":{\"@type\":\"ImageObject\",\"inLanguage\":\"tr\",\"@id\":\"https:\/\/frf20.com\/#\/schema\/logo\/image\/\",\"url\":\"https:\/\/frf20.com\/wp-content\/uploads\/2021\/09\/cropped-IMG_20210904_170613_457.png\",\"contentUrl\":\"https:\/\/frf20.com\/wp-content\/uploads\/2021\/09\/cropped-IMG_20210904_170613_457.png\",\"width\":1390,\"height\":1324,\"caption\":\"FRF20\"},\"image\":{\"@id\":\"https:\/\/frf20.com\/#\/schema\/logo\/image\/\"}}]}<\/script>\n<!-- \/ Yoast SEO Premium plugin. -->","yoast_head_json":{"title":"WEB-Tasar\u0131m ve SEO - FRF20","robots":{"index":"index","follow":"follow","max-snippet":"max-snippet:-1","max-image-preview":"max-image-preview:large","max-video-preview":"max-video-preview:-1"},"canonical":"https:\/\/frf20.com\/tr\/homepage\/services\/web-designing-seo\/","og_locale":"tr_TR","og_type":"article","og_title":"WEB-Designing & SEO","og_description":"WEB-Designing, SEO &#038; managing WEB-Designing, SEO &#038; managingMonthly visitor report to your website Translating &#038; Adding Multiple languages to a website (English, Arabic, Turkish, Persian, Urdu, Pashto) E-commerce Site We can create a Woocommerce site to sell your products on. with WordPress CMS Platform with all of the E-commerce integrations WEB ID: FRF90.COM VIEW DEMO [&hellip;]","og_url":"https:\/\/frf20.com\/tr\/homepage\/services\/web-designing-seo\/","og_site_name":"FRF20","article_modified_time":"2022-02-07T21:58:32+00:00","twitter_card":"summary_large_image","twitter_misc":{"Tahmini okuma s\u00fcresi":"1 dakika"},"schema":{"@context":"https:\/\/schema.org","@graph":[{"@type":"WebPage","@id":"https:\/\/frf20.com\/homepage\/services\/web-designing-seo\/","url":"https:\/\/frf20.com\/homepage\/services\/web-designing-seo\/","name":"WEB-Tasar\u0131m ve SEO - FRF20","isPartOf":{"@id":"https:\/\/frf20.com\/#website"},"datePublished":"2020-12-18T23:16:06+00:00","dateModified":"2022-02-07T21:58:32+00:00","breadcrumb":{"@id":"https:\/\/frf20.com\/homepage\/services\/web-designing-seo\/#breadcrumb"},"inLanguage":"tr","potentialAction":[{"@type":"ReadAction","target":["https:\/\/frf20.com\/homepage\/services\/web-designing-seo\/"]}]},{"@type":"BreadcrumbList","@id":"https:\/\/frf20.com\/homepage\/services\/web-designing-seo\/#breadcrumb","itemListElement":[{"@type":"ListItem","position":1,"name":"Home","item":"https:\/\/frf20.com\/"},{"@type":"ListItem","position":2,"name":"Homepage","item":"https:\/\/frf20.com\/"},{"@type":"ListItem","position":3,"name":"Services","item":"https:\/\/frf20.com\/homepage\/services\/"},{"@type":"ListItem","position":4,"name":"WEB-Designing &#038; SEO"}]},{"@type":"WebSite","@id":"https:\/\/frf20.com\/#website","url":"https:\/\/frf20.com\/","name":"FRF20","description":"Mikro \u0130\u015fler, Dijital \u00fcr\u00fcnler, \u00c7evrimi\u00e7i \u00f6\u011fretim ve daha pek \u00e7ok hizmetimiz var","publisher":{"@id":"https:\/\/frf20.com\/#organization"},"potentialAction":[{"@type":"SearchAction","target":{"@type":"EntryPoint","urlTemplate":"https:\/\/frf20.com\/?s={search_term_string}"},"query-input":{"@type":"PropertyValueSpecification","valueRequired":true,"valueName":"search_term_string"}}],"inLanguage":"tr"},{"@type":"Organization","@id":"https:\/\/frf20.com\/#organization","name":"FRF20","url":"https:\/\/frf20.com\/","logo":{"@type":"ImageObject","inLanguage":"tr","@id":"https:\/\/frf20.com\/#\/schema\/logo\/image\/","url":"https:\/\/frf20.com\/wp-content\/uploads\/2021\/09\/cropped-IMG_20210904_170613_457.png","contentUrl":"https:\/\/frf20.com\/wp-content\/uploads\/2021\/09\/cropped-IMG_20210904_170613_457.png","width":1390,"height":1324,"caption":"FRF20"},"image":{"@id":"https:\/\/frf20.com\/#\/schema\/logo\/image\/"}}]}},"_links":{"self":[{"href":"https:\/\/frf20.com\/tr\/wp-json\/wp\/v2\/pages\/628"}],"collection":[{"href":"https:\/\/frf20.com\/tr\/wp-json\/wp\/v2\/pages"}],"about":[{"href":"https:\/\/frf20.com\/tr\/wp-json\/wp\/v2\/types\/page"}],"author":[{"embeddable":true,"href":"https:\/\/frf20.com\/tr\/wp-json\/wp\/v2\/users\/1"}],"replies":[{"embeddable":true,"href":"https:\/\/frf20.com\/tr\/wp-json\/wp\/v2\/comments?post=628"}],"version-history":[{"count":0,"href":"https:\/\/frf20.com\/tr\/wp-json\/wp\/v2\/pages\/628\/revisions"}],"up":[{"embeddable":true,"href":"https:\/\/frf20.com\/tr\/wp-json\/wp\/v2\/pages\/987"}],"wp:attachment":[{"href":"https:\/\/frf20.com\/tr\/wp-json\/wp\/v2\/media?parent=628"}],"curies":[{"name":"wp","href":"https:\/\/api.w.org\/{rel}","templated":true}]}}