{"id":6887,"date":"2023-07-13T02:15:52","date_gmt":"2023-07-12T23:15:52","guid":{"rendered":"https:\/\/frf20.com\/?page_id=6887"},"modified":"2023-09-12T21:04:10","modified_gmt":"2023-09-12T18:04:10","slug":"software-and-business-automation","status":"publish","type":"page","link":"https:\/\/frf20.com\/tr\/homepage\/services\/software-and-business-automation\/","title":{"rendered":"WhatsApp ve Yaz\u0131l\u0131m Otomasyonu"},"content":{"rendered":"<div data-elementor-type=\"wp-page\" data-elementor-id=\"6887\" class=\"elementor elementor-6887\" data-elementor-post-type=\"page\">\n\t\t\t\t\t\t<section data-particle_enable=\"false\" data-particle-mobile-disabled=\"false\" class=\"elementor-section elementor-top-section elementor-element elementor-element-1f76c2e elementor-section-full_width elementor-section-height-min-height elementor-section-stretched elementor-section-height-default elementor-section-items-middle\" data-id=\"1f76c2e\" data-element_type=\"section\" data-settings=\"{&quot;stretch_section&quot;:&quot;section-stretched&quot;,&quot;background_background&quot;:&quot;gradient&quot;}\">\n\t\t\t\t\t\t<div class=\"elementor-container elementor-column-gap-no\">\n\t\t\t\t\t<div class=\"elementor-column elementor-col-100 elementor-top-column elementor-element elementor-element-8cf1ede\" data-id=\"8cf1ede\" data-element_type=\"column\">\n\t\t\t<div class=\"elementor-widget-wrap elementor-element-populated\">\n\t\t\t\t\t\t\t<\/div>\n\t\t<\/div>\n\t\t\t\t\t<\/div>\n\t\t<\/section>\n\t\t\t\t<section data-particle_enable=\"false\" data-particle-mobile-disabled=\"false\" class=\"elementor-section elementor-top-section elementor-element elementor-element-d5e58fc elementor-section-boxed elementor-section-height-default elementor-section-height-default\" data-id=\"d5e58fc\" data-element_type=\"section\">\n\t\t\t\t\t\t<div class=\"elementor-container elementor-column-gap-default\">\n\t\t\t\t\t<div class=\"elementor-column elementor-col-100 elementor-top-column elementor-element elementor-element-b409b22\" data-id=\"b409b22\" data-element_type=\"column\">\n\t\t\t<div class=\"elementor-widget-wrap elementor-element-populated\">\n\t\t\t\t\t\t<div class=\"elementor-element elementor-element-eca3da9 elementor-widget elementor-widget-video\" data-id=\"eca3da9\" data-element_type=\"widget\" data-settings=\"{&quot;youtube_url&quot;:&quot;https:\\\/\\\/www.youtube.com\\\/watch?v=d2gz-fiqTlo&quot;,&quot;start&quot;:1,&quot;loop&quot;:&quot;yes&quot;,&quot;lazy_load&quot;:&quot;yes&quot;,&quot;video_type&quot;:&quot;youtube&quot;,&quot;controls&quot;:&quot;yes&quot;}\" data-widget_type=\"video.default\">\n\t\t\t\t<div class=\"elementor-widget-container\">\n\t\t\t\t\t\t\t<div class=\"elementor-wrapper elementor-open-inline\">\n\t\t\t<div class=\"elementor-video\"><\/div>\t\t<\/div>\n\t\t\t\t\t\t<\/div>\n\t\t\t\t<\/div>\n\t\t\t\t<div class=\"elementor-element elementor-element-d99a8a2 elementor-widget elementor-widget-video\" data-id=\"d99a8a2\" data-element_type=\"widget\" data-settings=\"{&quot;youtube_url&quot;:&quot;https:\\\/\\\/youtu.be\\\/OmK3c8izE3s&quot;,&quot;start&quot;:1,&quot;loop&quot;:&quot;yes&quot;,&quot;lazy_load&quot;:&quot;yes&quot;,&quot;video_type&quot;:&quot;youtube&quot;,&quot;controls&quot;:&quot;yes&quot;}\" data-no-translation=\"\" data-widget_type=\"video.default\">\n\t\t\t\t<div class=\"elementor-widget-container\">\n\t\t\t\t\t<style>.elementor-element-d99a8a2{display:none !important}<\/style>\t\t\t\t<\/div>\n\t\t\t\t<\/div>\n\t\t\t\t<div class=\"elementor-element elementor-element-9ccf803 elementor-widget elementor-widget-video\" data-id=\"9ccf803\" data-element_type=\"widget\" data-settings=\"{&quot;youtube_url&quot;:&quot;https:\\\/\\\/youtu.be\\\/244uM6fCYas&quot;,&quot;start&quot;:1,&quot;loop&quot;:&quot;yes&quot;,&quot;lazy_load&quot;:&quot;yes&quot;,&quot;video_type&quot;:&quot;youtube&quot;,&quot;controls&quot;:&quot;yes&quot;}\" data-no-translation=\"\" data-widget_type=\"video.default\">\n\t\t\t\t<div class=\"elementor-widget-container\">\n\t\t\t\t\t<style>.elementor-element-9ccf803{display:none !important}<\/style>\t\t\t\t<\/div>\n\t\t\t\t<\/div>\n\t\t\t\t<div class=\"elementor-element elementor-element-a07cd00 elementor-widget elementor-widget-video\" data-id=\"a07cd00\" data-element_type=\"widget\" data-settings=\"{&quot;youtube_url&quot;:&quot;https:\\\/\\\/youtu.be\\\/6IW1KlzAtsI&quot;,&quot;start&quot;:1,&quot;loop&quot;:&quot;yes&quot;,&quot;lazy_load&quot;:&quot;yes&quot;,&quot;video_type&quot;:&quot;youtube&quot;,&quot;controls&quot;:&quot;yes&quot;}\" data-no-translation=\"\" data-widget_type=\"video.default\">\n\t\t\t\t<div class=\"elementor-widget-container\">\n\t\t\t\t\t<style>.elementor-element-a07cd00{display:none !important}<\/style>\t\t\t\t<\/div>\n\t\t\t\t<\/div>\n\t\t\t\t<div class=\"elementor-element elementor-element-7051d25 elementor-widget elementor-widget-video\" data-id=\"7051d25\" data-element_type=\"widget\" data-settings=\"{&quot;youtube_url&quot;:&quot;https:\\\/\\\/youtu.be\\\/vcxydHBYKYI&quot;,&quot;start&quot;:1,&quot;loop&quot;:&quot;yes&quot;,&quot;lazy_load&quot;:&quot;yes&quot;,&quot;video_type&quot;:&quot;youtube&quot;,&quot;controls&quot;:&quot;yes&quot;}\" data-no-translation=\"\" data-widget_type=\"video.default\">\n\t\t\t\t<div class=\"elementor-widget-container\">\n\t\t\t\t\t<style>.elementor-element-7051d25{display:none !important}<\/style>\t\t\t\t<\/div>\n\t\t\t\t<\/div>\n\t\t\t\t\t<\/div>\n\t\t<\/div>\n\t\t\t\t\t<\/div>\n\t\t<\/section>\n\t\t\t\t<section data-particle_enable=\"false\" data-particle-mobile-disabled=\"false\" class=\"elementor-section elementor-top-section elementor-element elementor-element-9f337bd elementor-section-boxed elementor-section-height-default elementor-section-height-default\" data-id=\"9f337bd\" data-element_type=\"section\">\n\t\t\t\t\t\t<div class=\"elementor-container elementor-column-gap-default\">\n\t\t\t\t\t<div class=\"elementor-column elementor-col-100 elementor-top-column elementor-element elementor-element-e95832d\" data-id=\"e95832d\" data-element_type=\"column\">\n\t\t\t<div class=\"elementor-widget-wrap elementor-element-populated\">\n\t\t\t\t\t\t<div class=\"elementor-element elementor-element-71f57f0 elementor-widget elementor-widget-text-editor\" data-id=\"71f57f0\" data-element_type=\"widget\" data-widget_type=\"text-editor.default\">\n\t\t\t\t<div class=\"elementor-widget-container\">\n\t\t\t\t\t\t\t\t\t<ul><li>WhatsApp otomasyonu<\/li><li>Yaz\u0131l\u0131m Otomasyonu<\/li><li>Google Sheets ve di\u011fer yaz\u0131l\u0131mlarla otomasyon<\/li><li>Veri Giri\u015fi Otomasyonu <br \/><br \/><\/li><\/ul><h4>\u0130\u015fletmeler ve \u015firketler i\u00e7in WhatsApp otomasyonunun faydalar\u0131 nelerdir?<br \/><br \/><\/h4><p>\u00a0<\/p><ol><li>Modern yapay zeka otomasyon teknolojimizin arac\u0131l\u0131\u011f\u0131yla, WhatsApp'\u0131n\u0131z ayn\u0131 anda birden fazla m\u00fc\u015fteriye dakikada 1000'den fazla mesaj g\u00f6ndererek yan\u0131t verebilecek. Bu verimlilik d\u00fczeyi, y\u00fczlerce \u00e7al\u0131\u015fan\u0131n i\u015fine e\u015fde\u011ferdir ve size onlar\u0131n maa\u015flar\u0131ndan tasarruf ettirir. <br \/><br \/><\/li><li>Yapay zeka sistemimiz, WhatsApp arac\u0131l\u0131\u011f\u0131yla baz\u0131 sorular sorarak m\u00fc\u015fterilerinizi sizin i\u00e7in filtreleyecektir. Ciddi ve \u00f6nemli m\u00fc\u015fterilerin ileti\u015fim verilerini otomatik olarak bulutunuza kaydederken, ciddi olmayan m\u00fc\u015fterileri yok sayabilir. <br \/><br \/><\/li><li>Yeni yapay zeka teknolojimizin arc\u0131l\u0131\u011f\u0131yla WhatsApp, hedef kitlenizle bir bot yerine insan benzeri bir \u015fekilde ileti\u015fim kurabilir. \u0130lgili herhangi bir kelimeyi yazarak ihtiya\u00e7lar\u0131n\u0131 kolayca anlayabilir. <br \/><br \/><\/li><li>\u00c7al\u0131\u015fanlar m\u00fc\u015fterilere yaln\u0131zca \u00e7al\u0131\u015fma saatleri i\u00e7inde yan\u0131t verebilir, ancak otomatik WhatsApp hizmetimiz, \u00f6\u011fle yeme\u011fi vakti, tatiller ve \u00e7al\u0131\u015fanlar\u0131n uyudu\u011fu gece yar\u0131s\u0131 dahil olmak \u00fczere m\u00fc\u015fterilerinize 7\/24 yan\u0131t vermek i\u00e7in kullan\u0131labilir. <br \/><br \/><\/li><li>Yeni yapay zeka teknolojimizin arac\u0131l\u0131\u011f\u0131yla WhatsApp, verilerinizi Google E-Tablolar'a do\u011fru bir \u015fekilde kaydedip kategorilere ay\u0131rarak her yerden uzaktan eri\u015fmenize olanak tan\u0131r. Bu, insan hatalar\u0131n\u0131 da ortadan kald\u0131rmaya yard\u0131mc\u0131 olacakt\u0131r. <br \/><br \/><\/li><li>Zaman kazand\u0131ran: WhatsApp otomasyonu, yaln\u0131zca birka\u00e7 t\u0131klama ile \u00e7ok say\u0131da ki\u015fiye toplu mesajlar g\u00f6ndermenizi sa\u011flayarak de\u011ferli zaman\u0131n\u0131zdan tasarruf etmenizi sa\u011flar. <br \/><br \/><\/li><li>Ki\u015fiselle\u015ftirme: Al\u0131c\u0131n\u0131n ad\u0131n\u0131 veya di\u011fer belirli bilgileri dahil etmek i\u00e7in de\u011fi\u015fkenleri kullanarak otomatikle\u015ftirilmi\u015f mesajlar\u0131 \u00f6zelle\u015ftirerek her bir ki\u015fiye bir ki\u015fiselle\u015ftirme ve dikkat hissi verebilirsiniz. <br \/><br \/><\/li><li>Hata azaltma: WhatsApp otomasyonu, toplu mesajlar g\u00f6nderilirken insan hatas\u0131 risklerini ortadan kald\u0131rarak her mesaj\u0131n do\u011fru ve tutarl\u0131 bir \u015fekilde g\u00f6nderilmesini sa\u011flar. <br \/><br \/><\/li><li>Geli\u015ftirilmi\u015f etkile\u015fim: WhatsApp otomasyonu, belirli etkinlikler, hat\u0131rlat\u0131c\u0131lar veya promosyon teklifleri i\u00e7in planlanm\u0131\u015f mesajlar g\u00f6ndermenize olanak tan\u0131r; bu, kullan\u0131c\u0131 kat\u0131l\u0131m\u0131n\u0131 art\u0131rabilir ve onlar\u0131 i\u015fletmenizle etkile\u015fime girmeye te\u015fvik edebilir. <br \/><br \/><\/li><li>\u0130zleme ve analiz: WhatsApp otomasyon ara\u00e7lar\u0131, kampanyalar\u0131n\u0131z\u0131n etkinli\u011fini, mesaj a\u00e7ma oranlar\u0131n\u0131 ve d\u00f6n\u00fc\u015f\u00fcm oranlar\u0131n\u0131 \u00f6l\u00e7mek i\u00e7in izleme ve analiz \u00f6zellikleri sunarak stratejinizi buna g\u00f6re ayarlaman\u0131za olanak tan\u0131r. <br \/><br \/><\/li><li>Geli\u015fmi\u015f \u00fcretkenlik: WhatsApp otomasyonu, \u00f6nceden kaydedilmi\u015f yan\u0131tlar\u0131 veya sohbet robotunu kullanarak konu\u015fmalar\u0131n verimli bir \u015fekilde y\u00f6netilmesini sa\u011flayarak m\u00fc\u015fteri sorular\u0131na h\u0131zl\u0131 yan\u0131t verilmesine olanak tan\u0131r ve genel \u00fcretkenli\u011fi art\u0131r\u0131r. <br \/><br \/><\/li><li>Maliyet tasarrufu: WhatsApp'ta ileti\u015fim s\u00fcre\u00e7lerini otomatikle\u015ftirerek, konu\u015fmalar\u0131 veya pazarlama kampanyalar\u0131n\u0131 y\u00f6netmek i\u00e7in ek personel almayla ilgili maliyetleri azaltabilirsiniz. <br \/><br \/><\/li><li>International WhatsApp Forwarding:\u00a0To ensure privacy and maintain a professional image, you can forward your local WhatsApp number to your employees in another country while concealing their personal numbers. This way, your customers will only see and interact with your company&#8217;s WhatsApp number, ensuring a seamless communication experience while protecting your employees&#8217; privacy.<br \/><br \/><\/li><\/ol><p>\u00d6zetle, WhatsApp otomasyonu, zaman tasarrufu, mesaj ki\u015fiselle\u015ftirme, hata azaltma, geli\u015fmi\u015f etkile\u015fim, izleme ve analiz, geli\u015fmi\u015f \u00fcretkenlik ve maliyet tasarrufu gibi bir\u00e7ok avantaj sunar.<br \/><br \/><\/p><p>Detayl\u0131 bilgi i\u00e7in WhatsApp numaram\u0131zdan bize ula\u015fabilirsiniz.<\/p>\t\t\t\t\t\t\t\t<\/div>\n\t\t\t\t<\/div>\n\t\t\t\t\t<\/div>\n\t\t<\/div>\n\t\t\t\t\t<\/div>\n\t\t<\/section>\n\t\t\t\t<\/div>","protected":false},"excerpt":{"rendered":"<p>https:\/\/www.youtube.com\/watch?v=d2gz-fiqTlohttps:\/\/youtu.be\/OmK3c8izE3shttps:\/\/youtu.be\/244uM6fCYashttps:\/\/youtu.be\/6IW1KlzAtsIhttps:\/\/youtu.be\/vcxydHBYKYI WhatsApp automation Software Automation Google sheets Automation with other softwares Data Entry Automation What are the benefits of our WhatsApp automation for your buisnesse or company? \u00a0 With the help of our modern Al automation technology, your WhatsApp will be able to reply to multiple customers simultaneously, sending over 1000 messages in a minute. [&hellip;]<\/p>\n","protected":false},"author":1,"featured_media":0,"parent":987,"menu_order":0,"comment_status":"closed","ping_status":"closed","template":"","meta":{"footnotes":""},"yoast_head":"<!-- This site is optimized with the Yoast SEO Premium plugin v21.1 (Yoast SEO v23.5) - https:\/\/yoast.com\/wordpress\/plugins\/seo\/ -->\n<title>WhatsApp &amp; Software Automation - FRF20<\/title>\n<meta name=\"robots\" content=\"index, follow, max-snippet:-1, max-image-preview:large, max-video-preview:-1\" \/>\n<link rel=\"canonical\" href=\"https:\/\/frf20.com\/tr\/homepage\/services\/software-and-business-automation\/\" \/>\n<meta property=\"og:locale\" content=\"tr_TR\" \/>\n<meta property=\"og:type\" content=\"article\" \/>\n<meta property=\"og:title\" content=\"WhatsApp &amp; Software Automation\" \/>\n<meta property=\"og:description\" content=\"https:\/\/www.youtube.com\/watch?v=d2gz-fiqTlohttps:\/\/youtu.be\/OmK3c8izE3shttps:\/\/youtu.be\/244uM6fCYashttps:\/\/youtu.be\/6IW1KlzAtsIhttps:\/\/youtu.be\/vcxydHBYKYI WhatsApp automation Software Automation Google sheets Automation with other softwares Data Entry Automation What are the benefits of our WhatsApp automation for your buisnesse or company? \u00a0 With the help of our modern Al automation technology, your WhatsApp will be able to reply to multiple customers simultaneously, sending over 1000 messages in a minute. [&hellip;]\" \/>\n<meta property=\"og:url\" content=\"https:\/\/frf20.com\/tr\/homepage\/services\/software-and-business-automation\/\" \/>\n<meta property=\"og:site_name\" content=\"FRF20\" \/>\n<meta property=\"article:modified_time\" content=\"2023-09-12T18:04:10+00:00\" \/>\n<meta name=\"twitter:card\" content=\"summary_large_image\" \/>\n<meta name=\"twitter:label1\" content=\"Tahmini okuma s\u00fcresi\" \/>\n\t<meta name=\"twitter:data1\" content=\"3 dakika\" \/>\n<script type=\"application\/ld+json\" class=\"yoast-schema-graph\">{\"@context\":\"https:\/\/schema.org\",\"@graph\":[{\"@type\":\"WebPage\",\"@id\":\"https:\/\/frf20.com\/homepage\/services\/software-and-business-automation\/\",\"url\":\"https:\/\/frf20.com\/homepage\/services\/software-and-business-automation\/\",\"name\":\"WhatsApp & Software Automation - FRF20\",\"isPartOf\":{\"@id\":\"https:\/\/frf20.com\/#website\"},\"datePublished\":\"2023-07-12T23:15:52+00:00\",\"dateModified\":\"2023-09-12T18:04:10+00:00\",\"breadcrumb\":{\"@id\":\"https:\/\/frf20.com\/homepage\/services\/software-and-business-automation\/#breadcrumb\"},\"inLanguage\":\"tr\",\"potentialAction\":[{\"@type\":\"ReadAction\",\"target\":[\"https:\/\/frf20.com\/homepage\/services\/software-and-business-automation\/\"]}]},{\"@type\":\"BreadcrumbList\",\"@id\":\"https:\/\/frf20.com\/homepage\/services\/software-and-business-automation\/#breadcrumb\",\"itemListElement\":[{\"@type\":\"ListItem\",\"position\":1,\"name\":\"Home\",\"item\":\"https:\/\/frf20.com\/\"},{\"@type\":\"ListItem\",\"position\":2,\"name\":\"Homepage\",\"item\":\"https:\/\/frf20.com\/\"},{\"@type\":\"ListItem\",\"position\":3,\"name\":\"Services\",\"item\":\"https:\/\/frf20.com\/homepage\/services\/\"},{\"@type\":\"ListItem\",\"position\":4,\"name\":\"WhatsApp &#038; Software Automation\"}]},{\"@type\":\"WebSite\",\"@id\":\"https:\/\/frf20.com\/#website\",\"url\":\"https:\/\/frf20.com\/\",\"name\":\"FRF20\",\"description\":\"We have a lot of services like MicroJobs, Digital products, Online teaching and more\",\"publisher\":{\"@id\":\"https:\/\/frf20.com\/#organization\"},\"potentialAction\":[{\"@type\":\"SearchAction\",\"target\":{\"@type\":\"EntryPoint\",\"urlTemplate\":\"https:\/\/frf20.com\/?s={search_term_string}\"},\"query-input\":{\"@type\":\"PropertyValueSpecification\",\"valueRequired\":true,\"valueName\":\"search_term_string\"}}],\"inLanguage\":\"tr\"},{\"@type\":\"Organization\",\"@id\":\"https:\/\/frf20.com\/#organization\",\"name\":\"FRF20\",\"url\":\"https:\/\/frf20.com\/\",\"logo\":{\"@type\":\"ImageObject\",\"inLanguage\":\"tr\",\"@id\":\"https:\/\/frf20.com\/#\/schema\/logo\/image\/\",\"url\":\"https:\/\/frf20.com\/wp-content\/uploads\/2021\/09\/cropped-IMG_20210904_170613_457.png\",\"contentUrl\":\"https:\/\/frf20.com\/wp-content\/uploads\/2021\/09\/cropped-IMG_20210904_170613_457.png\",\"width\":1390,\"height\":1324,\"caption\":\"FRF20\"},\"image\":{\"@id\":\"https:\/\/frf20.com\/#\/schema\/logo\/image\/\"}}]}<\/script>\n<!-- \/ Yoast SEO Premium plugin. -->","yoast_head_json":{"title":"WhatsApp & Software Automation - FRF20","robots":{"index":"index","follow":"follow","max-snippet":"max-snippet:-1","max-image-preview":"max-image-preview:large","max-video-preview":"max-video-preview:-1"},"canonical":"https:\/\/frf20.com\/tr\/homepage\/services\/software-and-business-automation\/","og_locale":"tr_TR","og_type":"article","og_title":"WhatsApp & Software Automation","og_description":"https:\/\/www.youtube.com\/watch?v=d2gz-fiqTlohttps:\/\/youtu.be\/OmK3c8izE3shttps:\/\/youtu.be\/244uM6fCYashttps:\/\/youtu.be\/6IW1KlzAtsIhttps:\/\/youtu.be\/vcxydHBYKYI WhatsApp automation Software Automation Google sheets Automation with other softwares Data Entry Automation What are the benefits of our WhatsApp automation for your buisnesse or company? \u00a0 With the help of our modern Al automation technology, your WhatsApp will be able to reply to multiple customers simultaneously, sending over 1000 messages in a minute. [&hellip;]","og_url":"https:\/\/frf20.com\/tr\/homepage\/services\/software-and-business-automation\/","og_site_name":"FRF20","article_modified_time":"2023-09-12T18:04:10+00:00","twitter_card":"summary_large_image","twitter_misc":{"Tahmini okuma s\u00fcresi":"3 dakika"},"schema":{"@context":"https:\/\/schema.org","@graph":[{"@type":"WebPage","@id":"https:\/\/frf20.com\/homepage\/services\/software-and-business-automation\/","url":"https:\/\/frf20.com\/homepage\/services\/software-and-business-automation\/","name":"WhatsApp & Software Automation - FRF20","isPartOf":{"@id":"https:\/\/frf20.com\/#website"},"datePublished":"2023-07-12T23:15:52+00:00","dateModified":"2023-09-12T18:04:10+00:00","breadcrumb":{"@id":"https:\/\/frf20.com\/homepage\/services\/software-and-business-automation\/#breadcrumb"},"inLanguage":"tr","potentialAction":[{"@type":"ReadAction","target":["https:\/\/frf20.com\/homepage\/services\/software-and-business-automation\/"]}]},{"@type":"BreadcrumbList","@id":"https:\/\/frf20.com\/homepage\/services\/software-and-business-automation\/#breadcrumb","itemListElement":[{"@type":"ListItem","position":1,"name":"Home","item":"https:\/\/frf20.com\/"},{"@type":"ListItem","position":2,"name":"Homepage","item":"https:\/\/frf20.com\/"},{"@type":"ListItem","position":3,"name":"Services","item":"https:\/\/frf20.com\/homepage\/services\/"},{"@type":"ListItem","position":4,"name":"WhatsApp &#038; Software Automation"}]},{"@type":"WebSite","@id":"https:\/\/frf20.com\/#website","url":"https:\/\/frf20.com\/","name":"FRF20","description":"Mikro \u0130\u015fler, Dijital \u00fcr\u00fcnler, \u00c7evrimi\u00e7i \u00f6\u011fretim ve daha pek \u00e7ok hizmetimiz var","publisher":{"@id":"https:\/\/frf20.com\/#organization"},"potentialAction":[{"@type":"SearchAction","target":{"@type":"EntryPoint","urlTemplate":"https:\/\/frf20.com\/?s={search_term_string}"},"query-input":{"@type":"PropertyValueSpecification","valueRequired":true,"valueName":"search_term_string"}}],"inLanguage":"tr"},{"@type":"Organization","@id":"https:\/\/frf20.com\/#organization","name":"FRF20","url":"https:\/\/frf20.com\/","logo":{"@type":"ImageObject","inLanguage":"tr","@id":"https:\/\/frf20.com\/#\/schema\/logo\/image\/","url":"https:\/\/frf20.com\/wp-content\/uploads\/2021\/09\/cropped-IMG_20210904_170613_457.png","contentUrl":"https:\/\/frf20.com\/wp-content\/uploads\/2021\/09\/cropped-IMG_20210904_170613_457.png","width":1390,"height":1324,"caption":"FRF20"},"image":{"@id":"https:\/\/frf20.com\/#\/schema\/logo\/image\/"}}]}},"_links":{"self":[{"href":"https:\/\/frf20.com\/tr\/wp-json\/wp\/v2\/pages\/6887"}],"collection":[{"href":"https:\/\/frf20.com\/tr\/wp-json\/wp\/v2\/pages"}],"about":[{"href":"https:\/\/frf20.com\/tr\/wp-json\/wp\/v2\/types\/page"}],"author":[{"embeddable":true,"href":"https:\/\/frf20.com\/tr\/wp-json\/wp\/v2\/users\/1"}],"replies":[{"embeddable":true,"href":"https:\/\/frf20.com\/tr\/wp-json\/wp\/v2\/comments?post=6887"}],"version-history":[{"count":0,"href":"https:\/\/frf20.com\/tr\/wp-json\/wp\/v2\/pages\/6887\/revisions"}],"up":[{"embeddable":true,"href":"https:\/\/frf20.com\/tr\/wp-json\/wp\/v2\/pages\/987"}],"wp:attachment":[{"href":"https:\/\/frf20.com\/tr\/wp-json\/wp\/v2\/media?parent=6887"}],"curies":[{"name":"wp","href":"https:\/\/api.w.org\/{rel}","templated":true}]}}