{"id":757,"date":"2020-12-19T05:22:26","date_gmt":"2020-12-19T02:22:26","guid":{"rendered":"https:\/\/frf20.com\/gr\/?page_id=757"},"modified":"2022-01-24T22:41:01","modified_gmt":"2022-01-24T19:41:01","slug":"flyers","status":"publish","type":"page","link":"https:\/\/frf20.com\/tr\/homepage\/services\/flyers\/","title":{"rendered":"El ilanlar\u0131"},"content":{"rendered":"<div class=\"wp-block-columns is-layout-flex wp-container-core-columns-layout-1 wp-block-columns-is-layout-flex\">\n<div class=\"wp-block-column is-layout-flow wp-block-column-is-layout-flow\">\n<div class=\"wp-block-image\"><figure class=\"aligncenter size-medium\"><a href=\"https:\/\/frf20.com\/gr\/wp-content\/uploads\/2020\/12\/FL201223A01-1.png\"><img decoding=\"async\" src=\"https:\/\/frf20.com\/gr\/wp-content\/uploads\/2020\/12\/FL201223A01-1-214x300.png\" alt=\"\" class=\"wp-image-1953\"\/><\/a><figcaption>bas\u0131n <strong><span class=\"has-inline-color has-vivid-red-color\">KIRMIZI <\/span><\/strong>kodlay\u0131n ve bizimle payla\u015f\u0131n<br>Naber: <strong><span class=\"has-inline-color has-vivid-red-color\">FL201223A01<\/span><\/strong><\/figcaption><\/figure><\/div>\n<\/div>\n\n\n\n<div class=\"wp-block-column is-layout-flow wp-block-column-is-layout-flow\">\n<div class=\"wp-block-image\"><figure class=\"aligncenter size-medium\"><a href=\"https:\/\/frf20.com\/gr\/wp-content\/uploads\/2020\/12\/FL201223A02.png\"><img decoding=\"async\" src=\"https:\/\/frf20.com\/gr\/wp-content\/uploads\/2020\/12\/FL201223A02-214x300.png\" alt=\"\" class=\"wp-image-1954\"\/><\/a><figcaption>bas\u0131n <strong><span class=\"has-inline-color has-vivid-red-color\">KIRMIZI <\/span><\/strong>kodlay\u0131n ve bizimle payla\u015f\u0131n<br>Naber: <strong><span class=\"has-inline-color has-vivid-red-color\">FL201223A02<\/span><\/strong><\/figcaption><\/figure><\/div>\n<\/div>\n<\/div>\n\n\n\n<div class=\"wp-block-columns is-layout-flex wp-container-core-columns-layout-2 wp-block-columns-is-layout-flex\">\n<div class=\"wp-block-column is-layout-flow wp-block-column-is-layout-flow\">\n<div class=\"wp-block-image\"><figure class=\"aligncenter size-medium\"><a href=\"https:\/\/frf20.com\/gr\/wp-content\/uploads\/2020\/12\/FL201223A03.png\"><img decoding=\"async\" src=\"https:\/\/frf20.com\/gr\/wp-content\/uploads\/2020\/12\/FL201223A03-214x300.png\" alt=\"\" class=\"wp-image-1955\"\/><\/a><figcaption>bas\u0131n <strong><span class=\"has-inline-color has-vivid-red-color\">KIRMIZI <\/span><\/strong>kodlay\u0131n ve bizimle payla\u015f\u0131n<br>Naber: <strong><span class=\"has-inline-color has-vivid-red-color\">FL201223A03<\/span><\/strong><\/figcaption><\/figure><\/div>\n<\/div>\n\n\n\n<div class=\"wp-block-column is-layout-flow wp-block-column-is-layout-flow\">\n<div class=\"wp-block-image\"><figure class=\"aligncenter size-medium\"><a href=\"https:\/\/frf20.com\/gr\/wp-content\/uploads\/2020\/12\/FL201224A04-1.png\"><img decoding=\"async\" src=\"https:\/\/frf20.com\/gr\/wp-content\/uploads\/2020\/12\/FL201224A04-1-214x300.png\" alt=\"\" class=\"wp-image-1956\"\/><\/a><figcaption>bas\u0131n <strong><span class=\"has-inline-color has-vivid-red-color\">KIRMIZI <\/span><\/strong>kodlay\u0131n ve bizimle payla\u015f\u0131n<br>Naber: <strong><span class=\"has-inline-color has-vivid-red-color\">FL201224A04<\/span><\/strong><\/figcaption><\/figure><\/div>\n\n\n\n<p><\/p>\n<\/div>\n<\/div>\n\n\n\n<div class=\"wp-block-columns is-layout-flex wp-container-core-columns-layout-3 wp-block-columns-is-layout-flex\">\n<div class=\"wp-block-column is-layout-flow wp-block-column-is-layout-flow\">\n<div class=\"wp-block-image\"><figure class=\"aligncenter size-medium\"><a href=\"https:\/\/frf20.com\/gr\/wp-content\/uploads\/2020\/12\/FL201224A05.png\"><img decoding=\"async\" src=\"https:\/\/frf20.com\/gr\/wp-content\/uploads\/2020\/12\/FL201224A05-212x300.png\" alt=\"\" class=\"wp-image-2267\"\/><\/a><figcaption>bas\u0131n <strong><span class=\"has-inline-color has-vivid-red-color\">KIRMIZI <\/span><\/strong>kodlay\u0131n ve bizimle payla\u015f\u0131n<br>Naber: <strong><span class=\"has-inline-color has-vivid-red-color\">FL201224A05<\/span><\/strong><\/figcaption><\/figure><\/div>\n<\/div>\n\n\n\n<div class=\"wp-block-column is-layout-flow wp-block-column-is-layout-flow\">\n<div class=\"wp-block-image\"><figure class=\"aligncenter size-medium\"><a href=\"https:\/\/frf20.com\/gr\/wp-content\/uploads\/2020\/12\/FL201224A06.png\"><img decoding=\"async\" src=\"https:\/\/frf20.com\/gr\/wp-content\/uploads\/2020\/12\/FL201224A06-215x300.png\" alt=\"\" class=\"wp-image-2269\"\/><\/a><figcaption>bas\u0131n <strong><span class=\"has-inline-color has-vivid-red-color\">KIRMIZI <\/span><\/strong>kodlay\u0131n ve bizimle payla\u015f\u0131n<br>Naber: <strong><span class=\"has-inline-color has-vivid-red-color\">FL201224A06<\/span><\/strong><\/figcaption><\/figure><\/div>\n<\/div>\n<\/div>\n\n\n\n<div class=\"wp-block-columns is-layout-flex wp-container-core-columns-layout-4 wp-block-columns-is-layout-flex\">\n<div class=\"wp-block-column is-layout-flow wp-block-column-is-layout-flow\">\n<div class=\"wp-block-image\"><figure class=\"aligncenter size-medium\"><a href=\"https:\/\/frf20.com\/gr\/wp-content\/uploads\/2020\/12\/FL201224A07.png\"><img decoding=\"async\" src=\"https:\/\/frf20.com\/gr\/wp-content\/uploads\/2020\/12\/FL201224A07-218x300.png\" alt=\"\" class=\"wp-image-2285\"\/><\/a><figcaption>bas\u0131n <strong><span class=\"has-inline-color has-vivid-red-color\">KIRMIZI<\/span> <\/strong>kodlay\u0131n ve bizimle payla\u015f\u0131n<br>Naber: <strong><span class=\"has-inline-color has-vivid-red-color\">FL201224A07<\/span><\/strong><\/figcaption><\/figure><\/div>\n<\/div>\n\n\n\n<div class=\"wp-block-column is-layout-flow wp-block-column-is-layout-flow\">\n<div class=\"wp-block-image\"><figure class=\"aligncenter size-medium\"><a href=\"https:\/\/frf20.com\/gr\/wp-content\/uploads\/2020\/12\/FL201224A08.png\"><img decoding=\"async\" src=\"https:\/\/frf20.com\/gr\/wp-content\/uploads\/2020\/12\/FL201224A08-214x300.png\" alt=\"\" class=\"wp-image-2287\"\/><\/a><figcaption>bas\u0131n <strong><span class=\"has-inline-color has-vivid-red-color\">KIRMIZI <\/span><\/strong>kodlay\u0131n ve bizimle payla\u015f\u0131n<br>Naber: <strong><span class=\"has-inline-color has-vivid-red-color\">FL201224A08<\/span><\/strong><\/figcaption><\/figure><\/div>\n<\/div>\n<\/div>\n\n\n\n<div class=\"wp-block-columns is-layout-flex wp-container-core-columns-layout-5 wp-block-columns-is-layout-flex\">\n<div class=\"wp-block-column is-layout-flow wp-block-column-is-layout-flow\">\n<div class=\"wp-block-image\"><figure class=\"aligncenter size-medium\"><a href=\"https:\/\/frf20.com\/gr\/wp-content\/uploads\/2020\/12\/FL201224A09.png\"><img decoding=\"async\" src=\"https:\/\/frf20.com\/gr\/wp-content\/uploads\/2020\/12\/FL201224A09-212x300.png\" alt=\"\" class=\"wp-image-2290\"\/><\/a><figcaption>bas\u0131n <strong><span class=\"has-inline-color has-vivid-red-color\">KIRMIZI <\/span><\/strong>kodlay\u0131n ve bizimle payla\u015f\u0131n<br>Naber: <strong><span class=\"has-inline-color has-vivid-red-color\">FL201224A09<\/span><\/strong><\/figcaption><\/figure><\/div>\n<\/div>\n\n\n\n<div class=\"wp-block-column is-layout-flow wp-block-column-is-layout-flow\">\n<div class=\"wp-block-image\"><figure class=\"aligncenter size-medium is-resized\"><a href=\"https:\/\/frf20.com\/gr\/wp-content\/uploads\/2020\/12\/FL201224A10.png\"><img fetchpriority=\"high\" decoding=\"async\" src=\"https:\/\/frf20.com\/gr\/wp-content\/uploads\/2020\/12\/FL201224A10-214x300.png\" alt=\"\" class=\"wp-image-2291\" width=\"214\" height=\"300\"\/><\/a><figcaption>bas\u0131n <strong><span class=\"has-inline-color has-vivid-red-color\">KIRMIZI <\/span><\/strong>kodlay\u0131n ve bizimle payla\u015f\u0131n<br>Naber: <strong><span class=\"has-inline-color has-vivid-red-color\">FL201224A10<\/span><\/strong><\/figcaption><\/figure><\/div>\n<\/div>\n<\/div>\n\n\n\n<div class=\"wp-block-columns is-layout-flex wp-container-core-columns-layout-6 wp-block-columns-is-layout-flex\">\n<div class=\"wp-block-column is-layout-flow wp-block-column-is-layout-flow\">\n<div class=\"wp-block-image\"><figure class=\"aligncenter size-medium\"><a href=\"https:\/\/frf20.com\/gr\/wp-content\/uploads\/2020\/12\/FL201224A11-1.png\"><img decoding=\"async\" src=\"https:\/\/frf20.com\/gr\/wp-content\/uploads\/2020\/12\/FL201224A11-1-215x300.png\" alt=\"\" class=\"wp-image-2296\"\/><\/a><figcaption>bas\u0131n <strong><span class=\"has-inline-color has-vivid-red-color\">KIRMIZI <\/span><\/strong>kodlay\u0131n ve bizimle payla\u015f\u0131n<br>Naber: <strong><span class=\"has-inline-color has-vivid-red-color\">FL201224A11<\/span><\/strong><\/figcaption><\/figure><\/div>\n<\/div>\n\n\n\n<div class=\"wp-block-column is-layout-flow wp-block-column-is-layout-flow\">\n<div class=\"wp-block-image\"><figure class=\"aligncenter size-medium\"><a href=\"https:\/\/frf20.com\/wp-content\/uploads\/2021\/02\/FL201224A12-1.png\"><img decoding=\"async\" width=\"214\" height=\"300\" src=\"https:\/\/frf20.com\/wp-content\/uploads\/2021\/02\/FL201224A12-1-214x300.png\" alt=\"\" class=\"wp-image-2590\" srcset=\"https:\/\/frf20.com\/wp-content\/uploads\/2021\/02\/FL201224A12-1-214x300.png 214w, https:\/\/frf20.com\/wp-content\/uploads\/2021\/02\/FL201224A12-1-9x12.png 9w, https:\/\/frf20.com\/wp-content\/uploads\/2021\/02\/FL201224A12-1-600x840.png 600w, https:\/\/frf20.com\/wp-content\/uploads\/2021\/02\/FL201224A12-1.png 614w\" sizes=\"(max-width: 214px) 100vw, 214px\" \/><\/a><figcaption>bas\u0131n <strong><span class=\"has-inline-color has-vivid-red-color\">KIRMIZI <\/span><\/strong>kodlay\u0131n ve bizimle payla\u015f\u0131n<br>Naber: <strong><span class=\"has-inline-color has-vivid-red-color\">FL201224A12<\/span><\/strong><\/figcaption><\/figure><\/div>\n<\/div>\n<\/div>\n\n\n\n<div class=\"wp-block-columns is-layout-flex wp-container-core-columns-layout-7 wp-block-columns-is-layout-flex\">\n<div class=\"wp-block-column is-layout-flow wp-block-column-is-layout-flow\">\n<div class=\"wp-block-image\"><figure class=\"aligncenter size-medium\"><a href=\"https:\/\/frf20.com\/wp-content\/uploads\/2021\/02\/FL201224A13-1.png\"><img decoding=\"async\" width=\"214\" height=\"300\" src=\"https:\/\/frf20.com\/wp-content\/uploads\/2021\/02\/FL201224A13-1-214x300.png\" alt=\"\" class=\"wp-image-2592\" srcset=\"https:\/\/frf20.com\/wp-content\/uploads\/2021\/02\/FL201224A13-1-214x300.png 214w, https:\/\/frf20.com\/wp-content\/uploads\/2021\/02\/FL201224A13-1-9x12.png 9w, https:\/\/frf20.com\/wp-content\/uploads\/2021\/02\/FL201224A13-1-600x840.png 600w, https:\/\/frf20.com\/wp-content\/uploads\/2021\/02\/FL201224A13-1.png 614w\" sizes=\"(max-width: 214px) 100vw, 214px\" \/><\/a><figcaption>bas\u0131n <strong><span class=\"has-inline-color has-vivid-red-color\">KIRMIZI <\/span><\/strong>kodlay\u0131n ve bizimle payla\u015f\u0131n<br>Naber: <strong><span class=\"has-inline-color has-vivid-red-color\">FL201224A13<\/span><\/strong><\/figcaption><\/figure><\/div>\n<\/div>\n\n\n\n<div class=\"wp-block-column is-layout-flow wp-block-column-is-layout-flow\">\n<div class=\"wp-block-image\"><figure class=\"aligncenter size-medium is-resized\"><a href=\"https:\/\/frf20.com\/wp-content\/uploads\/2021\/02\/FL201224A14-1.png\"><img loading=\"lazy\" decoding=\"async\" src=\"https:\/\/frf20.com\/wp-content\/uploads\/2021\/02\/FL201224A14-1-222x300.png\" alt=\"\" class=\"wp-image-2593\" width=\"251\" height=\"322\"\/><\/a><figcaption>bas\u0131n <strong><span class=\"has-inline-color has-vivid-red-color\">KIRMIZI <\/span><\/strong>kodlay\u0131n ve bizimle payla\u015f\u0131n<br>Naber: <strong><span class=\"has-inline-color has-vivid-red-color\">FL201224A14<\/span><\/strong><\/figcaption><\/figure><\/div>\n<\/div>\n<\/div>","protected":false},"excerpt":{"rendered":"","protected":false},"author":1,"featured_media":2295,"parent":987,"menu_order":16,"comment_status":"closed","ping_status":"closed","template":"","meta":{"footnotes":""},"yoast_head":"<!-- This site is optimized with the Yoast SEO Premium plugin v21.1 (Yoast SEO v23.5) - https:\/\/yoast.com\/wordpress\/plugins\/seo\/ -->\n<title>Flyers - FRF20<\/title>\n<meta name=\"robots\" content=\"index, follow, max-snippet:-1, max-image-preview:large, max-video-preview:-1\" \/>\n<link rel=\"canonical\" href=\"https:\/\/frf20.com\/tr\/homepage\/services\/flyers\/\" \/>\n<meta property=\"og:locale\" content=\"tr_TR\" \/>\n<meta property=\"og:type\" content=\"article\" \/>\n<meta property=\"og:title\" content=\"Flyers\" \/>\n<meta property=\"og:url\" content=\"https:\/\/frf20.com\/tr\/homepage\/services\/flyers\/\" \/>\n<meta property=\"og:site_name\" content=\"FRF20\" \/>\n<meta property=\"article:modified_time\" content=\"2022-01-24T19:41:01+00:00\" \/>\n<meta property=\"og:image\" content=\"https:\/\/frf20.com\/wp-content\/uploads\/2020\/12\/FL201224A11-2.png\" \/>\n\t<meta property=\"og:image:width\" content=\"448\" \/>\n\t<meta property=\"og:image:height\" content=\"624\" \/>\n\t<meta property=\"og:image:type\" content=\"image\/png\" \/>\n<meta name=\"twitter:card\" content=\"summary_large_image\" \/>\n<meta name=\"twitter:label1\" content=\"Tahmini okuma s\u00fcresi\" \/>\n\t<meta name=\"twitter:data1\" content=\"4 dakika\" \/>\n<script type=\"application\/ld+json\" class=\"yoast-schema-graph\">{\"@context\":\"https:\/\/schema.org\",\"@graph\":[{\"@type\":\"WebPage\",\"@id\":\"https:\/\/frf20.com\/homepage\/services\/flyers\/\",\"url\":\"https:\/\/frf20.com\/homepage\/services\/flyers\/\",\"name\":\"Flyers - FRF20\",\"isPartOf\":{\"@id\":\"https:\/\/frf20.com\/#website\"},\"primaryImageOfPage\":{\"@id\":\"https:\/\/frf20.com\/homepage\/services\/flyers\/#primaryimage\"},\"image\":{\"@id\":\"https:\/\/frf20.com\/homepage\/services\/flyers\/#primaryimage\"},\"thumbnailUrl\":\"https:\/\/frf20.com\/wp-content\/uploads\/2020\/12\/FL201224A11-2.png\",\"datePublished\":\"2020-12-19T02:22:26+00:00\",\"dateModified\":\"2022-01-24T19:41:01+00:00\",\"breadcrumb\":{\"@id\":\"https:\/\/frf20.com\/homepage\/services\/flyers\/#breadcrumb\"},\"inLanguage\":\"tr\",\"potentialAction\":[{\"@type\":\"ReadAction\",\"target\":[\"https:\/\/frf20.com\/homepage\/services\/flyers\/\"]}]},{\"@type\":\"ImageObject\",\"inLanguage\":\"tr\",\"@id\":\"https:\/\/frf20.com\/homepage\/services\/flyers\/#primaryimage\",\"url\":\"https:\/\/frf20.com\/wp-content\/uploads\/2020\/12\/FL201224A11-2.png\",\"contentUrl\":\"https:\/\/frf20.com\/wp-content\/uploads\/2020\/12\/FL201224A11-2.png\",\"width\":448,\"height\":624},{\"@type\":\"BreadcrumbList\",\"@id\":\"https:\/\/frf20.com\/homepage\/services\/flyers\/#breadcrumb\",\"itemListElement\":[{\"@type\":\"ListItem\",\"position\":1,\"name\":\"Home\",\"item\":\"https:\/\/frf20.com\/\"},{\"@type\":\"ListItem\",\"position\":2,\"name\":\"Homepage\",\"item\":\"https:\/\/frf20.com\/\"},{\"@type\":\"ListItem\",\"position\":3,\"name\":\"Services\",\"item\":\"https:\/\/frf20.com\/homepage\/services\/\"},{\"@type\":\"ListItem\",\"position\":4,\"name\":\"Flyers\"}]},{\"@type\":\"WebSite\",\"@id\":\"https:\/\/frf20.com\/#website\",\"url\":\"https:\/\/frf20.com\/\",\"name\":\"FRF20\",\"description\":\"We have a lot of services like MicroJobs, Digital products, Online teaching and more\",\"publisher\":{\"@id\":\"https:\/\/frf20.com\/#organization\"},\"potentialAction\":[{\"@type\":\"SearchAction\",\"target\":{\"@type\":\"EntryPoint\",\"urlTemplate\":\"https:\/\/frf20.com\/?s={search_term_string}\"},\"query-input\":{\"@type\":\"PropertyValueSpecification\",\"valueRequired\":true,\"valueName\":\"search_term_string\"}}],\"inLanguage\":\"tr\"},{\"@type\":\"Organization\",\"@id\":\"https:\/\/frf20.com\/#organization\",\"name\":\"FRF20\",\"url\":\"https:\/\/frf20.com\/\",\"logo\":{\"@type\":\"ImageObject\",\"inLanguage\":\"tr\",\"@id\":\"https:\/\/frf20.com\/#\/schema\/logo\/image\/\",\"url\":\"https:\/\/frf20.com\/wp-content\/uploads\/2021\/09\/cropped-IMG_20210904_170613_457.png\",\"contentUrl\":\"https:\/\/frf20.com\/wp-content\/uploads\/2021\/09\/cropped-IMG_20210904_170613_457.png\",\"width\":1390,\"height\":1324,\"caption\":\"FRF20\"},\"image\":{\"@id\":\"https:\/\/frf20.com\/#\/schema\/logo\/image\/\"}}]}<\/script>\n<!-- \/ Yoast SEO Premium plugin. -->","yoast_head_json":{"title":"El ilanlar\u0131 - FRF20","robots":{"index":"index","follow":"follow","max-snippet":"max-snippet:-1","max-image-preview":"max-image-preview:large","max-video-preview":"max-video-preview:-1"},"canonical":"https:\/\/frf20.com\/tr\/homepage\/services\/flyers\/","og_locale":"tr_TR","og_type":"article","og_title":"Flyers","og_url":"https:\/\/frf20.com\/tr\/homepage\/services\/flyers\/","og_site_name":"FRF20","article_modified_time":"2022-01-24T19:41:01+00:00","og_image":[{"width":448,"height":624,"url":"https:\/\/frf20.com\/wp-content\/uploads\/2020\/12\/FL201224A11-2.png","type":"image\/png"}],"twitter_card":"summary_large_image","twitter_misc":{"Tahmini okuma s\u00fcresi":"4 dakika"},"schema":{"@context":"https:\/\/schema.org","@graph":[{"@type":"WebPage","@id":"https:\/\/frf20.com\/homepage\/services\/flyers\/","url":"https:\/\/frf20.com\/homepage\/services\/flyers\/","name":"El ilanlar\u0131 - FRF20","isPartOf":{"@id":"https:\/\/frf20.com\/#website"},"primaryImageOfPage":{"@id":"https:\/\/frf20.com\/homepage\/services\/flyers\/#primaryimage"},"image":{"@id":"https:\/\/frf20.com\/homepage\/services\/flyers\/#primaryimage"},"thumbnailUrl":"https:\/\/frf20.com\/wp-content\/uploads\/2020\/12\/FL201224A11-2.png","datePublished":"2020-12-19T02:22:26+00:00","dateModified":"2022-01-24T19:41:01+00:00","breadcrumb":{"@id":"https:\/\/frf20.com\/homepage\/services\/flyers\/#breadcrumb"},"inLanguage":"tr","potentialAction":[{"@type":"ReadAction","target":["https:\/\/frf20.com\/homepage\/services\/flyers\/"]}]},{"@type":"ImageObject","inLanguage":"tr","@id":"https:\/\/frf20.com\/homepage\/services\/flyers\/#primaryimage","url":"https:\/\/frf20.com\/wp-content\/uploads\/2020\/12\/FL201224A11-2.png","contentUrl":"https:\/\/frf20.com\/wp-content\/uploads\/2020\/12\/FL201224A11-2.png","width":448,"height":624},{"@type":"BreadcrumbList","@id":"https:\/\/frf20.com\/homepage\/services\/flyers\/#breadcrumb","itemListElement":[{"@type":"ListItem","position":1,"name":"Home","item":"https:\/\/frf20.com\/"},{"@type":"ListItem","position":2,"name":"Homepage","item":"https:\/\/frf20.com\/"},{"@type":"ListItem","position":3,"name":"Services","item":"https:\/\/frf20.com\/homepage\/services\/"},{"@type":"ListItem","position":4,"name":"Flyers"}]},{"@type":"WebSite","@id":"https:\/\/frf20.com\/#website","url":"https:\/\/frf20.com\/","name":"FRF20","description":"Mikro \u0130\u015fler, Dijital \u00fcr\u00fcnler, \u00c7evrimi\u00e7i \u00f6\u011fretim ve daha pek \u00e7ok hizmetimiz var","publisher":{"@id":"https:\/\/frf20.com\/#organization"},"potentialAction":[{"@type":"SearchAction","target":{"@type":"EntryPoint","urlTemplate":"https:\/\/frf20.com\/?s={search_term_string}"},"query-input":{"@type":"PropertyValueSpecification","valueRequired":true,"valueName":"search_term_string"}}],"inLanguage":"tr"},{"@type":"Organization","@id":"https:\/\/frf20.com\/#organization","name":"FRF20","url":"https:\/\/frf20.com\/","logo":{"@type":"ImageObject","inLanguage":"tr","@id":"https:\/\/frf20.com\/#\/schema\/logo\/image\/","url":"https:\/\/frf20.com\/wp-content\/uploads\/2021\/09\/cropped-IMG_20210904_170613_457.png","contentUrl":"https:\/\/frf20.com\/wp-content\/uploads\/2021\/09\/cropped-IMG_20210904_170613_457.png","width":1390,"height":1324,"caption":"FRF20"},"image":{"@id":"https:\/\/frf20.com\/#\/schema\/logo\/image\/"}}]}},"_links":{"self":[{"href":"https:\/\/frf20.com\/tr\/wp-json\/wp\/v2\/pages\/757"}],"collection":[{"href":"https:\/\/frf20.com\/tr\/wp-json\/wp\/v2\/pages"}],"about":[{"href":"https:\/\/frf20.com\/tr\/wp-json\/wp\/v2\/types\/page"}],"author":[{"embeddable":true,"href":"https:\/\/frf20.com\/tr\/wp-json\/wp\/v2\/users\/1"}],"replies":[{"embeddable":true,"href":"https:\/\/frf20.com\/tr\/wp-json\/wp\/v2\/comments?post=757"}],"version-history":[{"count":0,"href":"https:\/\/frf20.com\/tr\/wp-json\/wp\/v2\/pages\/757\/revisions"}],"up":[{"embeddable":true,"href":"https:\/\/frf20.com\/tr\/wp-json\/wp\/v2\/pages\/987"}],"wp:featuredmedia":[{"embeddable":true,"href":"https:\/\/frf20.com\/tr\/wp-json\/wp\/v2\/media\/2295"}],"wp:attachment":[{"href":"https:\/\/frf20.com\/tr\/wp-json\/wp\/v2\/media?parent=757"}],"curies":[{"name":"wp","href":"https:\/\/api.w.org\/{rel}","templated":true}]}}